{"id":196,"date":"2019-12-04T12:41:21","date_gmt":"2019-12-04T11:41:21","guid":{"rendered":"https:\/\/rel.sterkl.com\/?page_id=196"},"modified":"2020-08-03T17:06:50","modified_gmt":"2020-08-03T15:06:50","slug":"produkthaftpflicht","status":"publish","type":"page","link":"https:\/\/vrs-ssp.com\/de\/unsere-dienstleistungen\/haftpflichtschaeden\/produkthaftpflicht\/","title":{"rendered":"Produkthaftpflicht"},"content":{"rendered":"\n<h1 class=\"wp-block-heading\">Produkthaftpflicht<\/h1>\n\n\n\n<p><\/p>\n\n\n\n<hr class=\"wp-block-separator\"\/>\n\n\n<p>In dieser Sparte werden Sch\u00e4den von und an Produkten bewertet.<\/p>\n<p>Bei der Schadensbearbeitung werden f\u00fcr unsere Auftraggeber erg\u00e4nzend zur Ursachen- und Verursacherermittlung auch Kostenbewertungen erstellt.<\/p>\n<p>Nach entsprechender R\u00fccksprache mit dem Auftraggeber wird bei Bedarf die Ursachenermittlung durch unser hauseigenes Baustofflabor, das mechatronische Labor, die Statikabteilung oder auch externe Labors unterst\u00fctzt.<\/p>\n\n\n<div class=\"wp-block-buttons is-layout-flex wp-block-buttons-is-layout-flex\">\n<div class=\"wp-block-button\"><a class=\"wp-block-button__link\" href=\"https:\/\/vrs-ssp.com\/de\/unsere-dienstleistungen\/haftpflichtschaeden\/\">Zur\u00fcck zu Haftpflicht<\/a><\/div>\n<\/div>\n","protected":false},"excerpt":{"rendered":"<p>Produkthaftpflicht In dieser Sparte werden Sch\u00e4den von und an Produkten bewertet. Bei der Schadensbearbeitung werden f\u00fcr unsere Auftraggeber erg\u00e4nzend zur Ursachen- und Verursacherermittlung auch Kostenbewertungen erstellt. Nach entsprechender R\u00fccksprache mit dem Auftraggeber wird bei Bedarf die Ursachenermittlung durch unser hauseigenes Baustofflabor, das mechatronische Labor, die Statikabteilung oder auch externe Labors unterst\u00fctzt.<\/p>\n","protected":false},"author":1,"featured_media":0,"parent":2046,"menu_order":0,"comment_status":"closed","ping_status":"closed","template":"","meta":{"_acf_changed":false,"footnotes":""},"class_list":["post-196","page","type-page","status-publish","hentry"],"acf":[],"yoast_head":"<!-- This site is optimized with the Yoast SEO plugin v27.4 - https:\/\/yoast.com\/product\/yoast-seo-wordpress\/ -->\n<title>Produkthaftpflicht - DE-Sterkl<\/title>\n<meta name=\"robots\" content=\"index, follow, max-snippet:-1, max-image-preview:large, max-video-preview:-1\" \/>\n<link rel=\"canonical\" href=\"https:\/\/vrs-ssp.com\/de\/unsere-dienstleistungen\/haftpflichtschaeden\/produkthaftpflicht\/\" \/>\n<meta property=\"og:locale\" content=\"de_DE\" \/>\n<meta property=\"og:type\" content=\"article\" \/>\n<meta property=\"og:title\" content=\"Produkthaftpflicht - DE-Sterkl\" \/>\n<meta property=\"og:description\" content=\"Produkthaftpflicht In dieser Sparte werden Sch\u00e4den von und an Produkten bewertet. Bei der Schadensbearbeitung werden f\u00fcr unsere Auftraggeber erg\u00e4nzend zur Ursachen- und Verursacherermittlung auch Kostenbewertungen erstellt. Nach entsprechender R\u00fccksprache mit dem Auftraggeber wird bei Bedarf die Ursachenermittlung durch unser hauseigenes Baustofflabor, das mechatronische Labor, die Statikabteilung oder auch externe Labors unterst\u00fctzt.\" \/>\n<meta property=\"og:url\" content=\"https:\/\/vrs-ssp.com\/de\/unsere-dienstleistungen\/haftpflichtschaeden\/produkthaftpflicht\/\" \/>\n<meta property=\"og:site_name\" content=\"DE-Sterkl\" \/>\n<meta property=\"article:modified_time\" content=\"2020-08-03T15:06:50+00:00\" \/>\n<meta name=\"twitter:card\" content=\"summary_large_image\" \/>\n<script type=\"application\/ld+json\" class=\"yoast-schema-graph\">{\"@context\":\"https:\\\/\\\/schema.org\",\"@graph\":[{\"@type\":\"WebPage\",\"@id\":\"https:\\\/\\\/vrs-ssp.com\\\/de\\\/unsere-dienstleistungen\\\/haftpflichtschaeden\\\/produkthaftpflicht\\\/\",\"url\":\"https:\\\/\\\/vrs-ssp.com\\\/de\\\/unsere-dienstleistungen\\\/haftpflichtschaeden\\\/produkthaftpflicht\\\/\",\"name\":\"Produkthaftpflicht - DE-Sterkl\",\"isPartOf\":{\"@id\":\"https:\\\/\\\/vrs-ssp.com\\\/de\\\/#website\"},\"datePublished\":\"2019-12-04T11:41:21+00:00\",\"dateModified\":\"2020-08-03T15:06:50+00:00\",\"breadcrumb\":{\"@id\":\"https:\\\/\\\/vrs-ssp.com\\\/de\\\/unsere-dienstleistungen\\\/haftpflichtschaeden\\\/produkthaftpflicht\\\/#breadcrumb\"},\"inLanguage\":\"de\",\"potentialAction\":[{\"@type\":\"ReadAction\",\"target\":[\"https:\\\/\\\/vrs-ssp.com\\\/de\\\/unsere-dienstleistungen\\\/haftpflichtschaeden\\\/produkthaftpflicht\\\/\"]}]},{\"@type\":\"BreadcrumbList\",\"@id\":\"https:\\\/\\\/vrs-ssp.com\\\/de\\\/unsere-dienstleistungen\\\/haftpflichtschaeden\\\/produkthaftpflicht\\\/#breadcrumb\",\"itemListElement\":[{\"@type\":\"ListItem\",\"position\":1,\"name\":\"Startseite\",\"item\":\"https:\\\/\\\/vrs-ssp.com\\\/de\\\/\"},{\"@type\":\"ListItem\",\"position\":2,\"name\":\"Unsere Dienstleistungen\",\"item\":\"https:\\\/\\\/vrs-ssp.com\\\/de\\\/unsere-dienstleistungen\\\/\"},{\"@type\":\"ListItem\",\"position\":3,\"name\":\"Haftpflichtsch\u00e4den\",\"item\":\"https:\\\/\\\/vrs-ssp.com\\\/de\\\/unsere-dienstleistungen\\\/haftpflichtschaeden\\\/\"},{\"@type\":\"ListItem\",\"position\":4,\"name\":\"Produkthaftpflicht\"}]},{\"@type\":\"WebSite\",\"@id\":\"https:\\\/\\\/vrs-ssp.com\\\/de\\\/#website\",\"url\":\"https:\\\/\\\/vrs-ssp.com\\\/de\\\/\",\"name\":\"DE-Sterkl\",\"description\":\"Globale L\u00f6sungen. Lokale Expertise.\",\"potentialAction\":[{\"@type\":\"SearchAction\",\"target\":{\"@type\":\"EntryPoint\",\"urlTemplate\":\"https:\\\/\\\/vrs-ssp.com\\\/de\\\/?s={search_term_string}\"},\"query-input\":{\"@type\":\"PropertyValueSpecification\",\"valueRequired\":true,\"valueName\":\"search_term_string\"}}],\"inLanguage\":\"de\"}]}<\/script>\n<!-- \/ Yoast SEO plugin. -->","yoast_head_json":{"title":"Produkthaftpflicht - DE-Sterkl","robots":{"index":"index","follow":"follow","max-snippet":"max-snippet:-1","max-image-preview":"max-image-preview:large","max-video-preview":"max-video-preview:-1"},"canonical":"https:\/\/vrs-ssp.com\/de\/unsere-dienstleistungen\/haftpflichtschaeden\/produkthaftpflicht\/","og_locale":"de_DE","og_type":"article","og_title":"Produkthaftpflicht - DE-Sterkl","og_description":"Produkthaftpflicht In dieser Sparte werden Sch\u00e4den von und an Produkten bewertet. Bei der Schadensbearbeitung werden f\u00fcr unsere Auftraggeber erg\u00e4nzend zur Ursachen- und Verursacherermittlung auch Kostenbewertungen erstellt. Nach entsprechender R\u00fccksprache mit dem Auftraggeber wird bei Bedarf die Ursachenermittlung durch unser hauseigenes Baustofflabor, das mechatronische Labor, die Statikabteilung oder auch externe Labors unterst\u00fctzt.","og_url":"https:\/\/vrs-ssp.com\/de\/unsere-dienstleistungen\/haftpflichtschaeden\/produkthaftpflicht\/","og_site_name":"DE-Sterkl","article_modified_time":"2020-08-03T15:06:50+00:00","twitter_card":"summary_large_image","schema":{"@context":"https:\/\/schema.org","@graph":[{"@type":"WebPage","@id":"https:\/\/vrs-ssp.com\/de\/unsere-dienstleistungen\/haftpflichtschaeden\/produkthaftpflicht\/","url":"https:\/\/vrs-ssp.com\/de\/unsere-dienstleistungen\/haftpflichtschaeden\/produkthaftpflicht\/","name":"Produkthaftpflicht - DE-Sterkl","isPartOf":{"@id":"https:\/\/vrs-ssp.com\/de\/#website"},"datePublished":"2019-12-04T11:41:21+00:00","dateModified":"2020-08-03T15:06:50+00:00","breadcrumb":{"@id":"https:\/\/vrs-ssp.com\/de\/unsere-dienstleistungen\/haftpflichtschaeden\/produkthaftpflicht\/#breadcrumb"},"inLanguage":"de","potentialAction":[{"@type":"ReadAction","target":["https:\/\/vrs-ssp.com\/de\/unsere-dienstleistungen\/haftpflichtschaeden\/produkthaftpflicht\/"]}]},{"@type":"BreadcrumbList","@id":"https:\/\/vrs-ssp.com\/de\/unsere-dienstleistungen\/haftpflichtschaeden\/produkthaftpflicht\/#breadcrumb","itemListElement":[{"@type":"ListItem","position":1,"name":"Startseite","item":"https:\/\/vrs-ssp.com\/de\/"},{"@type":"ListItem","position":2,"name":"Unsere Dienstleistungen","item":"https:\/\/vrs-ssp.com\/de\/unsere-dienstleistungen\/"},{"@type":"ListItem","position":3,"name":"Haftpflichtsch\u00e4den","item":"https:\/\/vrs-ssp.com\/de\/unsere-dienstleistungen\/haftpflichtschaeden\/"},{"@type":"ListItem","position":4,"name":"Produkthaftpflicht"}]},{"@type":"WebSite","@id":"https:\/\/vrs-ssp.com\/de\/#website","url":"https:\/\/vrs-ssp.com\/de\/","name":"DE-Sterkl","description":"Globale L\u00f6sungen. Lokale Expertise.","potentialAction":[{"@type":"SearchAction","target":{"@type":"EntryPoint","urlTemplate":"https:\/\/vrs-ssp.com\/de\/?s={search_term_string}"},"query-input":{"@type":"PropertyValueSpecification","valueRequired":true,"valueName":"search_term_string"}}],"inLanguage":"de"}]}},"_links":{"self":[{"href":"https:\/\/vrs-ssp.com\/de\/wp-json\/wp\/v2\/pages\/196","targetHints":{"allow":["GET"]}}],"collection":[{"href":"https:\/\/vrs-ssp.com\/de\/wp-json\/wp\/v2\/pages"}],"about":[{"href":"https:\/\/vrs-ssp.com\/de\/wp-json\/wp\/v2\/types\/page"}],"author":[{"embeddable":true,"href":"https:\/\/vrs-ssp.com\/de\/wp-json\/wp\/v2\/users\/1"}],"replies":[{"embeddable":true,"href":"https:\/\/vrs-ssp.com\/de\/wp-json\/wp\/v2\/comments?post=196"}],"version-history":[{"count":7,"href":"https:\/\/vrs-ssp.com\/de\/wp-json\/wp\/v2\/pages\/196\/revisions"}],"predecessor-version":[{"id":2433,"href":"https:\/\/vrs-ssp.com\/de\/wp-json\/wp\/v2\/pages\/196\/revisions\/2433"}],"up":[{"embeddable":true,"href":"https:\/\/vrs-ssp.com\/de\/wp-json\/wp\/v2\/pages\/2046"}],"wp:attachment":[{"href":"https:\/\/vrs-ssp.com\/de\/wp-json\/wp\/v2\/media?parent=196"}],"curies":[{"name":"wp","href":"https:\/\/api.w.org\/{rel}","templated":true}]}}