{"id":198,"date":"2019-12-04T12:41:27","date_gmt":"2019-12-04T11:41:27","guid":{"rendered":"https:\/\/rel.sterkl.com\/?page_id=198"},"modified":"2020-08-20T12:21:17","modified_gmt":"2020-08-20T10:21:17","slug":"berufshaftpflicht","status":"publish","type":"page","link":"https:\/\/vrs-ssp.com\/de\/unsere-dienstleistungen\/haftpflichtschaeden\/berufshaftpflicht\/","title":{"rendered":"Berufshaftpflicht"},"content":{"rendered":"\n<h1 class=\"wp-block-heading\">Berufshaftpflicht<\/h1>\n\n\n\n<p><strong>Fehler passieren. Wenn sie jedoch in der Bauindustrie auftreten, bringen sie oft schwerwiegende Konsequenzen und komplexe Haftungsanspr\u00fcche mit sich. Wenn es um die Berufshaftung von Architekten, Statikern, Bauingenieuren, Planern, Planungsberatern usw. geht, ist unser Team von Schadensregulierern und Ingenieuren bereit, unsere Kunden w\u00e4hrend des gesamten Abwicklungsprozesses zu unterst\u00fctzen.<\/strong><\/p>\n\n\n\n<div style=\"height:30px\" aria-hidden=\"true\" class=\"wp-block-spacer\"><\/div>\n\n\n\n<div class=\"wp-block-columns is-layout-flex wp-container-core-columns-is-layout-9d6595d7 wp-block-columns-is-layout-flex\">\n<div class=\"wp-block-column is-layout-flow wp-block-column-is-layout-flow\">\n<div style=\"height:20px\" aria-hidden=\"true\" class=\"wp-block-spacer\"><\/div>\n\n\n\n<p>Unsere Leistungen sind flexibel auf die Bed\u00fcrfnisse des Kunden zugeschnitten und k\u00f6nnen von der alleinigen Ermittlung der Ursache und des Schadensverursachers ohne Kostenkalkulation bis zur umfassenden \u00dcberpr\u00fcfung der Projektpl\u00e4ne und -dokumentation zur Ermittlung des genauen Schadensausma\u00dfes und der Folgekosten reichen. Bei Bedarf wird die Ursachenermittlung auch von unserer hauseigenen Statikabteilung und dem Baustofflabor unterst\u00fctzt.<\/p>\n\n\n\n<div style=\"height:30px\" aria-hidden=\"true\" class=\"wp-block-spacer\"><\/div>\n\n\n\n<hr class=\"wp-block-separator is-style-wide\"\/>\n\n\n\n<div style=\"height:30px\" aria-hidden=\"true\" class=\"wp-block-spacer\"><\/div>\n\n\n\n<p>Dank unseres professionellen Teams und unserer \u00fcber <strong>35-j\u00e4hrigen<\/strong> Erfahrung k\u00f6nnen wir unsere Kunden auch bei besonders gro\u00dfen und komplexen Sch\u00e4den unterst\u00fctzen, sei es bei Wohnbauprojekten, Stadien, Br\u00fccken, Industrie- und Kraftwerken usw.<\/p>\n\n\n\n<p>Sie sind sich nicht sicher, wie wir Sie bei einem Berufshaftpflichtanspruch unterst\u00fctzen k\u00f6nnen? Bitte kontaktieren Sie uns, nennen Sie die Details und wir werden uns so schnell wie m\u00f6glich bei Ihnen melden.<\/p>\n\n\n\n<div class=\"wp-block-button\"><a class=\"wp-block-button__link\" href=\"https:\/\/vrs-ssp.com\/de\/unsere-dienstleistungen\/haftpflichtschaeden\/\">Zur\u00fcck zu Haftpflicht<\/a><\/div>\n<\/div>\n\n\n\n<div class=\"wp-block-column is-layout-flow wp-block-column-is-layout-flow\">\n<figure class=\"wp-block-image size-large\"><img loading=\"lazy\" decoding=\"async\" width=\"1000\" height=\"667\" src=\"https:\/\/vrs-ssp.com\/de\/wp-content\/uploads\/sites\/2\/2020\/02\/professional_liablity.jpeg\" alt=\"Professional Liability at Sterkl\" class=\"wp-image-503\" srcset=\"https:\/\/vrs-ssp.com\/de\/wp-content\/uploads\/sites\/2\/2020\/02\/professional_liablity.jpeg 1000w, https:\/\/vrs-ssp.com\/de\/wp-content\/uploads\/sites\/2\/2020\/02\/professional_liablity-300x200.jpeg 300w, https:\/\/vrs-ssp.com\/de\/wp-content\/uploads\/sites\/2\/2020\/02\/professional_liablity-768x512.jpeg 768w\" sizes=\"auto, (max-width: 1000px) 100vw, 1000px\" \/><\/figure>\n<\/div>\n<\/div>\n\n\n\n<p><\/p>\n","protected":false},"excerpt":{"rendered":"<p>Berufshaftpflicht Fehler passieren. Wenn sie jedoch in der Bauindustrie auftreten, bringen sie oft schwerwiegende Konsequenzen und komplexe Haftungsanspr\u00fcche mit sich. Wenn es um die Berufshaftung von Architekten, Statikern, Bauingenieuren, Planern, Planungsberatern usw. geht, ist unser Team von Schadensregulierern und Ingenieuren bereit, unsere Kunden w\u00e4hrend des gesamten Abwicklungsprozesses zu unterst\u00fctzen. Unsere Leistungen sind flexibel auf die [&hellip;]<\/p>\n","protected":false},"author":1,"featured_media":0,"parent":2046,"menu_order":0,"comment_status":"closed","ping_status":"closed","template":"","meta":{"_acf_changed":false,"footnotes":""},"class_list":["post-198","page","type-page","status-publish","hentry"],"acf":[],"yoast_head":"<!-- This site is optimized with the Yoast SEO plugin v27.4 - https:\/\/yoast.com\/product\/yoast-seo-wordpress\/ -->\n<title>Berufshaftpflicht |\u00a0we support our clients in the claim handling process<\/title>\n<meta name=\"description\" content=\"Mistakes happen. Whether it comes to professional liability our team is ready to support our clients all along the claim handling process.\" \/>\n<meta name=\"robots\" content=\"index, follow, max-snippet:-1, max-image-preview:large, max-video-preview:-1\" \/>\n<link rel=\"canonical\" href=\"https:\/\/vrs-ssp.com\/de\/unsere-dienstleistungen\/haftpflichtschaeden\/berufshaftpflicht\/\" \/>\n<meta property=\"og:locale\" content=\"de_DE\" \/>\n<meta property=\"og:type\" content=\"article\" \/>\n<meta property=\"og:title\" content=\"Berufshaftpflicht |\u00a0we support our clients in the claim handling process\" \/>\n<meta property=\"og:description\" content=\"Mistakes happen. Whether it comes to professional liability our team is ready to support our clients all along the claim handling process.\" \/>\n<meta property=\"og:url\" content=\"https:\/\/vrs-ssp.com\/de\/unsere-dienstleistungen\/haftpflichtschaeden\/berufshaftpflicht\/\" \/>\n<meta property=\"og:site_name\" content=\"DE-Sterkl\" \/>\n<meta property=\"article:modified_time\" content=\"2020-08-20T10:21:17+00:00\" \/>\n<meta property=\"og:image\" content=\"https:\/\/vrs-ssp.com\/de\/wp-content\/uploads\/sites\/2\/2020\/02\/professional_liablity.jpeg\" \/>\n<meta name=\"twitter:card\" content=\"summary_large_image\" \/>\n<meta name=\"twitter:label1\" content=\"Gesch\u00e4tzte Lesezeit\" \/>\n\t<meta name=\"twitter:data1\" content=\"1\u00a0Minute\" \/>\n<script type=\"application\/ld+json\" class=\"yoast-schema-graph\">{\"@context\":\"https:\\\/\\\/schema.org\",\"@graph\":[{\"@type\":\"WebPage\",\"@id\":\"https:\\\/\\\/vrs-ssp.com\\\/de\\\/unsere-dienstleistungen\\\/haftpflichtschaeden\\\/berufshaftpflicht\\\/\",\"url\":\"https:\\\/\\\/vrs-ssp.com\\\/de\\\/unsere-dienstleistungen\\\/haftpflichtschaeden\\\/berufshaftpflicht\\\/\",\"name\":\"Berufshaftpflicht |\u00a0we support our clients in the claim handling process\",\"isPartOf\":{\"@id\":\"https:\\\/\\\/vrs-ssp.com\\\/de\\\/#website\"},\"primaryImageOfPage\":{\"@id\":\"https:\\\/\\\/vrs-ssp.com\\\/de\\\/unsere-dienstleistungen\\\/haftpflichtschaeden\\\/berufshaftpflicht\\\/#primaryimage\"},\"image\":{\"@id\":\"https:\\\/\\\/vrs-ssp.com\\\/de\\\/unsere-dienstleistungen\\\/haftpflichtschaeden\\\/berufshaftpflicht\\\/#primaryimage\"},\"thumbnailUrl\":\"https:\\\/\\\/vrs-ssp.com\\\/de\\\/wp-content\\\/uploads\\\/sites\\\/2\\\/2020\\\/02\\\/professional_liablity.jpeg\",\"datePublished\":\"2019-12-04T11:41:27+00:00\",\"dateModified\":\"2020-08-20T10:21:17+00:00\",\"description\":\"Mistakes happen. Whether it comes to professional liability our team is ready to support our clients all along the claim handling process.\",\"breadcrumb\":{\"@id\":\"https:\\\/\\\/vrs-ssp.com\\\/de\\\/unsere-dienstleistungen\\\/haftpflichtschaeden\\\/berufshaftpflicht\\\/#breadcrumb\"},\"inLanguage\":\"de\",\"potentialAction\":[{\"@type\":\"ReadAction\",\"target\":[\"https:\\\/\\\/vrs-ssp.com\\\/de\\\/unsere-dienstleistungen\\\/haftpflichtschaeden\\\/berufshaftpflicht\\\/\"]}]},{\"@type\":\"ImageObject\",\"inLanguage\":\"de\",\"@id\":\"https:\\\/\\\/vrs-ssp.com\\\/de\\\/unsere-dienstleistungen\\\/haftpflichtschaeden\\\/berufshaftpflicht\\\/#primaryimage\",\"url\":\"https:\\\/\\\/vrs-ssp.com\\\/de\\\/wp-content\\\/uploads\\\/sites\\\/2\\\/2020\\\/02\\\/professional_liablity.jpeg\",\"contentUrl\":\"https:\\\/\\\/vrs-ssp.com\\\/de\\\/wp-content\\\/uploads\\\/sites\\\/2\\\/2020\\\/02\\\/professional_liablity.jpeg\",\"width\":1000,\"height\":667,\"caption\":\"Professional Liability at Sterkl\"},{\"@type\":\"BreadcrumbList\",\"@id\":\"https:\\\/\\\/vrs-ssp.com\\\/de\\\/unsere-dienstleistungen\\\/haftpflichtschaeden\\\/berufshaftpflicht\\\/#breadcrumb\",\"itemListElement\":[{\"@type\":\"ListItem\",\"position\":1,\"name\":\"Startseite\",\"item\":\"https:\\\/\\\/vrs-ssp.com\\\/de\\\/\"},{\"@type\":\"ListItem\",\"position\":2,\"name\":\"Unsere Dienstleistungen\",\"item\":\"https:\\\/\\\/vrs-ssp.com\\\/de\\\/unsere-dienstleistungen\\\/\"},{\"@type\":\"ListItem\",\"position\":3,\"name\":\"Haftpflichtsch\u00e4den\",\"item\":\"https:\\\/\\\/vrs-ssp.com\\\/de\\\/unsere-dienstleistungen\\\/haftpflichtschaeden\\\/\"},{\"@type\":\"ListItem\",\"position\":4,\"name\":\"Berufshaftpflicht\"}]},{\"@type\":\"WebSite\",\"@id\":\"https:\\\/\\\/vrs-ssp.com\\\/de\\\/#website\",\"url\":\"https:\\\/\\\/vrs-ssp.com\\\/de\\\/\",\"name\":\"DE-Sterkl\",\"description\":\"Globale L\u00f6sungen. Lokale Expertise.\",\"potentialAction\":[{\"@type\":\"SearchAction\",\"target\":{\"@type\":\"EntryPoint\",\"urlTemplate\":\"https:\\\/\\\/vrs-ssp.com\\\/de\\\/?s={search_term_string}\"},\"query-input\":{\"@type\":\"PropertyValueSpecification\",\"valueRequired\":true,\"valueName\":\"search_term_string\"}}],\"inLanguage\":\"de\"}]}<\/script>\n<!-- \/ Yoast SEO plugin. -->","yoast_head_json":{"title":"Berufshaftpflicht |\u00a0we support our clients in the claim handling process","description":"Mistakes happen. Whether it comes to professional liability our team is ready to support our clients all along the claim handling process.","robots":{"index":"index","follow":"follow","max-snippet":"max-snippet:-1","max-image-preview":"max-image-preview:large","max-video-preview":"max-video-preview:-1"},"canonical":"https:\/\/vrs-ssp.com\/de\/unsere-dienstleistungen\/haftpflichtschaeden\/berufshaftpflicht\/","og_locale":"de_DE","og_type":"article","og_title":"Berufshaftpflicht |\u00a0we support our clients in the claim handling process","og_description":"Mistakes happen. Whether it comes to professional liability our team is ready to support our clients all along the claim handling process.","og_url":"https:\/\/vrs-ssp.com\/de\/unsere-dienstleistungen\/haftpflichtschaeden\/berufshaftpflicht\/","og_site_name":"DE-Sterkl","article_modified_time":"2020-08-20T10:21:17+00:00","og_image":[{"url":"https:\/\/vrs-ssp.com\/de\/wp-content\/uploads\/sites\/2\/2020\/02\/professional_liablity.jpeg","type":"","width":"","height":""}],"twitter_card":"summary_large_image","twitter_misc":{"Gesch\u00e4tzte Lesezeit":"1\u00a0Minute"},"schema":{"@context":"https:\/\/schema.org","@graph":[{"@type":"WebPage","@id":"https:\/\/vrs-ssp.com\/de\/unsere-dienstleistungen\/haftpflichtschaeden\/berufshaftpflicht\/","url":"https:\/\/vrs-ssp.com\/de\/unsere-dienstleistungen\/haftpflichtschaeden\/berufshaftpflicht\/","name":"Berufshaftpflicht |\u00a0we support our clients in the claim handling process","isPartOf":{"@id":"https:\/\/vrs-ssp.com\/de\/#website"},"primaryImageOfPage":{"@id":"https:\/\/vrs-ssp.com\/de\/unsere-dienstleistungen\/haftpflichtschaeden\/berufshaftpflicht\/#primaryimage"},"image":{"@id":"https:\/\/vrs-ssp.com\/de\/unsere-dienstleistungen\/haftpflichtschaeden\/berufshaftpflicht\/#primaryimage"},"thumbnailUrl":"https:\/\/vrs-ssp.com\/de\/wp-content\/uploads\/sites\/2\/2020\/02\/professional_liablity.jpeg","datePublished":"2019-12-04T11:41:27+00:00","dateModified":"2020-08-20T10:21:17+00:00","description":"Mistakes happen. Whether it comes to professional liability our team is ready to support our clients all along the claim handling process.","breadcrumb":{"@id":"https:\/\/vrs-ssp.com\/de\/unsere-dienstleistungen\/haftpflichtschaeden\/berufshaftpflicht\/#breadcrumb"},"inLanguage":"de","potentialAction":[{"@type":"ReadAction","target":["https:\/\/vrs-ssp.com\/de\/unsere-dienstleistungen\/haftpflichtschaeden\/berufshaftpflicht\/"]}]},{"@type":"ImageObject","inLanguage":"de","@id":"https:\/\/vrs-ssp.com\/de\/unsere-dienstleistungen\/haftpflichtschaeden\/berufshaftpflicht\/#primaryimage","url":"https:\/\/vrs-ssp.com\/de\/wp-content\/uploads\/sites\/2\/2020\/02\/professional_liablity.jpeg","contentUrl":"https:\/\/vrs-ssp.com\/de\/wp-content\/uploads\/sites\/2\/2020\/02\/professional_liablity.jpeg","width":1000,"height":667,"caption":"Professional Liability at Sterkl"},{"@type":"BreadcrumbList","@id":"https:\/\/vrs-ssp.com\/de\/unsere-dienstleistungen\/haftpflichtschaeden\/berufshaftpflicht\/#breadcrumb","itemListElement":[{"@type":"ListItem","position":1,"name":"Startseite","item":"https:\/\/vrs-ssp.com\/de\/"},{"@type":"ListItem","position":2,"name":"Unsere Dienstleistungen","item":"https:\/\/vrs-ssp.com\/de\/unsere-dienstleistungen\/"},{"@type":"ListItem","position":3,"name":"Haftpflichtsch\u00e4den","item":"https:\/\/vrs-ssp.com\/de\/unsere-dienstleistungen\/haftpflichtschaeden\/"},{"@type":"ListItem","position":4,"name":"Berufshaftpflicht"}]},{"@type":"WebSite","@id":"https:\/\/vrs-ssp.com\/de\/#website","url":"https:\/\/vrs-ssp.com\/de\/","name":"DE-Sterkl","description":"Globale L\u00f6sungen. Lokale Expertise.","potentialAction":[{"@type":"SearchAction","target":{"@type":"EntryPoint","urlTemplate":"https:\/\/vrs-ssp.com\/de\/?s={search_term_string}"},"query-input":{"@type":"PropertyValueSpecification","valueRequired":true,"valueName":"search_term_string"}}],"inLanguage":"de"}]}},"_links":{"self":[{"href":"https:\/\/vrs-ssp.com\/de\/wp-json\/wp\/v2\/pages\/198","targetHints":{"allow":["GET"]}}],"collection":[{"href":"https:\/\/vrs-ssp.com\/de\/wp-json\/wp\/v2\/pages"}],"about":[{"href":"https:\/\/vrs-ssp.com\/de\/wp-json\/wp\/v2\/types\/page"}],"author":[{"embeddable":true,"href":"https:\/\/vrs-ssp.com\/de\/wp-json\/wp\/v2\/users\/1"}],"replies":[{"embeddable":true,"href":"https:\/\/vrs-ssp.com\/de\/wp-json\/wp\/v2\/comments?post=198"}],"version-history":[{"count":7,"href":"https:\/\/vrs-ssp.com\/de\/wp-json\/wp\/v2\/pages\/198\/revisions"}],"predecessor-version":[{"id":2431,"href":"https:\/\/vrs-ssp.com\/de\/wp-json\/wp\/v2\/pages\/198\/revisions\/2431"}],"up":[{"embeddable":true,"href":"https:\/\/vrs-ssp.com\/de\/wp-json\/wp\/v2\/pages\/2046"}],"wp:attachment":[{"href":"https:\/\/vrs-ssp.com\/de\/wp-json\/wp\/v2\/media?parent=198"}],"curies":[{"name":"wp","href":"https:\/\/api.w.org\/{rel}","templated":true}]}}