{"id":2046,"date":"2019-10-03T11:47:49","date_gmt":"2019-10-03T09:47:49","guid":{"rendered":"https:\/\/rel.sterkl.com\/solutions-services\/employers-liability\/"},"modified":"2020-08-19T10:17:20","modified_gmt":"2020-08-19T08:17:20","slug":"haftpflichtschaeden","status":"publish","type":"page","link":"https:\/\/vrs-ssp.com\/de\/unsere-dienstleistungen\/haftpflichtschaeden\/","title":{"rendered":"Haftpflichtsch\u00e4den"},"content":{"rendered":"\n<div style=\"height:30px\" aria-hidden=\"true\" class=\"wp-block-spacer\"><\/div>\n\n\n\n<h1 class=\"wp-block-heading\"><strong><strong>Haftpflicht<\/strong><\/strong>sch\u00e4den<\/h1>\n\n\n\n<p>Dank unserer umfassenden Erfahrung und engagierten Spezialistenteams haben wir die M\u00f6glichkeit, unsere Kunden bei der Bearbeitung von Haftpflichtanspr\u00fcchen in vielen Bereichen zu unterst\u00fctzen, sei es im industriellen, kommerziellen oder \u00f6ffentlichen Sektor.<\/p>\n\n\n\n<hr class=\"wp-block-separator is-style-wide\"\/>\n\n\n\n<div style=\"height:26px\" aria-hidden=\"true\" class=\"wp-block-spacer\"><\/div>\n\n\n\n<div class=\"wp-block-columns is-layout-flex wp-container-core-columns-is-layout-9d6595d7 wp-block-columns-is-layout-flex\">\n<div class=\"wp-block-column is-layout-flow wp-block-column-is-layout-flow\" style=\"flex-basis:33.33%\">\n<div style=\"height:20px\" aria-hidden=\"true\" class=\"wp-block-spacer\"><\/div>\n\n\n\n<p class=\"has-text-align-center has-very-dark-gray-color has-text-color\"><strong>Unsere Fachgebiete umfassen:<\/strong><\/p>\n\n\n\n<ul>\n<li style=\"list-style-type: none;\">\n<ul>\n<li>allgemeine Haftung<\/li>\n<li>betriebliche Haftung<\/li>\n<li>Produkthaftung<\/li>\n<li>berufliche Haftung<\/li>\n<li>Eigent\u00fcmerhaftung<\/li>\n<li>Verletzungen<\/li>\n<li>Prozessbegleitung<\/li>\n<li><span style=\"color: #000000;\">etc.<\/span><\/li>\n<\/ul>\n<\/li>\n<\/ul>\n<\/div>\n\n\n\n<div class=\"wp-block-column is-layout-flow wp-block-column-is-layout-flow\" style=\"flex-basis:66.66%\">\n<p>Wir sind stolz darauf, unseren Kunden umfassende und objektive Berichte zu liefern, die als zuverl\u00e4ssige Grundlage f\u00fcr die Bestimmung der Rechtm\u00e4\u00dfigkeit eines Haftungsanspruchs und f\u00fcr den folgenden Abwicklungsprozess dienen.<\/p>\n\n\n\n<p>Alle unsere Schadensregulierer haben fundierte Erfahrungen in ihren jeweiligen M\u00e4rkten. Da unsere lokalen Schadensregulierer auf ein internationales Team von Spezialisten zur\u00fcckgreifen, k\u00f6nnen wir nicht nur Haftpflichtsch\u00e4den, an denen Parteien aus mehreren L\u00e4ndern beteiligt sind, effizient bearbeiten, sondern ihre Zusammenarbeit erlaubt uns auch, verschiedene Facetten komplexer Sch\u00e4den gleichzeitig zu untersuchen.<\/p>\n\n\n\n<p>F\u00fcr unsere Kunden bedeutet dies auch, dass Informationen in einem einzigen Bericht zusammengefasst werden, in dem die Verbindungen zwischen den verschiedenen Facetten bereits dargestellt werden und der komplexe Fall in mehrere logische Verbindungen aufgegliedert wird. Es besteht f\u00fcr Sie daher keine Notwendigkeit auf mehrere unterschiedliche Quellen von verschiedenen Spezialisten und Schadensregulierern zur\u00fcckzugreifen. Das erm\u00f6glicht einen beweglicheren Abwicklungsprozess, der weniger Aufwand seitens unserer Kunden erfordert.<\/p>\n<\/div>\n<\/div>\n\n\n\n<hr class=\"wp-block-separator is-style-wide\"\/>\n\n\n\n<div style=\"height:26px\" aria-hidden=\"true\" class=\"wp-block-spacer\"><\/div>\n\n\n\n<div class=\"wp-block-columns is-layout-flex wp-container-core-columns-is-layout-9d6595d7 wp-block-columns-is-layout-flex\">\n<div class=\"wp-block-column is-layout-flow wp-block-column-is-layout-flow\">\n<p>Bitte lesen Sie weiter, um mehr \u00fcber unsere Erfahrungsbereiche bei Haftpflichtsch\u00e4den zu erfahren.<\/p>\n\n\n\n<div class=\"wp-block-columns is-layout-flex wp-container-core-columns-is-layout-9d6595d7 wp-block-columns-is-layout-flex\">\n<div class=\"wp-block-column is-layout-flow wp-block-column-is-layout-flow\">\n<div class=\"wp-block-buttons is-layout-flex wp-block-buttons-is-layout-flex\">\n<div class=\"wp-block-button\"><a class=\"wp-block-button__link\" href=\"https:\/\/vrs-ssp.com\/de\/unsere-dienstleistungen\/haftpflichtschaeden\/betriebshaftpflicht\/\">Betriebshaftpflicht<\/a><\/div>\n\n\n\n<div class=\"wp-block-button\"><a class=\"wp-block-button__link\" href=\"https:\/\/vrs-ssp.com\/de\/unsere-dienstleistungen\/haftpflichtschaeden\/berufshaftpflicht\/\">Berufshaftpflicht<\/a><\/div>\n\n\n\n<div class=\"wp-block-button\"><a class=\"wp-block-button__link\" href=\"https:\/\/vrs-ssp.com\/de\/unsere-dienstleistungen\/haftpflichtschaeden\/produkthaftpflicht\/\">Produkthaftpflicht<\/a><\/div>\n<\/div>\n<\/div>\n\n\n\n<div class=\"wp-block-column is-layout-flow wp-block-column-is-layout-flow\">\n<div class=\"wp-block-buttons is-layout-flex wp-block-buttons-is-layout-flex\">\n<div class=\"wp-block-button\"><a class=\"wp-block-button__link\" href=\"https:\/\/vrs-ssp.com\/de\/unsere-dienstleistungen\/\">Services<\/a><\/div>\n<\/div>\n<\/div>\n<\/div>\n<\/div>\n\n\n\n<div class=\"wp-block-column is-layout-flow wp-block-column-is-layout-flow\">\n<p>Um eine Forderung abzutreten oder zu erfragen, wie wir Sie bei der Bearbeitung von Haftungsf\u00e4llen unterst\u00fctzen k\u00f6nnen, wenden Sie sich bitte direkt an uns.<\/p>\n\n\n\n<div class=\"wp-block-columns is-layout-flex wp-container-core-columns-is-layout-9d6595d7 wp-block-columns-is-layout-flex\">\n<div class=\"wp-block-column is-layout-flow wp-block-column-is-layout-flow\"><\/div>\n\n\n\n<div class=\"wp-block-column is-layout-flow wp-block-column-is-layout-flow\">\n<div class=\"wp-block-buttons alignright is-layout-flex wp-block-buttons-is-layout-flex\">\n<div class=\"wp-block-button\"><a class=\"wp-block-button__link\" href=\"https:\/\/vrs-ssp.com\/de\/kontakt\/\">Kontakt<\/a><\/div>\n<\/div>\n<\/div>\n<\/div>\n<\/div>\n<\/div>\n","protected":false},"excerpt":{"rendered":"<p>Haftpflichtsch\u00e4den Dank unserer umfassenden Erfahrung und engagierten Spezialistenteams haben wir die M\u00f6glichkeit, unsere Kunden bei der Bearbeitung von Haftpflichtanspr\u00fcchen in vielen Bereichen zu unterst\u00fctzen, sei es im industriellen, kommerziellen oder \u00f6ffentlichen Sektor. Unsere Fachgebiete umfassen: allgemeine Haftung betriebliche Haftung Produkthaftung berufliche Haftung Eigent\u00fcmerhaftung Verletzungen Prozessbegleitung etc. Wir sind stolz darauf, unseren Kunden umfassende und objektive [&hellip;]<\/p>\n","protected":false},"author":1,"featured_media":0,"parent":2044,"menu_order":0,"comment_status":"closed","ping_status":"closed","template":"","meta":{"_acf_changed":false,"footnotes":""},"class_list":["post-2046","page","type-page","status-publish","hentry"],"acf":[],"yoast_head":"<!-- This site is optimized with the Yoast SEO plugin v27.4 - https:\/\/yoast.com\/product\/yoast-seo-wordpress\/ -->\n<title>Haftpflichtsch\u00e4den - DE-Sterkl<\/title>\n<meta name=\"robots\" content=\"index, follow, max-snippet:-1, max-image-preview:large, max-video-preview:-1\" \/>\n<link rel=\"canonical\" href=\"https:\/\/vrs-ssp.com\/de\/unsere-dienstleistungen\/haftpflichtschaeden\/\" \/>\n<meta property=\"og:locale\" content=\"de_DE\" \/>\n<meta property=\"og:type\" content=\"article\" \/>\n<meta property=\"og:title\" content=\"Haftpflichtsch\u00e4den - DE-Sterkl\" \/>\n<meta property=\"og:description\" content=\"Haftpflichtsch\u00e4den Dank unserer umfassenden Erfahrung und engagierten Spezialistenteams haben wir die M\u00f6glichkeit, unsere Kunden bei der Bearbeitung von Haftpflichtanspr\u00fcchen in vielen Bereichen zu unterst\u00fctzen, sei es im industriellen, kommerziellen oder \u00f6ffentlichen Sektor. Unsere Fachgebiete umfassen: allgemeine Haftung betriebliche Haftung Produkthaftung berufliche Haftung Eigent\u00fcmerhaftung Verletzungen Prozessbegleitung etc. Wir sind stolz darauf, unseren Kunden umfassende und objektive [&hellip;]\" \/>\n<meta property=\"og:url\" content=\"https:\/\/vrs-ssp.com\/de\/unsere-dienstleistungen\/haftpflichtschaeden\/\" \/>\n<meta property=\"og:site_name\" content=\"DE-Sterkl\" \/>\n<meta property=\"article:modified_time\" content=\"2020-08-19T08:17:20+00:00\" \/>\n<meta name=\"twitter:card\" content=\"summary_large_image\" \/>\n<meta name=\"twitter:label1\" content=\"Gesch\u00e4tzte Lesezeit\" \/>\n\t<meta name=\"twitter:data1\" content=\"1\u00a0Minute\" \/>\n<script type=\"application\/ld+json\" class=\"yoast-schema-graph\">{\"@context\":\"https:\\\/\\\/schema.org\",\"@graph\":[{\"@type\":\"WebPage\",\"@id\":\"https:\\\/\\\/vrs-ssp.com\\\/de\\\/unsere-dienstleistungen\\\/haftpflichtschaeden\\\/\",\"url\":\"https:\\\/\\\/vrs-ssp.com\\\/de\\\/unsere-dienstleistungen\\\/haftpflichtschaeden\\\/\",\"name\":\"Haftpflichtsch\u00e4den - DE-Sterkl\",\"isPartOf\":{\"@id\":\"https:\\\/\\\/vrs-ssp.com\\\/de\\\/#website\"},\"datePublished\":\"2019-10-03T09:47:49+00:00\",\"dateModified\":\"2020-08-19T08:17:20+00:00\",\"breadcrumb\":{\"@id\":\"https:\\\/\\\/vrs-ssp.com\\\/de\\\/unsere-dienstleistungen\\\/haftpflichtschaeden\\\/#breadcrumb\"},\"inLanguage\":\"de\",\"potentialAction\":[{\"@type\":\"ReadAction\",\"target\":[\"https:\\\/\\\/vrs-ssp.com\\\/de\\\/unsere-dienstleistungen\\\/haftpflichtschaeden\\\/\"]}]},{\"@type\":\"BreadcrumbList\",\"@id\":\"https:\\\/\\\/vrs-ssp.com\\\/de\\\/unsere-dienstleistungen\\\/haftpflichtschaeden\\\/#breadcrumb\",\"itemListElement\":[{\"@type\":\"ListItem\",\"position\":1,\"name\":\"Startseite\",\"item\":\"https:\\\/\\\/vrs-ssp.com\\\/de\\\/\"},{\"@type\":\"ListItem\",\"position\":2,\"name\":\"Unsere Dienstleistungen\",\"item\":\"https:\\\/\\\/vrs-ssp.com\\\/de\\\/unsere-dienstleistungen\\\/\"},{\"@type\":\"ListItem\",\"position\":3,\"name\":\"Haftpflichtsch\u00e4den\"}]},{\"@type\":\"WebSite\",\"@id\":\"https:\\\/\\\/vrs-ssp.com\\\/de\\\/#website\",\"url\":\"https:\\\/\\\/vrs-ssp.com\\\/de\\\/\",\"name\":\"DE-Sterkl\",\"description\":\"Globale L\u00f6sungen. Lokale Expertise.\",\"potentialAction\":[{\"@type\":\"SearchAction\",\"target\":{\"@type\":\"EntryPoint\",\"urlTemplate\":\"https:\\\/\\\/vrs-ssp.com\\\/de\\\/?s={search_term_string}\"},\"query-input\":{\"@type\":\"PropertyValueSpecification\",\"valueRequired\":true,\"valueName\":\"search_term_string\"}}],\"inLanguage\":\"de\"}]}<\/script>\n<!-- \/ Yoast SEO plugin. -->","yoast_head_json":{"title":"Haftpflichtsch\u00e4den - DE-Sterkl","robots":{"index":"index","follow":"follow","max-snippet":"max-snippet:-1","max-image-preview":"max-image-preview:large","max-video-preview":"max-video-preview:-1"},"canonical":"https:\/\/vrs-ssp.com\/de\/unsere-dienstleistungen\/haftpflichtschaeden\/","og_locale":"de_DE","og_type":"article","og_title":"Haftpflichtsch\u00e4den - DE-Sterkl","og_description":"Haftpflichtsch\u00e4den Dank unserer umfassenden Erfahrung und engagierten Spezialistenteams haben wir die M\u00f6glichkeit, unsere Kunden bei der Bearbeitung von Haftpflichtanspr\u00fcchen in vielen Bereichen zu unterst\u00fctzen, sei es im industriellen, kommerziellen oder \u00f6ffentlichen Sektor. Unsere Fachgebiete umfassen: allgemeine Haftung betriebliche Haftung Produkthaftung berufliche Haftung Eigent\u00fcmerhaftung Verletzungen Prozessbegleitung etc. Wir sind stolz darauf, unseren Kunden umfassende und objektive [&hellip;]","og_url":"https:\/\/vrs-ssp.com\/de\/unsere-dienstleistungen\/haftpflichtschaeden\/","og_site_name":"DE-Sterkl","article_modified_time":"2020-08-19T08:17:20+00:00","twitter_card":"summary_large_image","twitter_misc":{"Gesch\u00e4tzte Lesezeit":"1\u00a0Minute"},"schema":{"@context":"https:\/\/schema.org","@graph":[{"@type":"WebPage","@id":"https:\/\/vrs-ssp.com\/de\/unsere-dienstleistungen\/haftpflichtschaeden\/","url":"https:\/\/vrs-ssp.com\/de\/unsere-dienstleistungen\/haftpflichtschaeden\/","name":"Haftpflichtsch\u00e4den - DE-Sterkl","isPartOf":{"@id":"https:\/\/vrs-ssp.com\/de\/#website"},"datePublished":"2019-10-03T09:47:49+00:00","dateModified":"2020-08-19T08:17:20+00:00","breadcrumb":{"@id":"https:\/\/vrs-ssp.com\/de\/unsere-dienstleistungen\/haftpflichtschaeden\/#breadcrumb"},"inLanguage":"de","potentialAction":[{"@type":"ReadAction","target":["https:\/\/vrs-ssp.com\/de\/unsere-dienstleistungen\/haftpflichtschaeden\/"]}]},{"@type":"BreadcrumbList","@id":"https:\/\/vrs-ssp.com\/de\/unsere-dienstleistungen\/haftpflichtschaeden\/#breadcrumb","itemListElement":[{"@type":"ListItem","position":1,"name":"Startseite","item":"https:\/\/vrs-ssp.com\/de\/"},{"@type":"ListItem","position":2,"name":"Unsere Dienstleistungen","item":"https:\/\/vrs-ssp.com\/de\/unsere-dienstleistungen\/"},{"@type":"ListItem","position":3,"name":"Haftpflichtsch\u00e4den"}]},{"@type":"WebSite","@id":"https:\/\/vrs-ssp.com\/de\/#website","url":"https:\/\/vrs-ssp.com\/de\/","name":"DE-Sterkl","description":"Globale L\u00f6sungen. Lokale Expertise.","potentialAction":[{"@type":"SearchAction","target":{"@type":"EntryPoint","urlTemplate":"https:\/\/vrs-ssp.com\/de\/?s={search_term_string}"},"query-input":{"@type":"PropertyValueSpecification","valueRequired":true,"valueName":"search_term_string"}}],"inLanguage":"de"}]}},"_links":{"self":[{"href":"https:\/\/vrs-ssp.com\/de\/wp-json\/wp\/v2\/pages\/2046","targetHints":{"allow":["GET"]}}],"collection":[{"href":"https:\/\/vrs-ssp.com\/de\/wp-json\/wp\/v2\/pages"}],"about":[{"href":"https:\/\/vrs-ssp.com\/de\/wp-json\/wp\/v2\/types\/page"}],"author":[{"embeddable":true,"href":"https:\/\/vrs-ssp.com\/de\/wp-json\/wp\/v2\/users\/1"}],"replies":[{"embeddable":true,"href":"https:\/\/vrs-ssp.com\/de\/wp-json\/wp\/v2\/comments?post=2046"}],"version-history":[{"count":12,"href":"https:\/\/vrs-ssp.com\/de\/wp-json\/wp\/v2\/pages\/2046\/revisions"}],"predecessor-version":[{"id":2479,"href":"https:\/\/vrs-ssp.com\/de\/wp-json\/wp\/v2\/pages\/2046\/revisions\/2479"}],"up":[{"embeddable":true,"href":"https:\/\/vrs-ssp.com\/de\/wp-json\/wp\/v2\/pages\/2044"}],"wp:attachment":[{"href":"https:\/\/vrs-ssp.com\/de\/wp-json\/wp\/v2\/media?parent=2046"}],"curies":[{"name":"wp","href":"https:\/\/api.w.org\/{rel}","templated":true}]}}