{"id":205,"date":"2019-12-04T12:42:12","date_gmt":"2019-12-04T11:42:12","guid":{"rendered":"https:\/\/rel.sterkl.com\/?page_id=205"},"modified":"2020-08-19T10:19:01","modified_gmt":"2020-08-19T08:19:01","slug":"tga-technische-gebaeudeausruestung","status":"publish","type":"page","link":"https:\/\/vrs-ssp.com\/de\/unsere-dienstleistungen\/bauwesen-und-ingenieurwesen\/tga-technische-gebaeudeausruestung\/","title":{"rendered":"TGA &#8211; Technische Geb\u00e4udeausr\u00fcstung"},"content":{"rendered":"\n<h1 class=\"wp-block-heading\">T<strong>GA &#8211; <\/strong>T<strong>echnische Geb\u00e4udeausr\u00fcstung<\/strong><\/h1>\n\n\n\n<div class=\"wp-block-columns is-layout-flex wp-container-core-columns-is-layout-9d6595d7 wp-block-columns-is-layout-flex\">\n<div class=\"wp-block-column is-layout-flow wp-block-column-is-layout-flow\">\n<p><\/p>\n\n\n\n<p>\u201eWar es fr\u00fcher die offene Feuerstelle im Wohnzimmer, so ist es heute eine W\u00e4rmepumpenanlage mit Bauteilaktivierung und kontrollierter L\u00fcftungsanlage.\u201c Die technische Geb\u00e4udeausr\u00fcstung gewinnt immer mehr an Stellenwert.<\/p>\n\n\n\n<p>Egal ob Krankenhaus, Einkaufszentrum, Industrie oder Einfamilienhaus, wir sind Ihr kompetenter Ansprechpartner in allen Belangen der technischen Geb\u00e4udeausr\u00fcstung. Unser Angebot reicht von der ersten Studie, \u00fcber Planung und Ausschreibung bis hin zur Fachbauaufsicht und technischen Abnahme.<\/p>\n\n\n\n<p>Dadurch garantieren wir unseren Kunden Energie- und Kosteneffizienz, vor allem aber eine fachgerechte Ausf\u00fchrung.<\/p>\n\n\n\n<div class=\"wp-block-button\"><a class=\"wp-block-button__link\" href=\"https:\/\/vrs-ssp.com\/de\/unsere-dienstleistungen\/bauwesen-und-ingenieurwesen\/\"><strong>Bau- und Ingenieurwesen<\/strong><\/a><\/div>\n<\/div>\n\n\n\n<div class=\"wp-block-column is-vertically-aligned-center is-layout-flow wp-block-column-is-layout-flow\">\n<figure class=\"wp-block-image size-large is-style-default\"><img decoding=\"async\" src=\"https:\/\/vrs-ssp.com\/de\/wp-content\/uploads\/sites\/2\/2020\/03\/tbe.jpeg\" alt=\"Technical Building Services\" class=\"wp-image-786\"\/><\/figure>\n<\/div>\n<\/div>\n\n\n\n<div class=\"wp-block-group\"><div class=\"wp-block-group__inner-container is-layout-flow wp-block-group-is-layout-flow\">\n<p><\/p>\n<\/div><\/div>\n\n\n\n<div class=\"wp-block-group\"><div class=\"wp-block-group__inner-container is-layout-flow wp-block-group-is-layout-flow\">\n<div style=\"height:100px\" aria-hidden=\"true\" class=\"wp-block-spacer\"><\/div>\n<\/div><\/div>\n","protected":false},"excerpt":{"rendered":"<p>TGA &#8211; Technische Geb\u00e4udeausr\u00fcstung \u201eWar es fr\u00fcher die offene Feuerstelle im Wohnzimmer, so ist es heute eine W\u00e4rmepumpenanlage mit Bauteilaktivierung und kontrollierter L\u00fcftungsanlage.\u201c Die technische Geb\u00e4udeausr\u00fcstung gewinnt immer mehr an Stellenwert. Egal ob Krankenhaus, Einkaufszentrum, Industrie oder Einfamilienhaus, wir sind Ihr kompetenter Ansprechpartner in allen Belangen der technischen Geb\u00e4udeausr\u00fcstung. Unser Angebot reicht von der ersten [&hellip;]<\/p>\n","protected":false},"author":1,"featured_media":0,"parent":2071,"menu_order":0,"comment_status":"closed","ping_status":"closed","template":"","meta":{"_acf_changed":false,"footnotes":""},"class_list":["post-205","page","type-page","status-publish","hentry"],"acf":[],"yoast_head":"<!-- This site is optimized with the Yoast SEO plugin v27.4 - https:\/\/yoast.com\/product\/yoast-seo-wordpress\/ -->\n<title>TGA - Technische Geb\u00e4udeausr\u00fcstung - DE-Sterkl<\/title>\n<meta name=\"robots\" content=\"index, follow, max-snippet:-1, max-image-preview:large, max-video-preview:-1\" \/>\n<link rel=\"canonical\" href=\"https:\/\/vrs-ssp.com\/de\/unsere-dienstleistungen\/bauwesen-und-ingenieurwesen\/tga-technische-gebaeudeausruestung\/\" \/>\n<meta property=\"og:locale\" content=\"de_DE\" \/>\n<meta property=\"og:type\" content=\"article\" \/>\n<meta property=\"og:title\" content=\"TGA - Technische Geb\u00e4udeausr\u00fcstung - DE-Sterkl\" \/>\n<meta property=\"og:description\" content=\"TGA &#8211; Technische Geb\u00e4udeausr\u00fcstung \u201eWar es fr\u00fcher die offene Feuerstelle im Wohnzimmer, so ist es heute eine W\u00e4rmepumpenanlage mit Bauteilaktivierung und kontrollierter L\u00fcftungsanlage.\u201c Die technische Geb\u00e4udeausr\u00fcstung gewinnt immer mehr an Stellenwert. Egal ob Krankenhaus, Einkaufszentrum, Industrie oder Einfamilienhaus, wir sind Ihr kompetenter Ansprechpartner in allen Belangen der technischen Geb\u00e4udeausr\u00fcstung. Unser Angebot reicht von der ersten [&hellip;]\" \/>\n<meta property=\"og:url\" content=\"https:\/\/vrs-ssp.com\/de\/unsere-dienstleistungen\/bauwesen-und-ingenieurwesen\/tga-technische-gebaeudeausruestung\/\" \/>\n<meta property=\"og:site_name\" content=\"DE-Sterkl\" \/>\n<meta property=\"article:modified_time\" content=\"2020-08-19T08:19:01+00:00\" \/>\n<meta property=\"og:image\" content=\"https:\/\/vrs-ssp.com\/de\/wp-content\/uploads\/sites\/2\/2020\/03\/tbe.jpeg\" \/>\n<meta name=\"twitter:card\" content=\"summary_large_image\" \/>\n<script type=\"application\/ld+json\" class=\"yoast-schema-graph\">{\"@context\":\"https:\\\/\\\/schema.org\",\"@graph\":[{\"@type\":\"WebPage\",\"@id\":\"https:\\\/\\\/vrs-ssp.com\\\/de\\\/unsere-dienstleistungen\\\/bauwesen-und-ingenieurwesen\\\/tga-technische-gebaeudeausruestung\\\/\",\"url\":\"https:\\\/\\\/vrs-ssp.com\\\/de\\\/unsere-dienstleistungen\\\/bauwesen-und-ingenieurwesen\\\/tga-technische-gebaeudeausruestung\\\/\",\"name\":\"TGA - Technische Geb\u00e4udeausr\u00fcstung - DE-Sterkl\",\"isPartOf\":{\"@id\":\"https:\\\/\\\/vrs-ssp.com\\\/de\\\/#website\"},\"primaryImageOfPage\":{\"@id\":\"https:\\\/\\\/vrs-ssp.com\\\/de\\\/unsere-dienstleistungen\\\/bauwesen-und-ingenieurwesen\\\/tga-technische-gebaeudeausruestung\\\/#primaryimage\"},\"image\":{\"@id\":\"https:\\\/\\\/vrs-ssp.com\\\/de\\\/unsere-dienstleistungen\\\/bauwesen-und-ingenieurwesen\\\/tga-technische-gebaeudeausruestung\\\/#primaryimage\"},\"thumbnailUrl\":\"https:\\\/\\\/vrs-ssp.com\\\/de\\\/wp-content\\\/uploads\\\/sites\\\/2\\\/2020\\\/03\\\/tbe.jpeg\",\"datePublished\":\"2019-12-04T11:42:12+00:00\",\"dateModified\":\"2020-08-19T08:19:01+00:00\",\"breadcrumb\":{\"@id\":\"https:\\\/\\\/vrs-ssp.com\\\/de\\\/unsere-dienstleistungen\\\/bauwesen-und-ingenieurwesen\\\/tga-technische-gebaeudeausruestung\\\/#breadcrumb\"},\"inLanguage\":\"de\",\"potentialAction\":[{\"@type\":\"ReadAction\",\"target\":[\"https:\\\/\\\/vrs-ssp.com\\\/de\\\/unsere-dienstleistungen\\\/bauwesen-und-ingenieurwesen\\\/tga-technische-gebaeudeausruestung\\\/\"]}]},{\"@type\":\"ImageObject\",\"inLanguage\":\"de\",\"@id\":\"https:\\\/\\\/vrs-ssp.com\\\/de\\\/unsere-dienstleistungen\\\/bauwesen-und-ingenieurwesen\\\/tga-technische-gebaeudeausruestung\\\/#primaryimage\",\"url\":\"https:\\\/\\\/vrs-ssp.com\\\/de\\\/wp-content\\\/uploads\\\/sites\\\/2\\\/2020\\\/03\\\/tbe.jpeg\",\"contentUrl\":\"https:\\\/\\\/vrs-ssp.com\\\/de\\\/wp-content\\\/uploads\\\/sites\\\/2\\\/2020\\\/03\\\/tbe.jpeg\",\"width\":1000,\"height\":667,\"caption\":\"Technical Building Services\"},{\"@type\":\"BreadcrumbList\",\"@id\":\"https:\\\/\\\/vrs-ssp.com\\\/de\\\/unsere-dienstleistungen\\\/bauwesen-und-ingenieurwesen\\\/tga-technische-gebaeudeausruestung\\\/#breadcrumb\",\"itemListElement\":[{\"@type\":\"ListItem\",\"position\":1,\"name\":\"Startseite\",\"item\":\"https:\\\/\\\/vrs-ssp.com\\\/de\\\/\"},{\"@type\":\"ListItem\",\"position\":2,\"name\":\"Unsere Dienstleistungen\",\"item\":\"https:\\\/\\\/vrs-ssp.com\\\/de\\\/unsere-dienstleistungen\\\/\"},{\"@type\":\"ListItem\",\"position\":3,\"name\":\"Bauwesen und Engineering\",\"item\":\"https:\\\/\\\/vrs-ssp.com\\\/de\\\/unsere-dienstleistungen\\\/bauwesen-und-ingenieurwesen\\\/\"},{\"@type\":\"ListItem\",\"position\":4,\"name\":\"TGA &#8211; Technische Geb\u00e4udeausr\u00fcstung\"}]},{\"@type\":\"WebSite\",\"@id\":\"https:\\\/\\\/vrs-ssp.com\\\/de\\\/#website\",\"url\":\"https:\\\/\\\/vrs-ssp.com\\\/de\\\/\",\"name\":\"DE-Sterkl\",\"description\":\"Globale L\u00f6sungen. Lokale Expertise.\",\"potentialAction\":[{\"@type\":\"SearchAction\",\"target\":{\"@type\":\"EntryPoint\",\"urlTemplate\":\"https:\\\/\\\/vrs-ssp.com\\\/de\\\/?s={search_term_string}\"},\"query-input\":{\"@type\":\"PropertyValueSpecification\",\"valueRequired\":true,\"valueName\":\"search_term_string\"}}],\"inLanguage\":\"de\"}]}<\/script>\n<!-- \/ Yoast SEO plugin. -->","yoast_head_json":{"title":"TGA - Technische Geb\u00e4udeausr\u00fcstung - DE-Sterkl","robots":{"index":"index","follow":"follow","max-snippet":"max-snippet:-1","max-image-preview":"max-image-preview:large","max-video-preview":"max-video-preview:-1"},"canonical":"https:\/\/vrs-ssp.com\/de\/unsere-dienstleistungen\/bauwesen-und-ingenieurwesen\/tga-technische-gebaeudeausruestung\/","og_locale":"de_DE","og_type":"article","og_title":"TGA - Technische Geb\u00e4udeausr\u00fcstung - DE-Sterkl","og_description":"TGA &#8211; Technische Geb\u00e4udeausr\u00fcstung \u201eWar es fr\u00fcher die offene Feuerstelle im Wohnzimmer, so ist es heute eine W\u00e4rmepumpenanlage mit Bauteilaktivierung und kontrollierter L\u00fcftungsanlage.\u201c Die technische Geb\u00e4udeausr\u00fcstung gewinnt immer mehr an Stellenwert. Egal ob Krankenhaus, Einkaufszentrum, Industrie oder Einfamilienhaus, wir sind Ihr kompetenter Ansprechpartner in allen Belangen der technischen Geb\u00e4udeausr\u00fcstung. Unser Angebot reicht von der ersten [&hellip;]","og_url":"https:\/\/vrs-ssp.com\/de\/unsere-dienstleistungen\/bauwesen-und-ingenieurwesen\/tga-technische-gebaeudeausruestung\/","og_site_name":"DE-Sterkl","article_modified_time":"2020-08-19T08:19:01+00:00","og_image":[{"url":"https:\/\/vrs-ssp.com\/de\/wp-content\/uploads\/sites\/2\/2020\/03\/tbe.jpeg","type":"","width":"","height":""}],"twitter_card":"summary_large_image","schema":{"@context":"https:\/\/schema.org","@graph":[{"@type":"WebPage","@id":"https:\/\/vrs-ssp.com\/de\/unsere-dienstleistungen\/bauwesen-und-ingenieurwesen\/tga-technische-gebaeudeausruestung\/","url":"https:\/\/vrs-ssp.com\/de\/unsere-dienstleistungen\/bauwesen-und-ingenieurwesen\/tga-technische-gebaeudeausruestung\/","name":"TGA - Technische Geb\u00e4udeausr\u00fcstung - DE-Sterkl","isPartOf":{"@id":"https:\/\/vrs-ssp.com\/de\/#website"},"primaryImageOfPage":{"@id":"https:\/\/vrs-ssp.com\/de\/unsere-dienstleistungen\/bauwesen-und-ingenieurwesen\/tga-technische-gebaeudeausruestung\/#primaryimage"},"image":{"@id":"https:\/\/vrs-ssp.com\/de\/unsere-dienstleistungen\/bauwesen-und-ingenieurwesen\/tga-technische-gebaeudeausruestung\/#primaryimage"},"thumbnailUrl":"https:\/\/vrs-ssp.com\/de\/wp-content\/uploads\/sites\/2\/2020\/03\/tbe.jpeg","datePublished":"2019-12-04T11:42:12+00:00","dateModified":"2020-08-19T08:19:01+00:00","breadcrumb":{"@id":"https:\/\/vrs-ssp.com\/de\/unsere-dienstleistungen\/bauwesen-und-ingenieurwesen\/tga-technische-gebaeudeausruestung\/#breadcrumb"},"inLanguage":"de","potentialAction":[{"@type":"ReadAction","target":["https:\/\/vrs-ssp.com\/de\/unsere-dienstleistungen\/bauwesen-und-ingenieurwesen\/tga-technische-gebaeudeausruestung\/"]}]},{"@type":"ImageObject","inLanguage":"de","@id":"https:\/\/vrs-ssp.com\/de\/unsere-dienstleistungen\/bauwesen-und-ingenieurwesen\/tga-technische-gebaeudeausruestung\/#primaryimage","url":"https:\/\/vrs-ssp.com\/de\/wp-content\/uploads\/sites\/2\/2020\/03\/tbe.jpeg","contentUrl":"https:\/\/vrs-ssp.com\/de\/wp-content\/uploads\/sites\/2\/2020\/03\/tbe.jpeg","width":1000,"height":667,"caption":"Technical Building Services"},{"@type":"BreadcrumbList","@id":"https:\/\/vrs-ssp.com\/de\/unsere-dienstleistungen\/bauwesen-und-ingenieurwesen\/tga-technische-gebaeudeausruestung\/#breadcrumb","itemListElement":[{"@type":"ListItem","position":1,"name":"Startseite","item":"https:\/\/vrs-ssp.com\/de\/"},{"@type":"ListItem","position":2,"name":"Unsere Dienstleistungen","item":"https:\/\/vrs-ssp.com\/de\/unsere-dienstleistungen\/"},{"@type":"ListItem","position":3,"name":"Bauwesen und Engineering","item":"https:\/\/vrs-ssp.com\/de\/unsere-dienstleistungen\/bauwesen-und-ingenieurwesen\/"},{"@type":"ListItem","position":4,"name":"TGA &#8211; Technische Geb\u00e4udeausr\u00fcstung"}]},{"@type":"WebSite","@id":"https:\/\/vrs-ssp.com\/de\/#website","url":"https:\/\/vrs-ssp.com\/de\/","name":"DE-Sterkl","description":"Globale L\u00f6sungen. Lokale Expertise.","potentialAction":[{"@type":"SearchAction","target":{"@type":"EntryPoint","urlTemplate":"https:\/\/vrs-ssp.com\/de\/?s={search_term_string}"},"query-input":{"@type":"PropertyValueSpecification","valueRequired":true,"valueName":"search_term_string"}}],"inLanguage":"de"}]}},"_links":{"self":[{"href":"https:\/\/vrs-ssp.com\/de\/wp-json\/wp\/v2\/pages\/205","targetHints":{"allow":["GET"]}}],"collection":[{"href":"https:\/\/vrs-ssp.com\/de\/wp-json\/wp\/v2\/pages"}],"about":[{"href":"https:\/\/vrs-ssp.com\/de\/wp-json\/wp\/v2\/types\/page"}],"author":[{"embeddable":true,"href":"https:\/\/vrs-ssp.com\/de\/wp-json\/wp\/v2\/users\/1"}],"replies":[{"embeddable":true,"href":"https:\/\/vrs-ssp.com\/de\/wp-json\/wp\/v2\/comments?post=205"}],"version-history":[{"count":7,"href":"https:\/\/vrs-ssp.com\/de\/wp-json\/wp\/v2\/pages\/205\/revisions"}],"predecessor-version":[{"id":2480,"href":"https:\/\/vrs-ssp.com\/de\/wp-json\/wp\/v2\/pages\/205\/revisions\/2480"}],"up":[{"embeddable":true,"href":"https:\/\/vrs-ssp.com\/de\/wp-json\/wp\/v2\/pages\/2071"}],"wp:attachment":[{"href":"https:\/\/vrs-ssp.com\/de\/wp-json\/wp\/v2\/media?parent=205"}],"curies":[{"name":"wp","href":"https:\/\/api.w.org\/{rel}","templated":true}]}}