{"id":2050,"date":"2019-10-03T11:47:49","date_gmt":"2019-10-03T11:47:49","guid":{"rendered":"https:\/\/rel.sterkl.com\/solutions-services\/property\/loss-adjusting\/"},"modified":"2020-08-03T17:15:56","modified_gmt":"2020-08-03T15:15:56","slug":"loss-adjusting","status":"publish","type":"page","link":"https:\/\/vrs-ssp.com\/de\/unsere-dienstleistungen\/sachschaden\/loss-adjusting\/","title":{"rendered":"Loss Adjusting"},"content":{"rendered":"\n<h1 class=\"wp-block-heading\">Loss Adjusting<\/h1>\n\n\n<div class=\"span20\">\n<p>Loss Adjusting ist die Abwicklung von Versicherungssch\u00e4den im Elementar- und Haftpflichtbereich in Abstimmung mit den Gesch\u00e4digten und den Versicherern. Unabh\u00e4ngig von der Gr\u00f6\u00dfe des jeweiligen Schadens wird auf spezielle Erfordernisse bei der Liquidation, wie Berechnung der Dauer und H\u00f6he einer Betriebsunterbrechung, Bewertung von vorzunehmenden Verbesserungen aufgrund beh\u00f6rdlicher Vorschriften und statische Berechnungen, R\u00fccksicht genommen. Exakte \u00dcberpr\u00fcfungen des jeweiligen Schadenherganges er\u00f6ffnen dem Versicherer Regressm\u00f6glichkeiten.<\/p>\n<\/div>\n<div class=\"span20\">\n<p>Bei Vorlage der jeweiligen Versicherungsbedingungen und besonderen Vereinbarungen werden auf Wunsch Deckungspr\u00fcfungen vorgenommen. Bei Bedarf werden mit den Gesch\u00e4digten bzw. Versicherungsnehmern die Modalit\u00e4ten \u00fcber die Abwicklung des Schadens er\u00f6rtert und dem Versicherer wird diesbez\u00fcglich ein Konzept zur Verf\u00fcgung gestellt.<\/p>\n<\/div>\n\n\n<div class=\"wp-block-buttons is-layout-flex wp-block-buttons-is-layout-flex\">\n<div class=\"wp-block-button\"><a class=\"wp-block-button__link\" href=\"https:\/\/vrs-ssp.com\/de\/unsere-dienstleistungen\/sachschaden\/\"><strong>Zur\u00fcck zu <strong>Sachsch\u00e4den<\/strong><\/strong><\/a><\/div>\n<\/div>\n","protected":false},"excerpt":{"rendered":"<p>Loss Adjusting Loss Adjusting ist die Abwicklung von Versicherungssch\u00e4den im Elementar- und Haftpflichtbereich in Abstimmung mit den Gesch\u00e4digten und den Versicherern. Unabh\u00e4ngig von der Gr\u00f6\u00dfe des jeweiligen Schadens wird auf spezielle Erfordernisse bei der Liquidation, wie Berechnung der Dauer und H\u00f6he einer Betriebsunterbrechung, Bewertung von vorzunehmenden Verbesserungen aufgrund beh\u00f6rdlicher Vorschriften und statische Berechnungen, R\u00fccksicht genommen. [&hellip;]<\/p>\n","protected":false},"author":1,"featured_media":0,"parent":2048,"menu_order":0,"comment_status":"closed","ping_status":"closed","template":"","meta":{"_acf_changed":false,"footnotes":""},"class_list":["post-2050","page","type-page","status-publish","hentry"],"acf":[],"yoast_head":"<!-- This site is optimized with the Yoast SEO plugin v27.4 - https:\/\/yoast.com\/product\/yoast-seo-wordpress\/ -->\n<title>Loss Adjusting - DE-Sterkl<\/title>\n<meta name=\"robots\" content=\"index, follow, max-snippet:-1, max-image-preview:large, max-video-preview:-1\" \/>\n<link rel=\"canonical\" href=\"https:\/\/vrs-ssp.com\/de\/unsere-dienstleistungen\/sachschaden\/loss-adjusting\/\" \/>\n<meta property=\"og:locale\" content=\"de_DE\" \/>\n<meta property=\"og:type\" content=\"article\" \/>\n<meta property=\"og:title\" content=\"Loss Adjusting - DE-Sterkl\" \/>\n<meta property=\"og:description\" content=\"Loss Adjusting Loss Adjusting ist die Abwicklung von Versicherungssch\u00e4den im Elementar- und Haftpflichtbereich in Abstimmung mit den Gesch\u00e4digten und den Versicherern. Unabh\u00e4ngig von der Gr\u00f6\u00dfe des jeweiligen Schadens wird auf spezielle Erfordernisse bei der Liquidation, wie Berechnung der Dauer und H\u00f6he einer Betriebsunterbrechung, Bewertung von vorzunehmenden Verbesserungen aufgrund beh\u00f6rdlicher Vorschriften und statische Berechnungen, R\u00fccksicht genommen. [&hellip;]\" \/>\n<meta property=\"og:url\" content=\"https:\/\/vrs-ssp.com\/de\/unsere-dienstleistungen\/sachschaden\/loss-adjusting\/\" \/>\n<meta property=\"og:site_name\" content=\"DE-Sterkl\" \/>\n<meta property=\"article:modified_time\" content=\"2020-08-03T15:15:56+00:00\" \/>\n<meta name=\"twitter:card\" content=\"summary_large_image\" \/>\n<meta name=\"twitter:label1\" content=\"Gesch\u00e4tzte Lesezeit\" \/>\n\t<meta name=\"twitter:data1\" content=\"1\u00a0Minute\" \/>\n<script type=\"application\/ld+json\" class=\"yoast-schema-graph\">{\"@context\":\"https:\\\/\\\/schema.org\",\"@graph\":[{\"@type\":\"WebPage\",\"@id\":\"https:\\\/\\\/vrs-ssp.com\\\/de\\\/unsere-dienstleistungen\\\/sachschaden\\\/loss-adjusting\\\/\",\"url\":\"https:\\\/\\\/vrs-ssp.com\\\/de\\\/unsere-dienstleistungen\\\/sachschaden\\\/loss-adjusting\\\/\",\"name\":\"Loss Adjusting - DE-Sterkl\",\"isPartOf\":{\"@id\":\"https:\\\/\\\/vrs-ssp.com\\\/de\\\/#website\"},\"datePublished\":\"2019-10-03T11:47:49+00:00\",\"dateModified\":\"2020-08-03T15:15:56+00:00\",\"breadcrumb\":{\"@id\":\"https:\\\/\\\/vrs-ssp.com\\\/de\\\/unsere-dienstleistungen\\\/sachschaden\\\/loss-adjusting\\\/#breadcrumb\"},\"inLanguage\":\"de\",\"potentialAction\":[{\"@type\":\"ReadAction\",\"target\":[\"https:\\\/\\\/vrs-ssp.com\\\/de\\\/unsere-dienstleistungen\\\/sachschaden\\\/loss-adjusting\\\/\"]}]},{\"@type\":\"BreadcrumbList\",\"@id\":\"https:\\\/\\\/vrs-ssp.com\\\/de\\\/unsere-dienstleistungen\\\/sachschaden\\\/loss-adjusting\\\/#breadcrumb\",\"itemListElement\":[{\"@type\":\"ListItem\",\"position\":1,\"name\":\"Startseite\",\"item\":\"https:\\\/\\\/vrs-ssp.com\\\/de\\\/\"},{\"@type\":\"ListItem\",\"position\":2,\"name\":\"Unsere Dienstleistungen\",\"item\":\"https:\\\/\\\/vrs-ssp.com\\\/de\\\/unsere-dienstleistungen\\\/\"},{\"@type\":\"ListItem\",\"position\":3,\"name\":\"Sachsch\u00e4den\",\"item\":\"https:\\\/\\\/vrs-ssp.com\\\/de\\\/unsere-dienstleistungen\\\/sachschaden\\\/\"},{\"@type\":\"ListItem\",\"position\":4,\"name\":\"Loss Adjusting\"}]},{\"@type\":\"WebSite\",\"@id\":\"https:\\\/\\\/vrs-ssp.com\\\/de\\\/#website\",\"url\":\"https:\\\/\\\/vrs-ssp.com\\\/de\\\/\",\"name\":\"DE-Sterkl\",\"description\":\"Globale L\u00f6sungen. Lokale Expertise.\",\"potentialAction\":[{\"@type\":\"SearchAction\",\"target\":{\"@type\":\"EntryPoint\",\"urlTemplate\":\"https:\\\/\\\/vrs-ssp.com\\\/de\\\/?s={search_term_string}\"},\"query-input\":{\"@type\":\"PropertyValueSpecification\",\"valueRequired\":true,\"valueName\":\"search_term_string\"}}],\"inLanguage\":\"de\"}]}<\/script>\n<!-- \/ Yoast SEO plugin. -->","yoast_head_json":{"title":"Loss Adjusting - DE-Sterkl","robots":{"index":"index","follow":"follow","max-snippet":"max-snippet:-1","max-image-preview":"max-image-preview:large","max-video-preview":"max-video-preview:-1"},"canonical":"https:\/\/vrs-ssp.com\/de\/unsere-dienstleistungen\/sachschaden\/loss-adjusting\/","og_locale":"de_DE","og_type":"article","og_title":"Loss Adjusting - DE-Sterkl","og_description":"Loss Adjusting Loss Adjusting ist die Abwicklung von Versicherungssch\u00e4den im Elementar- und Haftpflichtbereich in Abstimmung mit den Gesch\u00e4digten und den Versicherern. Unabh\u00e4ngig von der Gr\u00f6\u00dfe des jeweiligen Schadens wird auf spezielle Erfordernisse bei der Liquidation, wie Berechnung der Dauer und H\u00f6he einer Betriebsunterbrechung, Bewertung von vorzunehmenden Verbesserungen aufgrund beh\u00f6rdlicher Vorschriften und statische Berechnungen, R\u00fccksicht genommen. [&hellip;]","og_url":"https:\/\/vrs-ssp.com\/de\/unsere-dienstleistungen\/sachschaden\/loss-adjusting\/","og_site_name":"DE-Sterkl","article_modified_time":"2020-08-03T15:15:56+00:00","twitter_card":"summary_large_image","twitter_misc":{"Gesch\u00e4tzte Lesezeit":"1\u00a0Minute"},"schema":{"@context":"https:\/\/schema.org","@graph":[{"@type":"WebPage","@id":"https:\/\/vrs-ssp.com\/de\/unsere-dienstleistungen\/sachschaden\/loss-adjusting\/","url":"https:\/\/vrs-ssp.com\/de\/unsere-dienstleistungen\/sachschaden\/loss-adjusting\/","name":"Loss Adjusting - DE-Sterkl","isPartOf":{"@id":"https:\/\/vrs-ssp.com\/de\/#website"},"datePublished":"2019-10-03T11:47:49+00:00","dateModified":"2020-08-03T15:15:56+00:00","breadcrumb":{"@id":"https:\/\/vrs-ssp.com\/de\/unsere-dienstleistungen\/sachschaden\/loss-adjusting\/#breadcrumb"},"inLanguage":"de","potentialAction":[{"@type":"ReadAction","target":["https:\/\/vrs-ssp.com\/de\/unsere-dienstleistungen\/sachschaden\/loss-adjusting\/"]}]},{"@type":"BreadcrumbList","@id":"https:\/\/vrs-ssp.com\/de\/unsere-dienstleistungen\/sachschaden\/loss-adjusting\/#breadcrumb","itemListElement":[{"@type":"ListItem","position":1,"name":"Startseite","item":"https:\/\/vrs-ssp.com\/de\/"},{"@type":"ListItem","position":2,"name":"Unsere Dienstleistungen","item":"https:\/\/vrs-ssp.com\/de\/unsere-dienstleistungen\/"},{"@type":"ListItem","position":3,"name":"Sachsch\u00e4den","item":"https:\/\/vrs-ssp.com\/de\/unsere-dienstleistungen\/sachschaden\/"},{"@type":"ListItem","position":4,"name":"Loss Adjusting"}]},{"@type":"WebSite","@id":"https:\/\/vrs-ssp.com\/de\/#website","url":"https:\/\/vrs-ssp.com\/de\/","name":"DE-Sterkl","description":"Globale L\u00f6sungen. Lokale Expertise.","potentialAction":[{"@type":"SearchAction","target":{"@type":"EntryPoint","urlTemplate":"https:\/\/vrs-ssp.com\/de\/?s={search_term_string}"},"query-input":{"@type":"PropertyValueSpecification","valueRequired":true,"valueName":"search_term_string"}}],"inLanguage":"de"}]}},"_links":{"self":[{"href":"https:\/\/vrs-ssp.com\/de\/wp-json\/wp\/v2\/pages\/2050","targetHints":{"allow":["GET"]}}],"collection":[{"href":"https:\/\/vrs-ssp.com\/de\/wp-json\/wp\/v2\/pages"}],"about":[{"href":"https:\/\/vrs-ssp.com\/de\/wp-json\/wp\/v2\/types\/page"}],"author":[{"embeddable":true,"href":"https:\/\/vrs-ssp.com\/de\/wp-json\/wp\/v2\/users\/1"}],"replies":[{"embeddable":true,"href":"https:\/\/vrs-ssp.com\/de\/wp-json\/wp\/v2\/comments?post=2050"}],"version-history":[{"count":4,"href":"https:\/\/vrs-ssp.com\/de\/wp-json\/wp\/v2\/pages\/2050\/revisions"}],"predecessor-version":[{"id":2440,"href":"https:\/\/vrs-ssp.com\/de\/wp-json\/wp\/v2\/pages\/2050\/revisions\/2440"}],"up":[{"embeddable":true,"href":"https:\/\/vrs-ssp.com\/de\/wp-json\/wp\/v2\/pages\/2048"}],"wp:attachment":[{"href":"https:\/\/vrs-ssp.com\/de\/wp-json\/wp\/v2\/media?parent=2050"}],"curies":[{"name":"wp","href":"https:\/\/api.w.org\/{rel}","templated":true}]}}