{"id":2054,"date":"2019-10-03T11:47:49","date_gmt":"2019-10-03T09:47:49","guid":{"rendered":"https:\/\/rel.sterkl.com\/solutions-services\/property\/industrial\/"},"modified":"2020-08-20T12:06:49","modified_gmt":"2020-08-20T10:06:49","slug":"industrieschaeden-gewerbeschaeden","status":"publish","type":"page","link":"https:\/\/vrs-ssp.com\/de\/unsere-dienstleistungen\/sachschaden\/industrieschaeden-gewerbeschaeden\/","title":{"rendered":"Industrie- und Gewerbesch\u00e4den"},"content":{"rendered":"\n<h1 class=\"wp-block-heading\"><strong>Industrie- und Gewerbesch\u00e4den<\/strong><\/h1>\n\n\n\n<div class=\"wp-block-columns is-layout-flex wp-container-core-columns-is-layout-9d6595d7 wp-block-columns-is-layout-flex\">\n<div class=\"wp-block-column is-layout-flow wp-block-column-is-layout-flow\">\n<figure class=\"wp-block-image size-large is-style-default\"><img decoding=\"async\" src=\"https:\/\/vrs-ssp.com\/wp-content\/uploads\/2020\/07\/AdobeStock_265220547-1024x682.jpeg\" alt=\"\" class=\"wp-image-1982\"\/><\/figure>\n<\/div>\n\n\n\n<div class=\"wp-block-column is-layout-flow wp-block-column-is-layout-flow\">\n<p>Die langj\u00e4hrige Erfahrung unserer Mitarbeiter in dieser Sparte und der enge Kontakt zwischen den Regional-Offices und den Fachexperten von <strong>vrs-SSP<\/strong> sind Garant f\u00fcr die effiziente Gutachtensausarbeitung und Kostensch\u00e4tzung. Insbesondere bei Industrie- und Gewerbesch\u00e4den, bei denen neben den Geb\u00e4udesch\u00e4den auch Betriebsunterbrechungs-, Maschinensch\u00e4den und Sch\u00e4den an Waren und Vorr\u00e4ten zu bewerten sind, ist unser Leitbild \u201eAlles unter einem Dach\u201c der Garant f\u00fcr die optimale Schadensabwicklung.<\/p>\n<\/div>\n<\/div>\n\n\n\n<div class=\"wp-block-buttons is-layout-flex wp-block-buttons-is-layout-flex\">\n<div class=\"wp-block-button\"><a class=\"wp-block-button__link\" href=\"https:\/\/vrs-ssp.com\/de\/unsere-dienstleistungen\/sachschaden\/\"><strong>Zur\u00fcck zu <strong>Sachsch\u00e4den<\/strong><\/strong><\/a><\/div>\n<\/div>\n\n\n\n<p><\/p>\n","protected":false},"excerpt":{"rendered":"<p>Industrie- und Gewerbesch\u00e4den Die langj\u00e4hrige Erfahrung unserer Mitarbeiter in dieser Sparte und der enge Kontakt zwischen den Regional-Offices und den Fachexperten von vrs-SSP sind Garant f\u00fcr die effiziente Gutachtensausarbeitung und Kostensch\u00e4tzung. Insbesondere bei Industrie- und Gewerbesch\u00e4den, bei denen neben den Geb\u00e4udesch\u00e4den auch Betriebsunterbrechungs-, Maschinensch\u00e4den und Sch\u00e4den an Waren und Vorr\u00e4ten zu bewerten sind, ist unser [&hellip;]<\/p>\n","protected":false},"author":1,"featured_media":0,"parent":2048,"menu_order":0,"comment_status":"closed","ping_status":"closed","template":"","meta":{"_acf_changed":false,"footnotes":""},"class_list":["post-2054","page","type-page","status-publish","hentry"],"acf":[],"yoast_head":"<!-- This site is optimized with the Yoast SEO plugin v27.4 - https:\/\/yoast.com\/product\/yoast-seo-wordpress\/ -->\n<title>Industrie- und Gewerbesch\u00e4den - DE-Sterkl<\/title>\n<meta name=\"robots\" content=\"index, follow, max-snippet:-1, max-image-preview:large, max-video-preview:-1\" \/>\n<link rel=\"canonical\" href=\"https:\/\/vrs-ssp.com\/de\/unsere-dienstleistungen\/sachschaden\/industrieschaeden-gewerbeschaeden\/\" \/>\n<meta property=\"og:locale\" content=\"de_DE\" \/>\n<meta property=\"og:type\" content=\"article\" \/>\n<meta property=\"og:title\" content=\"Industrie- und Gewerbesch\u00e4den - DE-Sterkl\" \/>\n<meta property=\"og:description\" content=\"Industrie- und Gewerbesch\u00e4den Die langj\u00e4hrige Erfahrung unserer Mitarbeiter in dieser Sparte und der enge Kontakt zwischen den Regional-Offices und den Fachexperten von vrs-SSP sind Garant f\u00fcr die effiziente Gutachtensausarbeitung und Kostensch\u00e4tzung. Insbesondere bei Industrie- und Gewerbesch\u00e4den, bei denen neben den Geb\u00e4udesch\u00e4den auch Betriebsunterbrechungs-, Maschinensch\u00e4den und Sch\u00e4den an Waren und Vorr\u00e4ten zu bewerten sind, ist unser [&hellip;]\" \/>\n<meta property=\"og:url\" content=\"https:\/\/vrs-ssp.com\/de\/unsere-dienstleistungen\/sachschaden\/industrieschaeden-gewerbeschaeden\/\" \/>\n<meta property=\"og:site_name\" content=\"DE-Sterkl\" \/>\n<meta property=\"article:modified_time\" content=\"2020-08-20T10:06:49+00:00\" \/>\n<meta property=\"og:image\" content=\"https:\/\/vrs-ssp.com\/wp-content\/uploads\/2020\/07\/AdobeStock_265220547-1024x682.jpeg\" \/>\n<meta name=\"twitter:card\" content=\"summary_large_image\" \/>\n<script type=\"application\/ld+json\" class=\"yoast-schema-graph\">{\"@context\":\"https:\\\/\\\/schema.org\",\"@graph\":[{\"@type\":\"WebPage\",\"@id\":\"https:\\\/\\\/vrs-ssp.com\\\/de\\\/unsere-dienstleistungen\\\/sachschaden\\\/industrieschaeden-gewerbeschaeden\\\/\",\"url\":\"https:\\\/\\\/vrs-ssp.com\\\/de\\\/unsere-dienstleistungen\\\/sachschaden\\\/industrieschaeden-gewerbeschaeden\\\/\",\"name\":\"Industrie- und Gewerbesch\u00e4den - DE-Sterkl\",\"isPartOf\":{\"@id\":\"https:\\\/\\\/vrs-ssp.com\\\/de\\\/#website\"},\"primaryImageOfPage\":{\"@id\":\"https:\\\/\\\/vrs-ssp.com\\\/de\\\/unsere-dienstleistungen\\\/sachschaden\\\/industrieschaeden-gewerbeschaeden\\\/#primaryimage\"},\"image\":{\"@id\":\"https:\\\/\\\/vrs-ssp.com\\\/de\\\/unsere-dienstleistungen\\\/sachschaden\\\/industrieschaeden-gewerbeschaeden\\\/#primaryimage\"},\"thumbnailUrl\":\"https:\\\/\\\/vrs-ssp.com\\\/wp-content\\\/uploads\\\/2020\\\/07\\\/AdobeStock_265220547-1024x682.jpeg\",\"datePublished\":\"2019-10-03T09:47:49+00:00\",\"dateModified\":\"2020-08-20T10:06:49+00:00\",\"breadcrumb\":{\"@id\":\"https:\\\/\\\/vrs-ssp.com\\\/de\\\/unsere-dienstleistungen\\\/sachschaden\\\/industrieschaeden-gewerbeschaeden\\\/#breadcrumb\"},\"inLanguage\":\"de\",\"potentialAction\":[{\"@type\":\"ReadAction\",\"target\":[\"https:\\\/\\\/vrs-ssp.com\\\/de\\\/unsere-dienstleistungen\\\/sachschaden\\\/industrieschaeden-gewerbeschaeden\\\/\"]}]},{\"@type\":\"ImageObject\",\"inLanguage\":\"de\",\"@id\":\"https:\\\/\\\/vrs-ssp.com\\\/de\\\/unsere-dienstleistungen\\\/sachschaden\\\/industrieschaeden-gewerbeschaeden\\\/#primaryimage\",\"url\":\"https:\\\/\\\/vrs-ssp.com\\\/wp-content\\\/uploads\\\/2020\\\/07\\\/AdobeStock_265220547-1024x682.jpeg\",\"contentUrl\":\"https:\\\/\\\/vrs-ssp.com\\\/wp-content\\\/uploads\\\/2020\\\/07\\\/AdobeStock_265220547-1024x682.jpeg\"},{\"@type\":\"BreadcrumbList\",\"@id\":\"https:\\\/\\\/vrs-ssp.com\\\/de\\\/unsere-dienstleistungen\\\/sachschaden\\\/industrieschaeden-gewerbeschaeden\\\/#breadcrumb\",\"itemListElement\":[{\"@type\":\"ListItem\",\"position\":1,\"name\":\"Startseite\",\"item\":\"https:\\\/\\\/vrs-ssp.com\\\/de\\\/\"},{\"@type\":\"ListItem\",\"position\":2,\"name\":\"Unsere Dienstleistungen\",\"item\":\"https:\\\/\\\/vrs-ssp.com\\\/de\\\/unsere-dienstleistungen\\\/\"},{\"@type\":\"ListItem\",\"position\":3,\"name\":\"Sachsch\u00e4den\",\"item\":\"https:\\\/\\\/vrs-ssp.com\\\/de\\\/unsere-dienstleistungen\\\/sachschaden\\\/\"},{\"@type\":\"ListItem\",\"position\":4,\"name\":\"Industrie- und Gewerbesch\u00e4den\"}]},{\"@type\":\"WebSite\",\"@id\":\"https:\\\/\\\/vrs-ssp.com\\\/de\\\/#website\",\"url\":\"https:\\\/\\\/vrs-ssp.com\\\/de\\\/\",\"name\":\"DE-Sterkl\",\"description\":\"Globale L\u00f6sungen. Lokale Expertise.\",\"potentialAction\":[{\"@type\":\"SearchAction\",\"target\":{\"@type\":\"EntryPoint\",\"urlTemplate\":\"https:\\\/\\\/vrs-ssp.com\\\/de\\\/?s={search_term_string}\"},\"query-input\":{\"@type\":\"PropertyValueSpecification\",\"valueRequired\":true,\"valueName\":\"search_term_string\"}}],\"inLanguage\":\"de\"}]}<\/script>\n<!-- \/ Yoast SEO plugin. -->","yoast_head_json":{"title":"Industrie- und Gewerbesch\u00e4den - DE-Sterkl","robots":{"index":"index","follow":"follow","max-snippet":"max-snippet:-1","max-image-preview":"max-image-preview:large","max-video-preview":"max-video-preview:-1"},"canonical":"https:\/\/vrs-ssp.com\/de\/unsere-dienstleistungen\/sachschaden\/industrieschaeden-gewerbeschaeden\/","og_locale":"de_DE","og_type":"article","og_title":"Industrie- und Gewerbesch\u00e4den - DE-Sterkl","og_description":"Industrie- und Gewerbesch\u00e4den Die langj\u00e4hrige Erfahrung unserer Mitarbeiter in dieser Sparte und der enge Kontakt zwischen den Regional-Offices und den Fachexperten von vrs-SSP sind Garant f\u00fcr die effiziente Gutachtensausarbeitung und Kostensch\u00e4tzung. Insbesondere bei Industrie- und Gewerbesch\u00e4den, bei denen neben den Geb\u00e4udesch\u00e4den auch Betriebsunterbrechungs-, Maschinensch\u00e4den und Sch\u00e4den an Waren und Vorr\u00e4ten zu bewerten sind, ist unser [&hellip;]","og_url":"https:\/\/vrs-ssp.com\/de\/unsere-dienstleistungen\/sachschaden\/industrieschaeden-gewerbeschaeden\/","og_site_name":"DE-Sterkl","article_modified_time":"2020-08-20T10:06:49+00:00","og_image":[{"url":"https:\/\/vrs-ssp.com\/wp-content\/uploads\/2020\/07\/AdobeStock_265220547-1024x682.jpeg","type":"","width":"","height":""}],"twitter_card":"summary_large_image","schema":{"@context":"https:\/\/schema.org","@graph":[{"@type":"WebPage","@id":"https:\/\/vrs-ssp.com\/de\/unsere-dienstleistungen\/sachschaden\/industrieschaeden-gewerbeschaeden\/","url":"https:\/\/vrs-ssp.com\/de\/unsere-dienstleistungen\/sachschaden\/industrieschaeden-gewerbeschaeden\/","name":"Industrie- und Gewerbesch\u00e4den - DE-Sterkl","isPartOf":{"@id":"https:\/\/vrs-ssp.com\/de\/#website"},"primaryImageOfPage":{"@id":"https:\/\/vrs-ssp.com\/de\/unsere-dienstleistungen\/sachschaden\/industrieschaeden-gewerbeschaeden\/#primaryimage"},"image":{"@id":"https:\/\/vrs-ssp.com\/de\/unsere-dienstleistungen\/sachschaden\/industrieschaeden-gewerbeschaeden\/#primaryimage"},"thumbnailUrl":"https:\/\/vrs-ssp.com\/wp-content\/uploads\/2020\/07\/AdobeStock_265220547-1024x682.jpeg","datePublished":"2019-10-03T09:47:49+00:00","dateModified":"2020-08-20T10:06:49+00:00","breadcrumb":{"@id":"https:\/\/vrs-ssp.com\/de\/unsere-dienstleistungen\/sachschaden\/industrieschaeden-gewerbeschaeden\/#breadcrumb"},"inLanguage":"de","potentialAction":[{"@type":"ReadAction","target":["https:\/\/vrs-ssp.com\/de\/unsere-dienstleistungen\/sachschaden\/industrieschaeden-gewerbeschaeden\/"]}]},{"@type":"ImageObject","inLanguage":"de","@id":"https:\/\/vrs-ssp.com\/de\/unsere-dienstleistungen\/sachschaden\/industrieschaeden-gewerbeschaeden\/#primaryimage","url":"https:\/\/vrs-ssp.com\/wp-content\/uploads\/2020\/07\/AdobeStock_265220547-1024x682.jpeg","contentUrl":"https:\/\/vrs-ssp.com\/wp-content\/uploads\/2020\/07\/AdobeStock_265220547-1024x682.jpeg"},{"@type":"BreadcrumbList","@id":"https:\/\/vrs-ssp.com\/de\/unsere-dienstleistungen\/sachschaden\/industrieschaeden-gewerbeschaeden\/#breadcrumb","itemListElement":[{"@type":"ListItem","position":1,"name":"Startseite","item":"https:\/\/vrs-ssp.com\/de\/"},{"@type":"ListItem","position":2,"name":"Unsere Dienstleistungen","item":"https:\/\/vrs-ssp.com\/de\/unsere-dienstleistungen\/"},{"@type":"ListItem","position":3,"name":"Sachsch\u00e4den","item":"https:\/\/vrs-ssp.com\/de\/unsere-dienstleistungen\/sachschaden\/"},{"@type":"ListItem","position":4,"name":"Industrie- und Gewerbesch\u00e4den"}]},{"@type":"WebSite","@id":"https:\/\/vrs-ssp.com\/de\/#website","url":"https:\/\/vrs-ssp.com\/de\/","name":"DE-Sterkl","description":"Globale L\u00f6sungen. Lokale Expertise.","potentialAction":[{"@type":"SearchAction","target":{"@type":"EntryPoint","urlTemplate":"https:\/\/vrs-ssp.com\/de\/?s={search_term_string}"},"query-input":{"@type":"PropertyValueSpecification","valueRequired":true,"valueName":"search_term_string"}}],"inLanguage":"de"}]}},"_links":{"self":[{"href":"https:\/\/vrs-ssp.com\/de\/wp-json\/wp\/v2\/pages\/2054","targetHints":{"allow":["GET"]}}],"collection":[{"href":"https:\/\/vrs-ssp.com\/de\/wp-json\/wp\/v2\/pages"}],"about":[{"href":"https:\/\/vrs-ssp.com\/de\/wp-json\/wp\/v2\/types\/page"}],"author":[{"embeddable":true,"href":"https:\/\/vrs-ssp.com\/de\/wp-json\/wp\/v2\/users\/1"}],"replies":[{"embeddable":true,"href":"https:\/\/vrs-ssp.com\/de\/wp-json\/wp\/v2\/comments?post=2054"}],"version-history":[{"count":9,"href":"https:\/\/vrs-ssp.com\/de\/wp-json\/wp\/v2\/pages\/2054\/revisions"}],"predecessor-version":[{"id":2525,"href":"https:\/\/vrs-ssp.com\/de\/wp-json\/wp\/v2\/pages\/2054\/revisions\/2525"}],"up":[{"embeddable":true,"href":"https:\/\/vrs-ssp.com\/de\/wp-json\/wp\/v2\/pages\/2048"}],"wp:attachment":[{"href":"https:\/\/vrs-ssp.com\/de\/wp-json\/wp\/v2\/media?parent=2054"}],"curies":[{"name":"wp","href":"https:\/\/api.w.org\/{rel}","templated":true}]}}