{"id":2056,"date":"2019-10-03T11:47:49","date_gmt":"2019-10-03T09:47:49","guid":{"rendered":"https:\/\/rel.sterkl.com\/solutions-services\/property\/major-and-complex-losses\/"},"modified":"2020-08-20T12:08:07","modified_gmt":"2020-08-20T10:08:07","slug":"grossschaeden-komplexe-schaeden","status":"publish","type":"page","link":"https:\/\/vrs-ssp.com\/de\/unsere-dienstleistungen\/sachschaden\/grossschaeden-komplexe-schaeden\/","title":{"rendered":"Gro\u00dfsch\u00e4den und komplexe Sch\u00e4den"},"content":{"rendered":"\n<h1 class=\"wp-block-heading\">Gro\u00dfsch\u00e4den<\/h1>\n\n\n<p>Die langj\u00e4hrige Erfahrung unserer Mitarbeiter in dieser Sparte und der enge Kontakt zwischen den Regional-Offices und den Fachexperten von <strong>vrs-SSP<\/strong> sind Garant f\u00fcr die effiziente Gutachtensausarbeitung und Kostensch\u00e4tzung. Insbesondere bei gro\u00dfen und komplexen Sch\u00e4den, bei denen neben den Geb\u00e4udesch\u00e4den auch Betriebsunterbrechungs-, Maschinensch\u00e4den und Sch\u00e4den an Waren und Vorr\u00e4ten zu bewerten sind, ist unser Leitbild \u201eAlles unter einem Dach\u201c Ihr Erfolgsfaktor f\u00fcr die optimale Schadensabwicklung.<\/p>\n\n\n<div class=\"wp-block-buttons is-layout-flex wp-block-buttons-is-layout-flex\">\n<div class=\"wp-block-button\"><a class=\"wp-block-button__link\" href=\"https:\/\/vrs-ssp.com\/de\/unsere-dienstleistungen\/sachschaden\/\">Zur\u00fcck zu <strong>Sachsch\u00e4den<\/strong><\/a><\/div>\n<\/div>\n\n\n\n<p><\/p>\n","protected":false},"excerpt":{"rendered":"<p>Gro\u00dfsch\u00e4den Die langj\u00e4hrige Erfahrung unserer Mitarbeiter in dieser Sparte und der enge Kontakt zwischen den Regional-Offices und den Fachexperten von vrs-SSP sind Garant f\u00fcr die effiziente Gutachtensausarbeitung und Kostensch\u00e4tzung. Insbesondere bei gro\u00dfen und komplexen Sch\u00e4den, bei denen neben den Geb\u00e4udesch\u00e4den auch Betriebsunterbrechungs-, Maschinensch\u00e4den und Sch\u00e4den an Waren und Vorr\u00e4ten zu bewerten sind, ist unser Leitbild [&hellip;]<\/p>\n","protected":false},"author":1,"featured_media":0,"parent":2048,"menu_order":0,"comment_status":"closed","ping_status":"closed","template":"","meta":{"_acf_changed":false,"footnotes":""},"class_list":["post-2056","page","type-page","status-publish","hentry"],"acf":[],"yoast_head":"<!-- This site is optimized with the Yoast SEO plugin v27.4 - https:\/\/yoast.com\/product\/yoast-seo-wordpress\/ -->\n<title>Gro\u00dfsch\u00e4den und komplexe Sch\u00e4den - DE-Sterkl<\/title>\n<meta name=\"robots\" content=\"index, follow, max-snippet:-1, max-image-preview:large, max-video-preview:-1\" \/>\n<link rel=\"canonical\" href=\"https:\/\/vrs-ssp.com\/de\/unsere-dienstleistungen\/sachschaden\/grossschaeden-komplexe-schaeden\/\" \/>\n<meta property=\"og:locale\" content=\"de_DE\" \/>\n<meta property=\"og:type\" content=\"article\" \/>\n<meta property=\"og:title\" content=\"Gro\u00dfsch\u00e4den und komplexe Sch\u00e4den - DE-Sterkl\" \/>\n<meta property=\"og:description\" content=\"Gro\u00dfsch\u00e4den Die langj\u00e4hrige Erfahrung unserer Mitarbeiter in dieser Sparte und der enge Kontakt zwischen den Regional-Offices und den Fachexperten von vrs-SSP sind Garant f\u00fcr die effiziente Gutachtensausarbeitung und Kostensch\u00e4tzung. Insbesondere bei gro\u00dfen und komplexen Sch\u00e4den, bei denen neben den Geb\u00e4udesch\u00e4den auch Betriebsunterbrechungs-, Maschinensch\u00e4den und Sch\u00e4den an Waren und Vorr\u00e4ten zu bewerten sind, ist unser Leitbild [&hellip;]\" \/>\n<meta property=\"og:url\" content=\"https:\/\/vrs-ssp.com\/de\/unsere-dienstleistungen\/sachschaden\/grossschaeden-komplexe-schaeden\/\" \/>\n<meta property=\"og:site_name\" content=\"DE-Sterkl\" \/>\n<meta property=\"article:modified_time\" content=\"2020-08-20T10:08:07+00:00\" \/>\n<meta name=\"twitter:card\" content=\"summary_large_image\" \/>\n<script type=\"application\/ld+json\" class=\"yoast-schema-graph\">{\"@context\":\"https:\\\/\\\/schema.org\",\"@graph\":[{\"@type\":\"WebPage\",\"@id\":\"https:\\\/\\\/vrs-ssp.com\\\/de\\\/unsere-dienstleistungen\\\/sachschaden\\\/grossschaeden-komplexe-schaeden\\\/\",\"url\":\"https:\\\/\\\/vrs-ssp.com\\\/de\\\/unsere-dienstleistungen\\\/sachschaden\\\/grossschaeden-komplexe-schaeden\\\/\",\"name\":\"Gro\u00dfsch\u00e4den und komplexe Sch\u00e4den - DE-Sterkl\",\"isPartOf\":{\"@id\":\"https:\\\/\\\/vrs-ssp.com\\\/de\\\/#website\"},\"datePublished\":\"2019-10-03T09:47:49+00:00\",\"dateModified\":\"2020-08-20T10:08:07+00:00\",\"breadcrumb\":{\"@id\":\"https:\\\/\\\/vrs-ssp.com\\\/de\\\/unsere-dienstleistungen\\\/sachschaden\\\/grossschaeden-komplexe-schaeden\\\/#breadcrumb\"},\"inLanguage\":\"de\",\"potentialAction\":[{\"@type\":\"ReadAction\",\"target\":[\"https:\\\/\\\/vrs-ssp.com\\\/de\\\/unsere-dienstleistungen\\\/sachschaden\\\/grossschaeden-komplexe-schaeden\\\/\"]}]},{\"@type\":\"BreadcrumbList\",\"@id\":\"https:\\\/\\\/vrs-ssp.com\\\/de\\\/unsere-dienstleistungen\\\/sachschaden\\\/grossschaeden-komplexe-schaeden\\\/#breadcrumb\",\"itemListElement\":[{\"@type\":\"ListItem\",\"position\":1,\"name\":\"Startseite\",\"item\":\"https:\\\/\\\/vrs-ssp.com\\\/de\\\/\"},{\"@type\":\"ListItem\",\"position\":2,\"name\":\"Unsere Dienstleistungen\",\"item\":\"https:\\\/\\\/vrs-ssp.com\\\/de\\\/unsere-dienstleistungen\\\/\"},{\"@type\":\"ListItem\",\"position\":3,\"name\":\"Sachsch\u00e4den\",\"item\":\"https:\\\/\\\/vrs-ssp.com\\\/de\\\/unsere-dienstleistungen\\\/sachschaden\\\/\"},{\"@type\":\"ListItem\",\"position\":4,\"name\":\"Gro\u00dfsch\u00e4den und komplexe Sch\u00e4den\"}]},{\"@type\":\"WebSite\",\"@id\":\"https:\\\/\\\/vrs-ssp.com\\\/de\\\/#website\",\"url\":\"https:\\\/\\\/vrs-ssp.com\\\/de\\\/\",\"name\":\"DE-Sterkl\",\"description\":\"Globale L\u00f6sungen. Lokale Expertise.\",\"potentialAction\":[{\"@type\":\"SearchAction\",\"target\":{\"@type\":\"EntryPoint\",\"urlTemplate\":\"https:\\\/\\\/vrs-ssp.com\\\/de\\\/?s={search_term_string}\"},\"query-input\":{\"@type\":\"PropertyValueSpecification\",\"valueRequired\":true,\"valueName\":\"search_term_string\"}}],\"inLanguage\":\"de\"}]}<\/script>\n<!-- \/ Yoast SEO plugin. -->","yoast_head_json":{"title":"Gro\u00dfsch\u00e4den und komplexe Sch\u00e4den - DE-Sterkl","robots":{"index":"index","follow":"follow","max-snippet":"max-snippet:-1","max-image-preview":"max-image-preview:large","max-video-preview":"max-video-preview:-1"},"canonical":"https:\/\/vrs-ssp.com\/de\/unsere-dienstleistungen\/sachschaden\/grossschaeden-komplexe-schaeden\/","og_locale":"de_DE","og_type":"article","og_title":"Gro\u00dfsch\u00e4den und komplexe Sch\u00e4den - DE-Sterkl","og_description":"Gro\u00dfsch\u00e4den Die langj\u00e4hrige Erfahrung unserer Mitarbeiter in dieser Sparte und der enge Kontakt zwischen den Regional-Offices und den Fachexperten von vrs-SSP sind Garant f\u00fcr die effiziente Gutachtensausarbeitung und Kostensch\u00e4tzung. Insbesondere bei gro\u00dfen und komplexen Sch\u00e4den, bei denen neben den Geb\u00e4udesch\u00e4den auch Betriebsunterbrechungs-, Maschinensch\u00e4den und Sch\u00e4den an Waren und Vorr\u00e4ten zu bewerten sind, ist unser Leitbild [&hellip;]","og_url":"https:\/\/vrs-ssp.com\/de\/unsere-dienstleistungen\/sachschaden\/grossschaeden-komplexe-schaeden\/","og_site_name":"DE-Sterkl","article_modified_time":"2020-08-20T10:08:07+00:00","twitter_card":"summary_large_image","schema":{"@context":"https:\/\/schema.org","@graph":[{"@type":"WebPage","@id":"https:\/\/vrs-ssp.com\/de\/unsere-dienstleistungen\/sachschaden\/grossschaeden-komplexe-schaeden\/","url":"https:\/\/vrs-ssp.com\/de\/unsere-dienstleistungen\/sachschaden\/grossschaeden-komplexe-schaeden\/","name":"Gro\u00dfsch\u00e4den und komplexe Sch\u00e4den - DE-Sterkl","isPartOf":{"@id":"https:\/\/vrs-ssp.com\/de\/#website"},"datePublished":"2019-10-03T09:47:49+00:00","dateModified":"2020-08-20T10:08:07+00:00","breadcrumb":{"@id":"https:\/\/vrs-ssp.com\/de\/unsere-dienstleistungen\/sachschaden\/grossschaeden-komplexe-schaeden\/#breadcrumb"},"inLanguage":"de","potentialAction":[{"@type":"ReadAction","target":["https:\/\/vrs-ssp.com\/de\/unsere-dienstleistungen\/sachschaden\/grossschaeden-komplexe-schaeden\/"]}]},{"@type":"BreadcrumbList","@id":"https:\/\/vrs-ssp.com\/de\/unsere-dienstleistungen\/sachschaden\/grossschaeden-komplexe-schaeden\/#breadcrumb","itemListElement":[{"@type":"ListItem","position":1,"name":"Startseite","item":"https:\/\/vrs-ssp.com\/de\/"},{"@type":"ListItem","position":2,"name":"Unsere Dienstleistungen","item":"https:\/\/vrs-ssp.com\/de\/unsere-dienstleistungen\/"},{"@type":"ListItem","position":3,"name":"Sachsch\u00e4den","item":"https:\/\/vrs-ssp.com\/de\/unsere-dienstleistungen\/sachschaden\/"},{"@type":"ListItem","position":4,"name":"Gro\u00dfsch\u00e4den und komplexe Sch\u00e4den"}]},{"@type":"WebSite","@id":"https:\/\/vrs-ssp.com\/de\/#website","url":"https:\/\/vrs-ssp.com\/de\/","name":"DE-Sterkl","description":"Globale L\u00f6sungen. Lokale Expertise.","potentialAction":[{"@type":"SearchAction","target":{"@type":"EntryPoint","urlTemplate":"https:\/\/vrs-ssp.com\/de\/?s={search_term_string}"},"query-input":{"@type":"PropertyValueSpecification","valueRequired":true,"valueName":"search_term_string"}}],"inLanguage":"de"}]}},"_links":{"self":[{"href":"https:\/\/vrs-ssp.com\/de\/wp-json\/wp\/v2\/pages\/2056","targetHints":{"allow":["GET"]}}],"collection":[{"href":"https:\/\/vrs-ssp.com\/de\/wp-json\/wp\/v2\/pages"}],"about":[{"href":"https:\/\/vrs-ssp.com\/de\/wp-json\/wp\/v2\/types\/page"}],"author":[{"embeddable":true,"href":"https:\/\/vrs-ssp.com\/de\/wp-json\/wp\/v2\/users\/1"}],"replies":[{"embeddable":true,"href":"https:\/\/vrs-ssp.com\/de\/wp-json\/wp\/v2\/comments?post=2056"}],"version-history":[{"count":11,"href":"https:\/\/vrs-ssp.com\/de\/wp-json\/wp\/v2\/pages\/2056\/revisions"}],"predecessor-version":[{"id":2528,"href":"https:\/\/vrs-ssp.com\/de\/wp-json\/wp\/v2\/pages\/2056\/revisions\/2528"}],"up":[{"embeddable":true,"href":"https:\/\/vrs-ssp.com\/de\/wp-json\/wp\/v2\/pages\/2048"}],"wp:attachment":[{"href":"https:\/\/vrs-ssp.com\/de\/wp-json\/wp\/v2\/media?parent=2056"}],"curies":[{"name":"wp","href":"https:\/\/api.w.org\/{rel}","templated":true}]}}