{"id":2067,"date":"2019-10-03T11:47:49","date_gmt":"2019-10-03T09:47:49","guid":{"rendered":"https:\/\/rel.sterkl.com\/solutions-services\/property\/stock-and-bi-losses\/"},"modified":"2020-08-03T17:17:00","modified_gmt":"2020-08-03T15:17:00","slug":"warenschaeden-betriebsunterbrechung","status":"publish","type":"page","link":"https:\/\/vrs-ssp.com\/de\/unsere-dienstleistungen\/sachschaden\/warenschaeden-betriebsunterbrechung\/","title":{"rendered":"Warensch\u00e4den und Betriebsunterbrechung"},"content":{"rendered":"\n<h1 class=\"wp-block-heading\"><strong>Waren<\/strong>&#8211; und <strong>Betriebsunterbrechungssch\u00e4den<\/strong><\/h1>\n\n\n\n<h3 class=\"wp-block-heading\"><strong>Betriebsunterbrechungssch\u00e4den<\/strong><\/h3>\n\n\n\n<div class=\"wp-block-columns is-layout-flex wp-container-core-columns-is-layout-9d6595d7 wp-block-columns-is-layout-flex\">\n<div class=\"wp-block-column is-layout-flow wp-block-column-is-layout-flow\">\n<p>In der Folge von verschiedensten Schadenereignissen, beispielsweise verursacht durch einen Brand, kann es zu einer teilweisen oder vollst\u00e4ndigen Unterbrechung eines Gesch\u00e4ftsbetriebes kommen. Dies ist in der Regel mit erheblichen finanziellen Folgen verbunden, da die fixen Kosten des Unternehmens weiterlaufen, der Umsatz aber teilweise oder zur G\u00e4nze ausf\u00e4llt.<\/p>\n\n\n\n<p>Wir k\u00f6nnen Ihnen bei der Abwicklung von Sch\u00e4den unsere Hilfe, Unterst\u00fctzung und vor allem das Know-How unserer Spezialisten f\u00fcr den Bereich Betriebsunterbrechungssch\u00e4den anbieten.<\/p>\n\n\n\n<p>Unsere Aufgabe im Schadensfall ist die fundierte Bewertung aller Auswirkungen durch eine teilweise oder vollst\u00e4ndige Betriebsunterbrechung von Gesch\u00e4ftsbetrieben aller Art (sowohl von Produktionsbetrieben, als auch von Dienstleistungsunternehmen).<\/p>\n<\/div>\n\n\n\n<div class=\"wp-block-column is-layout-flow wp-block-column-is-layout-flow\">\n<p>Unter Ber\u00fccksichtigung aller schadenskausalen Umst\u00e4nde wird durch unsere kaufm\u00e4nnischen Spezialisten ein f\u00fcr den Zeitraum der Betriebsunterbrechung entgangener Deckungsbeitrag (= Umsatz abzgl. variable Kosten) ermittelt.<\/p>\n\n\n\n<p>Weiters geh\u00f6rt es zu unserem Leistungsspektrum im Auftrag von in- und ausl\u00e4ndischen Versicherungen die Versicherungssummen ihrer Versicherungsnehmer zu \u00fcberpr\u00fcfen. Dadurch k\u00f6nnen sowohl Versicherer als auch Versicherungsnehmer auf etwaige Unter- oder \u00dcberversicherungen hingewiesen werden.<\/p>\n\n\n\n<p>Demzufolge k\u00f6nnen alle finanziellen Folgen und Sachverhalte eines Schadensereignisses sowohl f\u00fcr unsere Auftraggeber, als auch f\u00fcr die betroffenen Unternehmen, transparent und nachvollziehbar dargestellt werden und es wird von uns dadurch ein wichtiger Beitrag zu einer effizienten und raschen Abwicklung der Schadensf\u00e4lle bei allen Parteien geleistet.<\/p>\n<\/div>\n<\/div>\n\n\n\n<h3 class=\"wp-block-heading\"><strong><strong>Warensch\u00e4den<\/strong><\/strong><\/h3>\n\n\n\n<div class=\"wp-block-columns is-layout-flex wp-container-core-columns-is-layout-9d6595d7 wp-block-columns-is-layout-flex\">\n<div class=\"wp-block-column is-layout-flow wp-block-column-is-layout-flow\" style=\"flex-basis:50%\">\n<p>Neben der Bewertung von Betriebsunterbrechungssch\u00e4den bietet diese Spezialabteilung Hilfe und Unterst\u00fctzung bei der Bewertung von Warensch\u00e4den: <\/p>\n\n\n\n<p>Sind im Zusammenhang mit einem Schadensereignis Fertigerzeugnisse, Halbfertigerzeugnisse, Waren und Vorr\u00e4te besch\u00e4digt oder g\u00e4nzlich zerst\u00f6rt worden, wird der entstandene Schaden, unter Ber\u00fccksichtigung, ob und inwieweit eine Verwertung der besch\u00e4digten Waren m\u00f6glich ist, durch unsere Spezialisten f\u00fcr diesen Bereich bewertet.<\/p>\n<\/div>\n\n\n\n<div class=\"wp-block-column is-layout-flow wp-block-column-is-layout-flow\" style=\"flex-basis:33.33%\"><\/div>\n<\/div>\n\n\n\n<div class=\"wp-block-buttons is-layout-flex wp-block-buttons-is-layout-flex\">\n<div class=\"wp-block-button\"><a class=\"wp-block-button__link\" href=\"https:\/\/vrs-ssp.com\/de\/unsere-dienstleistungen\/sachschaden\/\"><strong>Zur\u00fcck zu <strong>Sachsch\u00e4den<\/strong><\/strong><\/a><\/div>\n<\/div>\n\n\n\n<p><\/p>\n","protected":false},"excerpt":{"rendered":"<p>Waren&#8211; und Betriebsunterbrechungssch\u00e4den Betriebsunterbrechungssch\u00e4den In der Folge von verschiedensten Schadenereignissen, beispielsweise verursacht durch einen Brand, kann es zu einer teilweisen oder vollst\u00e4ndigen Unterbrechung eines Gesch\u00e4ftsbetriebes kommen. Dies ist in der Regel mit erheblichen finanziellen Folgen verbunden, da die fixen Kosten des Unternehmens weiterlaufen, der Umsatz aber teilweise oder zur G\u00e4nze ausf\u00e4llt. Wir k\u00f6nnen Ihnen bei [&hellip;]<\/p>\n","protected":false},"author":1,"featured_media":0,"parent":2048,"menu_order":0,"comment_status":"closed","ping_status":"closed","template":"","meta":{"_acf_changed":false,"footnotes":""},"class_list":["post-2067","page","type-page","status-publish","hentry"],"acf":[],"yoast_head":"<!-- This site is optimized with the Yoast SEO plugin v27.4 - https:\/\/yoast.com\/product\/yoast-seo-wordpress\/ -->\n<title>Warensch\u00e4den und Betriebsunterbrechung - DE-Sterkl<\/title>\n<meta name=\"robots\" content=\"index, follow, max-snippet:-1, max-image-preview:large, max-video-preview:-1\" \/>\n<link rel=\"canonical\" href=\"https:\/\/vrs-ssp.com\/de\/unsere-dienstleistungen\/sachschaden\/warenschaeden-betriebsunterbrechung\/\" \/>\n<meta property=\"og:locale\" content=\"de_DE\" \/>\n<meta property=\"og:type\" content=\"article\" \/>\n<meta property=\"og:title\" content=\"Warensch\u00e4den und Betriebsunterbrechung - DE-Sterkl\" \/>\n<meta property=\"og:description\" content=\"Waren&#8211; und Betriebsunterbrechungssch\u00e4den Betriebsunterbrechungssch\u00e4den In der Folge von verschiedensten Schadenereignissen, beispielsweise verursacht durch einen Brand, kann es zu einer teilweisen oder vollst\u00e4ndigen Unterbrechung eines Gesch\u00e4ftsbetriebes kommen. Dies ist in der Regel mit erheblichen finanziellen Folgen verbunden, da die fixen Kosten des Unternehmens weiterlaufen, der Umsatz aber teilweise oder zur G\u00e4nze ausf\u00e4llt. Wir k\u00f6nnen Ihnen bei [&hellip;]\" \/>\n<meta property=\"og:url\" content=\"https:\/\/vrs-ssp.com\/de\/unsere-dienstleistungen\/sachschaden\/warenschaeden-betriebsunterbrechung\/\" \/>\n<meta property=\"og:site_name\" content=\"DE-Sterkl\" \/>\n<meta property=\"article:modified_time\" content=\"2020-08-03T15:17:00+00:00\" \/>\n<meta name=\"twitter:card\" content=\"summary_large_image\" \/>\n<meta name=\"twitter:label1\" content=\"Gesch\u00e4tzte Lesezeit\" \/>\n\t<meta name=\"twitter:data1\" content=\"2\u00a0Minuten\" \/>\n<script type=\"application\/ld+json\" class=\"yoast-schema-graph\">{\"@context\":\"https:\\\/\\\/schema.org\",\"@graph\":[{\"@type\":\"WebPage\",\"@id\":\"https:\\\/\\\/vrs-ssp.com\\\/de\\\/unsere-dienstleistungen\\\/sachschaden\\\/warenschaeden-betriebsunterbrechung\\\/\",\"url\":\"https:\\\/\\\/vrs-ssp.com\\\/de\\\/unsere-dienstleistungen\\\/sachschaden\\\/warenschaeden-betriebsunterbrechung\\\/\",\"name\":\"Warensch\u00e4den und Betriebsunterbrechung - DE-Sterkl\",\"isPartOf\":{\"@id\":\"https:\\\/\\\/vrs-ssp.com\\\/de\\\/#website\"},\"datePublished\":\"2019-10-03T09:47:49+00:00\",\"dateModified\":\"2020-08-03T15:17:00+00:00\",\"breadcrumb\":{\"@id\":\"https:\\\/\\\/vrs-ssp.com\\\/de\\\/unsere-dienstleistungen\\\/sachschaden\\\/warenschaeden-betriebsunterbrechung\\\/#breadcrumb\"},\"inLanguage\":\"de\",\"potentialAction\":[{\"@type\":\"ReadAction\",\"target\":[\"https:\\\/\\\/vrs-ssp.com\\\/de\\\/unsere-dienstleistungen\\\/sachschaden\\\/warenschaeden-betriebsunterbrechung\\\/\"]}]},{\"@type\":\"BreadcrumbList\",\"@id\":\"https:\\\/\\\/vrs-ssp.com\\\/de\\\/unsere-dienstleistungen\\\/sachschaden\\\/warenschaeden-betriebsunterbrechung\\\/#breadcrumb\",\"itemListElement\":[{\"@type\":\"ListItem\",\"position\":1,\"name\":\"Startseite\",\"item\":\"https:\\\/\\\/vrs-ssp.com\\\/de\\\/\"},{\"@type\":\"ListItem\",\"position\":2,\"name\":\"Unsere Dienstleistungen\",\"item\":\"https:\\\/\\\/vrs-ssp.com\\\/de\\\/unsere-dienstleistungen\\\/\"},{\"@type\":\"ListItem\",\"position\":3,\"name\":\"Sachsch\u00e4den\",\"item\":\"https:\\\/\\\/vrs-ssp.com\\\/de\\\/unsere-dienstleistungen\\\/sachschaden\\\/\"},{\"@type\":\"ListItem\",\"position\":4,\"name\":\"Warensch\u00e4den und Betriebsunterbrechung\"}]},{\"@type\":\"WebSite\",\"@id\":\"https:\\\/\\\/vrs-ssp.com\\\/de\\\/#website\",\"url\":\"https:\\\/\\\/vrs-ssp.com\\\/de\\\/\",\"name\":\"DE-Sterkl\",\"description\":\"Globale L\u00f6sungen. Lokale Expertise.\",\"potentialAction\":[{\"@type\":\"SearchAction\",\"target\":{\"@type\":\"EntryPoint\",\"urlTemplate\":\"https:\\\/\\\/vrs-ssp.com\\\/de\\\/?s={search_term_string}\"},\"query-input\":{\"@type\":\"PropertyValueSpecification\",\"valueRequired\":true,\"valueName\":\"search_term_string\"}}],\"inLanguage\":\"de\"}]}<\/script>\n<!-- \/ Yoast SEO plugin. -->","yoast_head_json":{"title":"Warensch\u00e4den und Betriebsunterbrechung - DE-Sterkl","robots":{"index":"index","follow":"follow","max-snippet":"max-snippet:-1","max-image-preview":"max-image-preview:large","max-video-preview":"max-video-preview:-1"},"canonical":"https:\/\/vrs-ssp.com\/de\/unsere-dienstleistungen\/sachschaden\/warenschaeden-betriebsunterbrechung\/","og_locale":"de_DE","og_type":"article","og_title":"Warensch\u00e4den und Betriebsunterbrechung - DE-Sterkl","og_description":"Waren&#8211; und Betriebsunterbrechungssch\u00e4den Betriebsunterbrechungssch\u00e4den In der Folge von verschiedensten Schadenereignissen, beispielsweise verursacht durch einen Brand, kann es zu einer teilweisen oder vollst\u00e4ndigen Unterbrechung eines Gesch\u00e4ftsbetriebes kommen. Dies ist in der Regel mit erheblichen finanziellen Folgen verbunden, da die fixen Kosten des Unternehmens weiterlaufen, der Umsatz aber teilweise oder zur G\u00e4nze ausf\u00e4llt. Wir k\u00f6nnen Ihnen bei [&hellip;]","og_url":"https:\/\/vrs-ssp.com\/de\/unsere-dienstleistungen\/sachschaden\/warenschaeden-betriebsunterbrechung\/","og_site_name":"DE-Sterkl","article_modified_time":"2020-08-03T15:17:00+00:00","twitter_card":"summary_large_image","twitter_misc":{"Gesch\u00e4tzte Lesezeit":"2\u00a0Minuten"},"schema":{"@context":"https:\/\/schema.org","@graph":[{"@type":"WebPage","@id":"https:\/\/vrs-ssp.com\/de\/unsere-dienstleistungen\/sachschaden\/warenschaeden-betriebsunterbrechung\/","url":"https:\/\/vrs-ssp.com\/de\/unsere-dienstleistungen\/sachschaden\/warenschaeden-betriebsunterbrechung\/","name":"Warensch\u00e4den und Betriebsunterbrechung - DE-Sterkl","isPartOf":{"@id":"https:\/\/vrs-ssp.com\/de\/#website"},"datePublished":"2019-10-03T09:47:49+00:00","dateModified":"2020-08-03T15:17:00+00:00","breadcrumb":{"@id":"https:\/\/vrs-ssp.com\/de\/unsere-dienstleistungen\/sachschaden\/warenschaeden-betriebsunterbrechung\/#breadcrumb"},"inLanguage":"de","potentialAction":[{"@type":"ReadAction","target":["https:\/\/vrs-ssp.com\/de\/unsere-dienstleistungen\/sachschaden\/warenschaeden-betriebsunterbrechung\/"]}]},{"@type":"BreadcrumbList","@id":"https:\/\/vrs-ssp.com\/de\/unsere-dienstleistungen\/sachschaden\/warenschaeden-betriebsunterbrechung\/#breadcrumb","itemListElement":[{"@type":"ListItem","position":1,"name":"Startseite","item":"https:\/\/vrs-ssp.com\/de\/"},{"@type":"ListItem","position":2,"name":"Unsere Dienstleistungen","item":"https:\/\/vrs-ssp.com\/de\/unsere-dienstleistungen\/"},{"@type":"ListItem","position":3,"name":"Sachsch\u00e4den","item":"https:\/\/vrs-ssp.com\/de\/unsere-dienstleistungen\/sachschaden\/"},{"@type":"ListItem","position":4,"name":"Warensch\u00e4den und Betriebsunterbrechung"}]},{"@type":"WebSite","@id":"https:\/\/vrs-ssp.com\/de\/#website","url":"https:\/\/vrs-ssp.com\/de\/","name":"DE-Sterkl","description":"Globale L\u00f6sungen. Lokale Expertise.","potentialAction":[{"@type":"SearchAction","target":{"@type":"EntryPoint","urlTemplate":"https:\/\/vrs-ssp.com\/de\/?s={search_term_string}"},"query-input":{"@type":"PropertyValueSpecification","valueRequired":true,"valueName":"search_term_string"}}],"inLanguage":"de"}]}},"_links":{"self":[{"href":"https:\/\/vrs-ssp.com\/de\/wp-json\/wp\/v2\/pages\/2067","targetHints":{"allow":["GET"]}}],"collection":[{"href":"https:\/\/vrs-ssp.com\/de\/wp-json\/wp\/v2\/pages"}],"about":[{"href":"https:\/\/vrs-ssp.com\/de\/wp-json\/wp\/v2\/types\/page"}],"author":[{"embeddable":true,"href":"https:\/\/vrs-ssp.com\/de\/wp-json\/wp\/v2\/users\/1"}],"replies":[{"embeddable":true,"href":"https:\/\/vrs-ssp.com\/de\/wp-json\/wp\/v2\/comments?post=2067"}],"version-history":[{"count":5,"href":"https:\/\/vrs-ssp.com\/de\/wp-json\/wp\/v2\/pages\/2067\/revisions"}],"predecessor-version":[{"id":2442,"href":"https:\/\/vrs-ssp.com\/de\/wp-json\/wp\/v2\/pages\/2067\/revisions\/2442"}],"up":[{"embeddable":true,"href":"https:\/\/vrs-ssp.com\/de\/wp-json\/wp\/v2\/pages\/2048"}],"wp:attachment":[{"href":"https:\/\/vrs-ssp.com\/de\/wp-json\/wp\/v2\/media?parent=2067"}],"curies":[{"name":"wp","href":"https:\/\/api.w.org\/{rel}","templated":true}]}}