{"id":2069,"date":"2019-10-03T11:47:49","date_gmt":"2019-10-03T11:47:49","guid":{"rendered":"https:\/\/rel.sterkl.com\/solutions-services\/property\/third-party-administration-tpa\/"},"modified":"2020-08-20T12:10:45","modified_gmt":"2020-08-20T10:10:45","slug":"third-party-administration-tpa","status":"publish","type":"page","link":"https:\/\/vrs-ssp.com\/de\/unsere-dienstleistungen\/sachschaden\/third-party-administration-tpa\/","title":{"rendered":"Third Party Administration (TPA)"},"content":{"rendered":"\n<h1 class=\"wp-block-heading\">Third Party Administration (TPA)<\/h1>\n\n\n<p><strong>vrs-SSP<\/strong> hilft Ihnen bei der Reduzierung von Kosten durch eine Vielzahl von TPA-Ma\u00dfnahmen<\/p>\n<p>Unser Team findet st\u00e4ndig weiterentwickelte Wege, Ihre wertvollen Daten mit f\u00fchrenden Analyseverfahren zu bewerten, um die effektivste TPA-L\u00f6sung f\u00fcr Ihre Bed\u00fcrfnisse zu liefern.<\/p>\n<p>\u00a0<\/p>\n\n\n<div class=\"wp-block-buttons is-layout-flex wp-block-buttons-is-layout-flex\">\n<div class=\"wp-block-button\"><a class=\"wp-block-button__link\" href=\"https:\/\/vrs-ssp.com\/de\/unsere-dienstleistungen\/sachschaden\/\"><strong>Zur\u00fcck zu <strong>Sachsch\u00e4den<\/strong><\/strong><\/a><\/div>\n<\/div>\n","protected":false},"excerpt":{"rendered":"<p>Third Party Administration (TPA) vrs-SSP hilft Ihnen bei der Reduzierung von Kosten durch eine Vielzahl von TPA-Ma\u00dfnahmen Unser Team findet st\u00e4ndig weiterentwickelte Wege, Ihre wertvollen Daten mit f\u00fchrenden Analyseverfahren zu bewerten, um die effektivste TPA-L\u00f6sung f\u00fcr Ihre Bed\u00fcrfnisse zu liefern. \u00a0<\/p>\n","protected":false},"author":1,"featured_media":0,"parent":2048,"menu_order":0,"comment_status":"closed","ping_status":"closed","template":"","meta":{"_acf_changed":false,"footnotes":""},"class_list":["post-2069","page","type-page","status-publish","hentry"],"acf":[],"yoast_head":"<!-- This site is optimized with the Yoast SEO plugin v27.4 - https:\/\/yoast.com\/product\/yoast-seo-wordpress\/ -->\n<title>Third Party Administration (TPA) - DE-Sterkl<\/title>\n<meta name=\"robots\" content=\"index, follow, max-snippet:-1, max-image-preview:large, max-video-preview:-1\" \/>\n<link rel=\"canonical\" href=\"https:\/\/vrs-ssp.com\/de\/unsere-dienstleistungen\/sachschaden\/third-party-administration-tpa\/\" \/>\n<meta property=\"og:locale\" content=\"de_DE\" \/>\n<meta property=\"og:type\" content=\"article\" \/>\n<meta property=\"og:title\" content=\"Third Party Administration (TPA) - DE-Sterkl\" \/>\n<meta property=\"og:description\" content=\"Third Party Administration (TPA) vrs-SSP hilft Ihnen bei der Reduzierung von Kosten durch eine Vielzahl von TPA-Ma\u00dfnahmen Unser Team findet st\u00e4ndig weiterentwickelte Wege, Ihre wertvollen Daten mit f\u00fchrenden Analyseverfahren zu bewerten, um die effektivste TPA-L\u00f6sung f\u00fcr Ihre Bed\u00fcrfnisse zu liefern. \u00a0\" \/>\n<meta property=\"og:url\" content=\"https:\/\/vrs-ssp.com\/de\/unsere-dienstleistungen\/sachschaden\/third-party-administration-tpa\/\" \/>\n<meta property=\"og:site_name\" content=\"DE-Sterkl\" \/>\n<meta property=\"article:modified_time\" content=\"2020-08-20T10:10:45+00:00\" \/>\n<meta name=\"twitter:card\" content=\"summary_large_image\" \/>\n<script type=\"application\/ld+json\" class=\"yoast-schema-graph\">{\"@context\":\"https:\\\/\\\/schema.org\",\"@graph\":[{\"@type\":\"WebPage\",\"@id\":\"https:\\\/\\\/vrs-ssp.com\\\/de\\\/unsere-dienstleistungen\\\/sachschaden\\\/third-party-administration-tpa\\\/\",\"url\":\"https:\\\/\\\/vrs-ssp.com\\\/de\\\/unsere-dienstleistungen\\\/sachschaden\\\/third-party-administration-tpa\\\/\",\"name\":\"Third Party Administration (TPA) - DE-Sterkl\",\"isPartOf\":{\"@id\":\"https:\\\/\\\/vrs-ssp.com\\\/de\\\/#website\"},\"datePublished\":\"2019-10-03T11:47:49+00:00\",\"dateModified\":\"2020-08-20T10:10:45+00:00\",\"breadcrumb\":{\"@id\":\"https:\\\/\\\/vrs-ssp.com\\\/de\\\/unsere-dienstleistungen\\\/sachschaden\\\/third-party-administration-tpa\\\/#breadcrumb\"},\"inLanguage\":\"de\",\"potentialAction\":[{\"@type\":\"ReadAction\",\"target\":[\"https:\\\/\\\/vrs-ssp.com\\\/de\\\/unsere-dienstleistungen\\\/sachschaden\\\/third-party-administration-tpa\\\/\"]}]},{\"@type\":\"BreadcrumbList\",\"@id\":\"https:\\\/\\\/vrs-ssp.com\\\/de\\\/unsere-dienstleistungen\\\/sachschaden\\\/third-party-administration-tpa\\\/#breadcrumb\",\"itemListElement\":[{\"@type\":\"ListItem\",\"position\":1,\"name\":\"Startseite\",\"item\":\"https:\\\/\\\/vrs-ssp.com\\\/de\\\/\"},{\"@type\":\"ListItem\",\"position\":2,\"name\":\"Unsere Dienstleistungen\",\"item\":\"https:\\\/\\\/vrs-ssp.com\\\/de\\\/unsere-dienstleistungen\\\/\"},{\"@type\":\"ListItem\",\"position\":3,\"name\":\"Sachsch\u00e4den\",\"item\":\"https:\\\/\\\/vrs-ssp.com\\\/de\\\/unsere-dienstleistungen\\\/sachschaden\\\/\"},{\"@type\":\"ListItem\",\"position\":4,\"name\":\"Third Party Administration (TPA)\"}]},{\"@type\":\"WebSite\",\"@id\":\"https:\\\/\\\/vrs-ssp.com\\\/de\\\/#website\",\"url\":\"https:\\\/\\\/vrs-ssp.com\\\/de\\\/\",\"name\":\"DE-Sterkl\",\"description\":\"Globale L\u00f6sungen. Lokale Expertise.\",\"potentialAction\":[{\"@type\":\"SearchAction\",\"target\":{\"@type\":\"EntryPoint\",\"urlTemplate\":\"https:\\\/\\\/vrs-ssp.com\\\/de\\\/?s={search_term_string}\"},\"query-input\":{\"@type\":\"PropertyValueSpecification\",\"valueRequired\":true,\"valueName\":\"search_term_string\"}}],\"inLanguage\":\"de\"}]}<\/script>\n<!-- \/ Yoast SEO plugin. -->","yoast_head_json":{"title":"Third Party Administration (TPA) - DE-Sterkl","robots":{"index":"index","follow":"follow","max-snippet":"max-snippet:-1","max-image-preview":"max-image-preview:large","max-video-preview":"max-video-preview:-1"},"canonical":"https:\/\/vrs-ssp.com\/de\/unsere-dienstleistungen\/sachschaden\/third-party-administration-tpa\/","og_locale":"de_DE","og_type":"article","og_title":"Third Party Administration (TPA) - DE-Sterkl","og_description":"Third Party Administration (TPA) vrs-SSP hilft Ihnen bei der Reduzierung von Kosten durch eine Vielzahl von TPA-Ma\u00dfnahmen Unser Team findet st\u00e4ndig weiterentwickelte Wege, Ihre wertvollen Daten mit f\u00fchrenden Analyseverfahren zu bewerten, um die effektivste TPA-L\u00f6sung f\u00fcr Ihre Bed\u00fcrfnisse zu liefern. \u00a0","og_url":"https:\/\/vrs-ssp.com\/de\/unsere-dienstleistungen\/sachschaden\/third-party-administration-tpa\/","og_site_name":"DE-Sterkl","article_modified_time":"2020-08-20T10:10:45+00:00","twitter_card":"summary_large_image","schema":{"@context":"https:\/\/schema.org","@graph":[{"@type":"WebPage","@id":"https:\/\/vrs-ssp.com\/de\/unsere-dienstleistungen\/sachschaden\/third-party-administration-tpa\/","url":"https:\/\/vrs-ssp.com\/de\/unsere-dienstleistungen\/sachschaden\/third-party-administration-tpa\/","name":"Third Party Administration (TPA) - DE-Sterkl","isPartOf":{"@id":"https:\/\/vrs-ssp.com\/de\/#website"},"datePublished":"2019-10-03T11:47:49+00:00","dateModified":"2020-08-20T10:10:45+00:00","breadcrumb":{"@id":"https:\/\/vrs-ssp.com\/de\/unsere-dienstleistungen\/sachschaden\/third-party-administration-tpa\/#breadcrumb"},"inLanguage":"de","potentialAction":[{"@type":"ReadAction","target":["https:\/\/vrs-ssp.com\/de\/unsere-dienstleistungen\/sachschaden\/third-party-administration-tpa\/"]}]},{"@type":"BreadcrumbList","@id":"https:\/\/vrs-ssp.com\/de\/unsere-dienstleistungen\/sachschaden\/third-party-administration-tpa\/#breadcrumb","itemListElement":[{"@type":"ListItem","position":1,"name":"Startseite","item":"https:\/\/vrs-ssp.com\/de\/"},{"@type":"ListItem","position":2,"name":"Unsere Dienstleistungen","item":"https:\/\/vrs-ssp.com\/de\/unsere-dienstleistungen\/"},{"@type":"ListItem","position":3,"name":"Sachsch\u00e4den","item":"https:\/\/vrs-ssp.com\/de\/unsere-dienstleistungen\/sachschaden\/"},{"@type":"ListItem","position":4,"name":"Third Party Administration (TPA)"}]},{"@type":"WebSite","@id":"https:\/\/vrs-ssp.com\/de\/#website","url":"https:\/\/vrs-ssp.com\/de\/","name":"DE-Sterkl","description":"Globale L\u00f6sungen. Lokale Expertise.","potentialAction":[{"@type":"SearchAction","target":{"@type":"EntryPoint","urlTemplate":"https:\/\/vrs-ssp.com\/de\/?s={search_term_string}"},"query-input":{"@type":"PropertyValueSpecification","valueRequired":true,"valueName":"search_term_string"}}],"inLanguage":"de"}]}},"_links":{"self":[{"href":"https:\/\/vrs-ssp.com\/de\/wp-json\/wp\/v2\/pages\/2069","targetHints":{"allow":["GET"]}}],"collection":[{"href":"https:\/\/vrs-ssp.com\/de\/wp-json\/wp\/v2\/pages"}],"about":[{"href":"https:\/\/vrs-ssp.com\/de\/wp-json\/wp\/v2\/types\/page"}],"author":[{"embeddable":true,"href":"https:\/\/vrs-ssp.com\/de\/wp-json\/wp\/v2\/users\/1"}],"replies":[{"embeddable":true,"href":"https:\/\/vrs-ssp.com\/de\/wp-json\/wp\/v2\/comments?post=2069"}],"version-history":[{"count":7,"href":"https:\/\/vrs-ssp.com\/de\/wp-json\/wp\/v2\/pages\/2069\/revisions"}],"predecessor-version":[{"id":2529,"href":"https:\/\/vrs-ssp.com\/de\/wp-json\/wp\/v2\/pages\/2069\/revisions\/2529"}],"up":[{"embeddable":true,"href":"https:\/\/vrs-ssp.com\/de\/wp-json\/wp\/v2\/pages\/2048"}],"wp:attachment":[{"href":"https:\/\/vrs-ssp.com\/de\/wp-json\/wp\/v2\/media?parent=2069"}],"curies":[{"name":"wp","href":"https:\/\/api.w.org\/{rel}","templated":true}]}}