{"id":2071,"date":"2019-10-03T11:47:49","date_gmt":"2019-10-03T11:47:49","guid":{"rendered":"https:\/\/rel.sterkl.com\/solutions-services\/constructions-engineering\/"},"modified":"2020-08-03T16:57:28","modified_gmt":"2020-08-03T14:57:28","slug":"bauwesen-und-ingenieurwesen","status":"publish","type":"page","link":"https:\/\/vrs-ssp.com\/de\/unsere-dienstleistungen\/bauwesen-und-ingenieurwesen\/","title":{"rendered":"Bauwesen und Engineering"},"content":{"rendered":"\n<h1 class=\"wp-block-heading\"><strong>Bau- und Ingenieurwesen<\/strong><\/h1>\n\n\n\n<div class=\"wp-block-columns is-layout-flex wp-container-core-columns-is-layout-9d6595d7 wp-block-columns-is-layout-flex\">\n<div class=\"wp-block-column is-layout-flow wp-block-column-is-layout-flow\">\n<div style=\"height:30px\" aria-hidden=\"true\" class=\"wp-block-spacer\"><\/div>\n\n\n\n<p>Unsere Bau- und Ingenieurleistungen reichen von der technischen Geb\u00e4udeausr\u00fcstung \u00fcber Bauingenieurwesen und Due Diligence bis hin zur technischen Bewertung. Erfahren Sie mehr dar\u00fcber, wie wir Sie unterst\u00fctzen k\u00f6nnen.<\/p>\n\n\n\n<div style=\"height:30px\" aria-hidden=\"true\" class=\"wp-block-spacer\"><\/div>\n\n\n\n<div class=\"wp-block-buttons is-layout-flex wp-block-buttons-is-layout-flex\">\n<div class=\"wp-block-button\"><a class=\"wp-block-button__link\" href=\"https:\/\/vrs-ssp.com\/de\/unsere-dienstleistungen\/bauwesen-und-ingenieurwesen\/tga-technische-gebaeudeausruestung\/\">TGA \u2013&nbsp;Technische Geb\u00e4udeausr\u00fcstung<\/a><\/div>\n<\/div>\n\n\n\n<div class=\"wp-block-buttons is-layout-flex wp-block-buttons-is-layout-flex\">\n<div class=\"wp-block-button\"><a class=\"wp-block-button__link\" href=\"https:\/\/vrs-ssp.com\/de\/unsere-dienstleistungen\/bauwesen-und-ingenieurwesen\/technische-bewertung\/\">Technische Bewertung<\/a><\/div>\n<\/div>\n\n\n\n<div class=\"wp-block-buttons is-layout-flex wp-block-buttons-is-layout-flex\">\n<div class=\"wp-block-button\"><a class=\"wp-block-button__link\" href=\"https:\/\/vrs-ssp.com\/de\/unsere-dienstleistungen\/bauwesen-und-ingenieurwesen\/due-diligence\/\">Due Diligence<\/a><\/div>\n<\/div>\n\n\n\n<div class=\"wp-block-buttons is-layout-flex wp-block-buttons-is-layout-flex\">\n<div class=\"wp-block-button\"><a class=\"wp-block-button__link\" href=\"https:\/\/vrs-ssp.com\/de\/unsere-dienstleistungen\/bauwesen-und-ingenieurwesen\/liegenschaftsbewertung\/\">Liegenschaftsbewertung<\/a><\/div>\n<\/div>\n\n\n\n<div class=\"wp-block-buttons is-layout-flex wp-block-buttons-is-layout-flex\">\n<div class=\"wp-block-button\"><a class=\"wp-block-button__link\" href=\"https:\/\/vrs-ssp.com\/de\/unsere-dienstleistungen\/\">Unsere Services<\/a><\/div>\n<\/div>\n<\/div>\n\n\n\n<div class=\"wp-block-column is-layout-flow wp-block-column-is-layout-flow\">\n<figure class=\"wp-block-image size-large\"><img decoding=\"async\" src=\"https:\/\/vrs-ssp.com\/wp-content\/uploads\/2020\/05\/P1890433-1024x848.jpg\" alt=\"\" class=\"wp-image-1566\"\/><\/figure>\n<\/div>\n<\/div>\n","protected":false},"excerpt":{"rendered":"<p>Bau- und Ingenieurwesen Unsere Bau- und Ingenieurleistungen reichen von der technischen Geb\u00e4udeausr\u00fcstung \u00fcber Bauingenieurwesen und Due Diligence bis hin zur technischen Bewertung. Erfahren Sie mehr dar\u00fcber, wie wir Sie unterst\u00fctzen k\u00f6nnen.<\/p>\n","protected":false},"author":1,"featured_media":0,"parent":2044,"menu_order":0,"comment_status":"closed","ping_status":"closed","template":"","meta":{"_acf_changed":false,"footnotes":""},"class_list":["post-2071","page","type-page","status-publish","hentry"],"acf":[],"yoast_head":"<!-- This site is optimized with the Yoast SEO plugin v27.4 - https:\/\/yoast.com\/product\/yoast-seo-wordpress\/ -->\n<title>Bauwesen und Engineering - DE-Sterkl<\/title>\n<meta name=\"robots\" content=\"index, follow, max-snippet:-1, max-image-preview:large, max-video-preview:-1\" \/>\n<link rel=\"canonical\" href=\"https:\/\/vrs-ssp.com\/de\/unsere-dienstleistungen\/bauwesen-und-ingenieurwesen\/\" \/>\n<meta property=\"og:locale\" content=\"de_DE\" \/>\n<meta property=\"og:type\" content=\"article\" \/>\n<meta property=\"og:title\" content=\"Bauwesen und Engineering - DE-Sterkl\" \/>\n<meta property=\"og:description\" content=\"Bau- und Ingenieurwesen Unsere Bau- und Ingenieurleistungen reichen von der technischen Geb\u00e4udeausr\u00fcstung \u00fcber Bauingenieurwesen und Due Diligence bis hin zur technischen Bewertung. Erfahren Sie mehr dar\u00fcber, wie wir Sie unterst\u00fctzen k\u00f6nnen.\" \/>\n<meta property=\"og:url\" content=\"https:\/\/vrs-ssp.com\/de\/unsere-dienstleistungen\/bauwesen-und-ingenieurwesen\/\" \/>\n<meta property=\"og:site_name\" content=\"DE-Sterkl\" \/>\n<meta property=\"article:modified_time\" content=\"2020-08-03T14:57:28+00:00\" \/>\n<meta property=\"og:image\" content=\"https:\/\/vrs-ssp.com\/wp-content\/uploads\/2020\/05\/P1890433-1024x848.jpg\" \/>\n<meta name=\"twitter:card\" content=\"summary_large_image\" \/>\n<script type=\"application\/ld+json\" class=\"yoast-schema-graph\">{\"@context\":\"https:\\\/\\\/schema.org\",\"@graph\":[{\"@type\":\"WebPage\",\"@id\":\"https:\\\/\\\/vrs-ssp.com\\\/de\\\/unsere-dienstleistungen\\\/bauwesen-und-ingenieurwesen\\\/\",\"url\":\"https:\\\/\\\/vrs-ssp.com\\\/de\\\/unsere-dienstleistungen\\\/bauwesen-und-ingenieurwesen\\\/\",\"name\":\"Bauwesen und Engineering - DE-Sterkl\",\"isPartOf\":{\"@id\":\"https:\\\/\\\/vrs-ssp.com\\\/de\\\/#website\"},\"primaryImageOfPage\":{\"@id\":\"https:\\\/\\\/vrs-ssp.com\\\/de\\\/unsere-dienstleistungen\\\/bauwesen-und-ingenieurwesen\\\/#primaryimage\"},\"image\":{\"@id\":\"https:\\\/\\\/vrs-ssp.com\\\/de\\\/unsere-dienstleistungen\\\/bauwesen-und-ingenieurwesen\\\/#primaryimage\"},\"thumbnailUrl\":\"https:\\\/\\\/vrs-ssp.com\\\/wp-content\\\/uploads\\\/2020\\\/05\\\/P1890433-1024x848.jpg\",\"datePublished\":\"2019-10-03T11:47:49+00:00\",\"dateModified\":\"2020-08-03T14:57:28+00:00\",\"breadcrumb\":{\"@id\":\"https:\\\/\\\/vrs-ssp.com\\\/de\\\/unsere-dienstleistungen\\\/bauwesen-und-ingenieurwesen\\\/#breadcrumb\"},\"inLanguage\":\"de\",\"potentialAction\":[{\"@type\":\"ReadAction\",\"target\":[\"https:\\\/\\\/vrs-ssp.com\\\/de\\\/unsere-dienstleistungen\\\/bauwesen-und-ingenieurwesen\\\/\"]}]},{\"@type\":\"ImageObject\",\"inLanguage\":\"de\",\"@id\":\"https:\\\/\\\/vrs-ssp.com\\\/de\\\/unsere-dienstleistungen\\\/bauwesen-und-ingenieurwesen\\\/#primaryimage\",\"url\":\"https:\\\/\\\/vrs-ssp.com\\\/wp-content\\\/uploads\\\/2020\\\/05\\\/P1890433-1024x848.jpg\",\"contentUrl\":\"https:\\\/\\\/vrs-ssp.com\\\/wp-content\\\/uploads\\\/2020\\\/05\\\/P1890433-1024x848.jpg\"},{\"@type\":\"BreadcrumbList\",\"@id\":\"https:\\\/\\\/vrs-ssp.com\\\/de\\\/unsere-dienstleistungen\\\/bauwesen-und-ingenieurwesen\\\/#breadcrumb\",\"itemListElement\":[{\"@type\":\"ListItem\",\"position\":1,\"name\":\"Startseite\",\"item\":\"https:\\\/\\\/vrs-ssp.com\\\/de\\\/\"},{\"@type\":\"ListItem\",\"position\":2,\"name\":\"Unsere Dienstleistungen\",\"item\":\"https:\\\/\\\/vrs-ssp.com\\\/de\\\/unsere-dienstleistungen\\\/\"},{\"@type\":\"ListItem\",\"position\":3,\"name\":\"Bauwesen und Engineering\"}]},{\"@type\":\"WebSite\",\"@id\":\"https:\\\/\\\/vrs-ssp.com\\\/de\\\/#website\",\"url\":\"https:\\\/\\\/vrs-ssp.com\\\/de\\\/\",\"name\":\"DE-Sterkl\",\"description\":\"Globale L\u00f6sungen. Lokale Expertise.\",\"potentialAction\":[{\"@type\":\"SearchAction\",\"target\":{\"@type\":\"EntryPoint\",\"urlTemplate\":\"https:\\\/\\\/vrs-ssp.com\\\/de\\\/?s={search_term_string}\"},\"query-input\":{\"@type\":\"PropertyValueSpecification\",\"valueRequired\":true,\"valueName\":\"search_term_string\"}}],\"inLanguage\":\"de\"}]}<\/script>\n<!-- \/ Yoast SEO plugin. -->","yoast_head_json":{"title":"Bauwesen und Engineering - DE-Sterkl","robots":{"index":"index","follow":"follow","max-snippet":"max-snippet:-1","max-image-preview":"max-image-preview:large","max-video-preview":"max-video-preview:-1"},"canonical":"https:\/\/vrs-ssp.com\/de\/unsere-dienstleistungen\/bauwesen-und-ingenieurwesen\/","og_locale":"de_DE","og_type":"article","og_title":"Bauwesen und Engineering - DE-Sterkl","og_description":"Bau- und Ingenieurwesen Unsere Bau- und Ingenieurleistungen reichen von der technischen Geb\u00e4udeausr\u00fcstung \u00fcber Bauingenieurwesen und Due Diligence bis hin zur technischen Bewertung. Erfahren Sie mehr dar\u00fcber, wie wir Sie unterst\u00fctzen k\u00f6nnen.","og_url":"https:\/\/vrs-ssp.com\/de\/unsere-dienstleistungen\/bauwesen-und-ingenieurwesen\/","og_site_name":"DE-Sterkl","article_modified_time":"2020-08-03T14:57:28+00:00","og_image":[{"url":"https:\/\/vrs-ssp.com\/wp-content\/uploads\/2020\/05\/P1890433-1024x848.jpg","type":"","width":"","height":""}],"twitter_card":"summary_large_image","schema":{"@context":"https:\/\/schema.org","@graph":[{"@type":"WebPage","@id":"https:\/\/vrs-ssp.com\/de\/unsere-dienstleistungen\/bauwesen-und-ingenieurwesen\/","url":"https:\/\/vrs-ssp.com\/de\/unsere-dienstleistungen\/bauwesen-und-ingenieurwesen\/","name":"Bauwesen und Engineering - DE-Sterkl","isPartOf":{"@id":"https:\/\/vrs-ssp.com\/de\/#website"},"primaryImageOfPage":{"@id":"https:\/\/vrs-ssp.com\/de\/unsere-dienstleistungen\/bauwesen-und-ingenieurwesen\/#primaryimage"},"image":{"@id":"https:\/\/vrs-ssp.com\/de\/unsere-dienstleistungen\/bauwesen-und-ingenieurwesen\/#primaryimage"},"thumbnailUrl":"https:\/\/vrs-ssp.com\/wp-content\/uploads\/2020\/05\/P1890433-1024x848.jpg","datePublished":"2019-10-03T11:47:49+00:00","dateModified":"2020-08-03T14:57:28+00:00","breadcrumb":{"@id":"https:\/\/vrs-ssp.com\/de\/unsere-dienstleistungen\/bauwesen-und-ingenieurwesen\/#breadcrumb"},"inLanguage":"de","potentialAction":[{"@type":"ReadAction","target":["https:\/\/vrs-ssp.com\/de\/unsere-dienstleistungen\/bauwesen-und-ingenieurwesen\/"]}]},{"@type":"ImageObject","inLanguage":"de","@id":"https:\/\/vrs-ssp.com\/de\/unsere-dienstleistungen\/bauwesen-und-ingenieurwesen\/#primaryimage","url":"https:\/\/vrs-ssp.com\/wp-content\/uploads\/2020\/05\/P1890433-1024x848.jpg","contentUrl":"https:\/\/vrs-ssp.com\/wp-content\/uploads\/2020\/05\/P1890433-1024x848.jpg"},{"@type":"BreadcrumbList","@id":"https:\/\/vrs-ssp.com\/de\/unsere-dienstleistungen\/bauwesen-und-ingenieurwesen\/#breadcrumb","itemListElement":[{"@type":"ListItem","position":1,"name":"Startseite","item":"https:\/\/vrs-ssp.com\/de\/"},{"@type":"ListItem","position":2,"name":"Unsere Dienstleistungen","item":"https:\/\/vrs-ssp.com\/de\/unsere-dienstleistungen\/"},{"@type":"ListItem","position":3,"name":"Bauwesen und Engineering"}]},{"@type":"WebSite","@id":"https:\/\/vrs-ssp.com\/de\/#website","url":"https:\/\/vrs-ssp.com\/de\/","name":"DE-Sterkl","description":"Globale L\u00f6sungen. Lokale Expertise.","potentialAction":[{"@type":"SearchAction","target":{"@type":"EntryPoint","urlTemplate":"https:\/\/vrs-ssp.com\/de\/?s={search_term_string}"},"query-input":{"@type":"PropertyValueSpecification","valueRequired":true,"valueName":"search_term_string"}}],"inLanguage":"de"}]}},"_links":{"self":[{"href":"https:\/\/vrs-ssp.com\/de\/wp-json\/wp\/v2\/pages\/2071","targetHints":{"allow":["GET"]}}],"collection":[{"href":"https:\/\/vrs-ssp.com\/de\/wp-json\/wp\/v2\/pages"}],"about":[{"href":"https:\/\/vrs-ssp.com\/de\/wp-json\/wp\/v2\/types\/page"}],"author":[{"embeddable":true,"href":"https:\/\/vrs-ssp.com\/de\/wp-json\/wp\/v2\/users\/1"}],"replies":[{"embeddable":true,"href":"https:\/\/vrs-ssp.com\/de\/wp-json\/wp\/v2\/comments?post=2071"}],"version-history":[{"count":10,"href":"https:\/\/vrs-ssp.com\/de\/wp-json\/wp\/v2\/pages\/2071\/revisions"}],"predecessor-version":[{"id":2425,"href":"https:\/\/vrs-ssp.com\/de\/wp-json\/wp\/v2\/pages\/2071\/revisions\/2425"}],"up":[{"embeddable":true,"href":"https:\/\/vrs-ssp.com\/de\/wp-json\/wp\/v2\/pages\/2044"}],"wp:attachment":[{"href":"https:\/\/vrs-ssp.com\/de\/wp-json\/wp\/v2\/media?parent=2071"}],"curies":[{"name":"wp","href":"https:\/\/api.w.org\/{rel}","templated":true}]}}