{"id":2073,"date":"2019-10-03T11:47:49","date_gmt":"2019-10-03T09:47:49","guid":{"rendered":"https:\/\/rel.sterkl.com\/solutions-services\/forensics\/"},"modified":"2020-08-19T11:40:54","modified_gmt":"2020-08-19T09:40:54","slug":"forensik","status":"publish","type":"page","link":"https:\/\/vrs-ssp.com\/de\/unsere-dienstleistungen\/forensik\/","title":{"rendered":"Forensische Analysen"},"content":{"rendered":"\n<h1 class=\"wp-block-heading\"><strong>Forensische Untersuchungen und Analysen<\/strong><\/h1>\n\n\n\n<p>Werkstoffanalysen werden h\u00e4ufig ben\u00f6tigt, um die Ursachen eines Schadens zu bestimmen. Wir bewerten zusammen mit nationalen und internationalen Experten makro- und mikroskopische Untersuchungen.<\/p>\n\n\n\n<p>Wir konzentrieren uns auf die Pr\u00fcfung von Metallen und Kunststoffen sowie die Bestimmung von Schadensursachen im Bereich Mechatronik. Dabei f\u00fchren wir Ursachenanalysen von IT-Sch\u00e4den, wie Prozesssteuerung, und Sch\u00e4den an IT-Ger\u00e4ten, wie Serverbr\u00e4nden usw., durch.<\/p>\n\n\n\n<div style=\"height:30px\" aria-hidden=\"true\" class=\"wp-block-spacer\"><\/div>\n\n\n\n<div class=\"wp-block-columns is-layout-flex wp-container-core-columns-is-layout-9d6595d7 wp-block-columns-is-layout-flex\">\n<div class=\"wp-block-column is-layout-flow wp-block-column-is-layout-flow\">\n<h3 class=\"wp-block-heading\"><strong>Was ist Forensic Engineering?<\/strong><\/h3>\n\n\n\n<p>Forensic Engineering ist die Untersuchung der Grundursachen des Versagens von Systemen und Werkstoffen, Baugruppen und Endprodukten. Zu Versagen z\u00e4hlen unter anderem Br\u00fcche, Risse oder funktionsbeeintr\u00e4chtigende St\u00f6rungen. Diese Art der Analyse ist f\u00fcr gew\u00f6hnlich komplex und erfordert mehrere Schritte, um eine aussagekr\u00e4ftige Analytik zu entwickeln. Forensic Engineering erfordert auch Fachwissen und Erfahrung mit interdisziplin\u00e4ren Natur- und Ingenieurwissenschaften.<\/p>\n\n\n\n<p>Unsere Experten haben mehr als drei Jahrzehnte Erfahrung im Forensic Engineering und in der Fehleranalyse. Unsere Ingenieure verf\u00fcgen \u00fcber Fachkenntnisse in den Bereichen Chemie, Elektronik, Mechanik und Werkstoffe, die gr\u00fcndlichste Untersuchungen und Analysen erm\u00f6glichen.<\/p>\n<\/div>\n\n\n\n<div class=\"wp-block-column is-layout-flow wp-block-column-is-layout-flow\">\n<figure class=\"wp-block-image size-large is-resized\"><img loading=\"lazy\" decoding=\"async\" src=\"https:\/\/vrs-ssp.com\/de\/wp-content\/uploads\/sites\/2\/2020\/05\/Statik_Bild-1-1024x502.jpg\" alt=\"\" class=\"wp-image-1556\" width=\"574\" height=\"281\" srcset=\"https:\/\/vrs-ssp.com\/de\/wp-content\/uploads\/sites\/2\/2020\/05\/Statik_Bild-1-1024x502.jpg 1024w, https:\/\/vrs-ssp.com\/de\/wp-content\/uploads\/sites\/2\/2020\/05\/Statik_Bild-1-300x147.jpg 300w, https:\/\/vrs-ssp.com\/de\/wp-content\/uploads\/sites\/2\/2020\/05\/Statik_Bild-1-768x376.jpg 768w, https:\/\/vrs-ssp.com\/de\/wp-content\/uploads\/sites\/2\/2020\/05\/Statik_Bild-1.jpg 1175w\" sizes=\"auto, (max-width: 574px) 100vw, 574px\" \/><\/figure>\n<\/div>\n<\/div>\n\n\n\n<div style=\"height:30px\" aria-hidden=\"true\" class=\"wp-block-spacer\"><\/div>\n\n\n\n<hr class=\"wp-block-separator is-style-wide\"\/>\n\n\n\n<div style=\"height:30px\" aria-hidden=\"true\" class=\"wp-block-spacer\"><\/div>\n\n\n\n<h2 class=\"wp-block-heading\"><strong>Rasterelektronenmikroskopie (REM) &amp; energiedispersive R\u00f6ntgenspektroskopie (EDS)<\/strong><\/h2>\n\n\n\n<p>REM-Analyse<\/p>\n\n\n\n<p>Die Rasterelektronenmikroskopie (REM) vergr\u00f6\u00dfert einen bestimmten Probenbereich unter Verwendung eines energiereichen fokussierten Elektronenstrahls. Die Probe befindet sich im Vakuum, um sicherzustellen, dass der Strahl fokussiert bleibt und nicht mit Partikeln in der Luft interagiert. Wenn der Elektronenstrahl die Probe trifft, werden Sekund\u00e4relektronen aus der Probe freigesetzt, die erfasst werden, um ein auf der Topographie der Oberfl\u00e4che basierendes Bild zu erhalten.<\/p>\n\n\n\n<p>Die Rasterelektronenmikroskopie (REM) versorgt forensische Pr\u00fcfer mit unverzichtbaren Bildern und analytischen M\u00f6glichkeiten, die andere Technologien nicht bieten.<\/p>\n\n\n\n<div style=\"height:30px\" aria-hidden=\"true\" class=\"wp-block-spacer\"><\/div>\n\n\n\n<div class=\"wp-block-columns is-layout-flex wp-container-core-columns-is-layout-9d6595d7 wp-block-columns-is-layout-flex\">\n<div class=\"wp-block-column is-layout-flow wp-block-column-is-layout-flow\">\n<div style=\"height:30px\" aria-hidden=\"true\" class=\"wp-block-spacer\"><\/div>\n\n\n\n<p><strong>EDS &#8211; Analys<\/strong>e<\/p>\n\n\n\n<p>Der mit der REM-Analyse bewertete Probenbereich kann f\u00fcr die Bestimmung der Elemente dieses Bereichs auch mittels energiedispersiver R\u00f6ntgenspektroskopie (EDS) analysiert werden, R\u00f6ntgenstrahlen werden auch von der Oberfl\u00e4che der Probe abgegeben. Diese tragen eine einzigartige Energiesignatur, die spezifisch f\u00fcr die Elemente ist, die in der Probe gefunden werden. Die EDS liefert Daten \u00fcber die chemische Zusammensetzung der Probe und zus\u00e4tzliche Daten zu den in der Rasterelektronenmikroskopie erfassten Eigenschaften<\/p>\n\n\n\n<div style=\"height:30px\" aria-hidden=\"true\" class=\"wp-block-spacer\"><\/div>\n\n\n\n<p><strong>ANWENDUNGEN<\/strong><\/p>\n\n\n\n<p>Forensische Anwendungen der Rasterelektronenmikroskopie umfassen die Analysen von Metallen, Kunststoffen und vieles mehr. Die Rasterelektronenmikroskopie (REM) ist ein unverzichtbares Werkzeug bei forensischen Untersuchungen geworden, dass die lichtmikroskopischen Spurennachweise, Bildvergleiche und R\u00f6ntgenmikroanalysen abl\u00f6st bzw. erg\u00e4nzt.<\/p>\n<\/div>\n\n\n\n<div class=\"wp-block-column is-layout-flow wp-block-column-is-layout-flow\">\n<figure class=\"wp-block-image size-large is-resized\"><img loading=\"lazy\" decoding=\"async\" src=\"https:\/\/vrs-ssp.com\/de\/wp-content\/uploads\/sites\/2\/2020\/05\/Messung-Schichtdicke-BH-1.jpg\" alt=\"\" class=\"wp-image-1448\" width=\"516\" height=\"387\" srcset=\"https:\/\/vrs-ssp.com\/de\/wp-content\/uploads\/sites\/2\/2020\/05\/Messung-Schichtdicke-BH-1.jpg 1024w, https:\/\/vrs-ssp.com\/de\/wp-content\/uploads\/sites\/2\/2020\/05\/Messung-Schichtdicke-BH-1-300x225.jpg 300w, https:\/\/vrs-ssp.com\/de\/wp-content\/uploads\/sites\/2\/2020\/05\/Messung-Schichtdicke-BH-1-768x576.jpg 768w\" sizes=\"auto, (max-width: 516px) 100vw, 516px\" \/><\/figure>\n<\/div>\n<\/div>\n\n\n\n<div class=\"wp-block-buttons is-layout-flex wp-block-buttons-is-layout-flex\">\n<div class=\"wp-block-button\"><a class=\"wp-block-button__link\" href=\"https:\/\/vrs-ssp.com\/de\/unsere-dienstleistungen\/\">Services<\/a><\/div>\n<\/div>\n","protected":false},"excerpt":{"rendered":"<p>Forensische Untersuchungen und Analysen Werkstoffanalysen werden h\u00e4ufig ben\u00f6tigt, um die Ursachen eines Schadens zu bestimmen. Wir bewerten zusammen mit nationalen und internationalen Experten makro- und mikroskopische Untersuchungen. Wir konzentrieren uns auf die Pr\u00fcfung von Metallen und Kunststoffen sowie die Bestimmung von Schadensursachen im Bereich Mechatronik. Dabei f\u00fchren wir Ursachenanalysen von IT-Sch\u00e4den, wie Prozesssteuerung, und Sch\u00e4den [&hellip;]<\/p>\n","protected":false},"author":1,"featured_media":0,"parent":2044,"menu_order":0,"comment_status":"closed","ping_status":"closed","template":"","meta":{"_acf_changed":false,"footnotes":""},"class_list":["post-2073","page","type-page","status-publish","hentry"],"acf":[],"yoast_head":"<!-- This site is optimized with the Yoast SEO plugin v27.4 - https:\/\/yoast.com\/product\/yoast-seo-wordpress\/ -->\n<title>Forensische Analysen - DE-Sterkl<\/title>\n<meta name=\"robots\" content=\"index, follow, max-snippet:-1, max-image-preview:large, max-video-preview:-1\" \/>\n<link rel=\"canonical\" href=\"https:\/\/vrs-ssp.com\/de\/unsere-dienstleistungen\/forensik\/\" \/>\n<meta property=\"og:locale\" content=\"de_DE\" \/>\n<meta property=\"og:type\" content=\"article\" \/>\n<meta property=\"og:title\" content=\"Forensische Analysen - DE-Sterkl\" \/>\n<meta property=\"og:description\" content=\"Forensische Untersuchungen und Analysen Werkstoffanalysen werden h\u00e4ufig ben\u00f6tigt, um die Ursachen eines Schadens zu bestimmen. Wir bewerten zusammen mit nationalen und internationalen Experten makro- und mikroskopische Untersuchungen. Wir konzentrieren uns auf die Pr\u00fcfung von Metallen und Kunststoffen sowie die Bestimmung von Schadensursachen im Bereich Mechatronik. Dabei f\u00fchren wir Ursachenanalysen von IT-Sch\u00e4den, wie Prozesssteuerung, und Sch\u00e4den [&hellip;]\" \/>\n<meta property=\"og:url\" content=\"https:\/\/vrs-ssp.com\/de\/unsere-dienstleistungen\/forensik\/\" \/>\n<meta property=\"og:site_name\" content=\"DE-Sterkl\" \/>\n<meta property=\"article:modified_time\" content=\"2020-08-19T09:40:54+00:00\" \/>\n<meta property=\"og:image\" content=\"https:\/\/vrs-ssp.com\/de\/wp-content\/uploads\/sites\/2\/2020\/05\/Statik_Bild-1-1024x502.jpg\" \/>\n<meta name=\"twitter:card\" content=\"summary_large_image\" \/>\n<meta name=\"twitter:label1\" content=\"Gesch\u00e4tzte Lesezeit\" \/>\n\t<meta name=\"twitter:data1\" content=\"2\u00a0Minuten\" \/>\n<script type=\"application\/ld+json\" class=\"yoast-schema-graph\">{\"@context\":\"https:\\\/\\\/schema.org\",\"@graph\":[{\"@type\":\"WebPage\",\"@id\":\"https:\\\/\\\/vrs-ssp.com\\\/de\\\/unsere-dienstleistungen\\\/forensik\\\/\",\"url\":\"https:\\\/\\\/vrs-ssp.com\\\/de\\\/unsere-dienstleistungen\\\/forensik\\\/\",\"name\":\"Forensische Analysen - DE-Sterkl\",\"isPartOf\":{\"@id\":\"https:\\\/\\\/vrs-ssp.com\\\/de\\\/#website\"},\"primaryImageOfPage\":{\"@id\":\"https:\\\/\\\/vrs-ssp.com\\\/de\\\/unsere-dienstleistungen\\\/forensik\\\/#primaryimage\"},\"image\":{\"@id\":\"https:\\\/\\\/vrs-ssp.com\\\/de\\\/unsere-dienstleistungen\\\/forensik\\\/#primaryimage\"},\"thumbnailUrl\":\"https:\\\/\\\/vrs-ssp.com\\\/de\\\/wp-content\\\/uploads\\\/sites\\\/2\\\/2020\\\/05\\\/Statik_Bild-1-1024x502.jpg\",\"datePublished\":\"2019-10-03T09:47:49+00:00\",\"dateModified\":\"2020-08-19T09:40:54+00:00\",\"breadcrumb\":{\"@id\":\"https:\\\/\\\/vrs-ssp.com\\\/de\\\/unsere-dienstleistungen\\\/forensik\\\/#breadcrumb\"},\"inLanguage\":\"de\",\"potentialAction\":[{\"@type\":\"ReadAction\",\"target\":[\"https:\\\/\\\/vrs-ssp.com\\\/de\\\/unsere-dienstleistungen\\\/forensik\\\/\"]}]},{\"@type\":\"ImageObject\",\"inLanguage\":\"de\",\"@id\":\"https:\\\/\\\/vrs-ssp.com\\\/de\\\/unsere-dienstleistungen\\\/forensik\\\/#primaryimage\",\"url\":\"https:\\\/\\\/vrs-ssp.com\\\/de\\\/wp-content\\\/uploads\\\/sites\\\/2\\\/2020\\\/05\\\/Statik_Bild-1.jpg\",\"contentUrl\":\"https:\\\/\\\/vrs-ssp.com\\\/de\\\/wp-content\\\/uploads\\\/sites\\\/2\\\/2020\\\/05\\\/Statik_Bild-1.jpg\",\"width\":1175,\"height\":576},{\"@type\":\"BreadcrumbList\",\"@id\":\"https:\\\/\\\/vrs-ssp.com\\\/de\\\/unsere-dienstleistungen\\\/forensik\\\/#breadcrumb\",\"itemListElement\":[{\"@type\":\"ListItem\",\"position\":1,\"name\":\"Startseite\",\"item\":\"https:\\\/\\\/vrs-ssp.com\\\/de\\\/\"},{\"@type\":\"ListItem\",\"position\":2,\"name\":\"Unsere Dienstleistungen\",\"item\":\"https:\\\/\\\/vrs-ssp.com\\\/de\\\/unsere-dienstleistungen\\\/\"},{\"@type\":\"ListItem\",\"position\":3,\"name\":\"Forensische Analysen\"}]},{\"@type\":\"WebSite\",\"@id\":\"https:\\\/\\\/vrs-ssp.com\\\/de\\\/#website\",\"url\":\"https:\\\/\\\/vrs-ssp.com\\\/de\\\/\",\"name\":\"DE-Sterkl\",\"description\":\"Globale L\u00f6sungen. Lokale Expertise.\",\"potentialAction\":[{\"@type\":\"SearchAction\",\"target\":{\"@type\":\"EntryPoint\",\"urlTemplate\":\"https:\\\/\\\/vrs-ssp.com\\\/de\\\/?s={search_term_string}\"},\"query-input\":{\"@type\":\"PropertyValueSpecification\",\"valueRequired\":true,\"valueName\":\"search_term_string\"}}],\"inLanguage\":\"de\"}]}<\/script>\n<!-- \/ Yoast SEO plugin. -->","yoast_head_json":{"title":"Forensische Analysen - DE-Sterkl","robots":{"index":"index","follow":"follow","max-snippet":"max-snippet:-1","max-image-preview":"max-image-preview:large","max-video-preview":"max-video-preview:-1"},"canonical":"https:\/\/vrs-ssp.com\/de\/unsere-dienstleistungen\/forensik\/","og_locale":"de_DE","og_type":"article","og_title":"Forensische Analysen - DE-Sterkl","og_description":"Forensische Untersuchungen und Analysen Werkstoffanalysen werden h\u00e4ufig ben\u00f6tigt, um die Ursachen eines Schadens zu bestimmen. Wir bewerten zusammen mit nationalen und internationalen Experten makro- und mikroskopische Untersuchungen. Wir konzentrieren uns auf die Pr\u00fcfung von Metallen und Kunststoffen sowie die Bestimmung von Schadensursachen im Bereich Mechatronik. Dabei f\u00fchren wir Ursachenanalysen von IT-Sch\u00e4den, wie Prozesssteuerung, und Sch\u00e4den [&hellip;]","og_url":"https:\/\/vrs-ssp.com\/de\/unsere-dienstleistungen\/forensik\/","og_site_name":"DE-Sterkl","article_modified_time":"2020-08-19T09:40:54+00:00","og_image":[{"url":"https:\/\/vrs-ssp.com\/de\/wp-content\/uploads\/sites\/2\/2020\/05\/Statik_Bild-1-1024x502.jpg","type":"","width":"","height":""}],"twitter_card":"summary_large_image","twitter_misc":{"Gesch\u00e4tzte Lesezeit":"2\u00a0Minuten"},"schema":{"@context":"https:\/\/schema.org","@graph":[{"@type":"WebPage","@id":"https:\/\/vrs-ssp.com\/de\/unsere-dienstleistungen\/forensik\/","url":"https:\/\/vrs-ssp.com\/de\/unsere-dienstleistungen\/forensik\/","name":"Forensische Analysen - DE-Sterkl","isPartOf":{"@id":"https:\/\/vrs-ssp.com\/de\/#website"},"primaryImageOfPage":{"@id":"https:\/\/vrs-ssp.com\/de\/unsere-dienstleistungen\/forensik\/#primaryimage"},"image":{"@id":"https:\/\/vrs-ssp.com\/de\/unsere-dienstleistungen\/forensik\/#primaryimage"},"thumbnailUrl":"https:\/\/vrs-ssp.com\/de\/wp-content\/uploads\/sites\/2\/2020\/05\/Statik_Bild-1-1024x502.jpg","datePublished":"2019-10-03T09:47:49+00:00","dateModified":"2020-08-19T09:40:54+00:00","breadcrumb":{"@id":"https:\/\/vrs-ssp.com\/de\/unsere-dienstleistungen\/forensik\/#breadcrumb"},"inLanguage":"de","potentialAction":[{"@type":"ReadAction","target":["https:\/\/vrs-ssp.com\/de\/unsere-dienstleistungen\/forensik\/"]}]},{"@type":"ImageObject","inLanguage":"de","@id":"https:\/\/vrs-ssp.com\/de\/unsere-dienstleistungen\/forensik\/#primaryimage","url":"https:\/\/vrs-ssp.com\/de\/wp-content\/uploads\/sites\/2\/2020\/05\/Statik_Bild-1.jpg","contentUrl":"https:\/\/vrs-ssp.com\/de\/wp-content\/uploads\/sites\/2\/2020\/05\/Statik_Bild-1.jpg","width":1175,"height":576},{"@type":"BreadcrumbList","@id":"https:\/\/vrs-ssp.com\/de\/unsere-dienstleistungen\/forensik\/#breadcrumb","itemListElement":[{"@type":"ListItem","position":1,"name":"Startseite","item":"https:\/\/vrs-ssp.com\/de\/"},{"@type":"ListItem","position":2,"name":"Unsere Dienstleistungen","item":"https:\/\/vrs-ssp.com\/de\/unsere-dienstleistungen\/"},{"@type":"ListItem","position":3,"name":"Forensische Analysen"}]},{"@type":"WebSite","@id":"https:\/\/vrs-ssp.com\/de\/#website","url":"https:\/\/vrs-ssp.com\/de\/","name":"DE-Sterkl","description":"Globale L\u00f6sungen. Lokale Expertise.","potentialAction":[{"@type":"SearchAction","target":{"@type":"EntryPoint","urlTemplate":"https:\/\/vrs-ssp.com\/de\/?s={search_term_string}"},"query-input":{"@type":"PropertyValueSpecification","valueRequired":true,"valueName":"search_term_string"}}],"inLanguage":"de"}]}},"_links":{"self":[{"href":"https:\/\/vrs-ssp.com\/de\/wp-json\/wp\/v2\/pages\/2073","targetHints":{"allow":["GET"]}}],"collection":[{"href":"https:\/\/vrs-ssp.com\/de\/wp-json\/wp\/v2\/pages"}],"about":[{"href":"https:\/\/vrs-ssp.com\/de\/wp-json\/wp\/v2\/types\/page"}],"author":[{"embeddable":true,"href":"https:\/\/vrs-ssp.com\/de\/wp-json\/wp\/v2\/users\/1"}],"replies":[{"embeddable":true,"href":"https:\/\/vrs-ssp.com\/de\/wp-json\/wp\/v2\/comments?post=2073"}],"version-history":[{"count":9,"href":"https:\/\/vrs-ssp.com\/de\/wp-json\/wp\/v2\/pages\/2073\/revisions"}],"predecessor-version":[{"id":2499,"href":"https:\/\/vrs-ssp.com\/de\/wp-json\/wp\/v2\/pages\/2073\/revisions\/2499"}],"up":[{"embeddable":true,"href":"https:\/\/vrs-ssp.com\/de\/wp-json\/wp\/v2\/pages\/2044"}],"wp:attachment":[{"href":"https:\/\/vrs-ssp.com\/de\/wp-json\/wp\/v2\/media?parent=2073"}],"curies":[{"name":"wp","href":"https:\/\/api.w.org\/{rel}","templated":true}]}}