{"id":2075,"date":"2019-10-03T11:47:49","date_gmt":"2019-10-03T11:47:49","guid":{"rendered":"https:\/\/rel.sterkl.com\/solutions-services\/cargo-marine\/"},"modified":"2020-08-03T17:18:07","modified_gmt":"2020-08-03T15:18:07","slug":"transportschaeden-havarieschaeden","status":"publish","type":"page","link":"https:\/\/vrs-ssp.com\/de\/unsere-dienstleistungen\/transportschaeden-havarieschaeden\/","title":{"rendered":"Transport- und Havariesch\u00e4den"},"content":{"rendered":"\n<h1 class=\"wp-block-heading\"><strong>Havarie-, Transport-, Verkehrshaftungs- und Warensch\u00e4den<\/strong><\/h1>\n\n\n\n<div class=\"wp-block-columns is-layout-flex wp-container-core-columns-is-layout-9d6595d7 wp-block-columns-is-layout-flex\">\n<div class=\"wp-block-column is-layout-flow wp-block-column-is-layout-flow\">\n<p><\/p>\n\n\n\n<p>Gerade im Transportsektor sind Kompetenz, Verantwortungsbewusstsein, Schnelligkeit und Flexibilit\u00e4t ausschlaggebend. Unser dichtes Niederlassungsnetz gew\u00e4hrleistet eine kurze Reaktionszeit und rasche Besichtigungen in unseren Vertretungsgebieten. Die zentrale Lage des Hauptstandorts in Leonding, im logistischen Herzen \u00d6sterreichs und die Lagen der Niederlassungen in den Ballungszentren erm\u00f6glichen es uns die Anfahrtszeit und -strecken zu minimieren und somit kosteneffizient zu arbeiten.<\/p>\n\n\n\n<p>Unsere Experten besichtigen Waren- und Transportsch\u00e4den aller Art. Unser kompetentes Netz an Partnern und Mitarbeitern bietet ein breites Spektrum an Fachwissen. Maschinen, Elektrische Anlagen, Chemie-, Natur- und Baustoffe, Lebensmittel und temperaturgef\u00fchrte Transporte sind nur ein kleiner Auszug unseres m\u00f6glichen Spektrums.<\/p>\n\n\n\n<p>Wir agieren gegebenenfalls innerhalb weniger Stunden und liefern unmittelbar nach unseren Besichtigungen bereits die ersten wichtigen Informationen an unsere Auftraggeber. Gegebenenfalls unterst\u00fctzen wir bei der Verwertung von Schadwaren um die Sch\u00e4den m\u00f6glichst gering zu halten.<\/p>\n\n\n\n<p>Die Erstellung ausf\u00fchrlicher Fotodokumentationen mit bestem Equipment f\u00fcr nachvollziehbare Entscheidungen ist f\u00fcr unsere Experten Voraussetzung.<\/p>\n<\/div>\n\n\n\n<div class=\"wp-block-column is-layout-flow wp-block-column-is-layout-flow\">\n<figure class=\"wp-block-image size-large is-style-default\"><img decoding=\"async\" src=\"https:\/\/vrs-ssp.com\/wp-content\/uploads\/2020\/07\/AdobeStock_307305671-1024x674.jpeg\" alt=\"\" class=\"wp-image-1985\"\/><\/figure>\n\n\n\n<div style=\"height:20px\" aria-hidden=\"true\" class=\"wp-block-spacer\"><\/div>\n\n\n\n<p>Wir recherchieren hartn\u00e4ckig und gezielt jene Informationen und Unterlagen, welche insbesondere f\u00fcr Assekuradeure und Versicherer f\u00fcr die Schadensregulierung entscheidend sind.<\/p>\n<\/div>\n<\/div>\n\n\n\n<p><\/p>\n\n\n\n<div style=\"height:20px\" aria-hidden=\"true\" class=\"wp-block-spacer\"><\/div>\n\n\n\n<div class=\"wp-block-button alignleft\"><a class=\"wp-block-button__link\" href=\"https:\/\/vrs-ssp.com\/de\/unsere-dienstleistungen\/\">Zur\u00fcck zu unseren Services<\/a><\/div>\n\n\n\n<p><\/p>\n","protected":false},"excerpt":{"rendered":"<p>Havarie-, Transport-, Verkehrshaftungs- und Warensch\u00e4den Gerade im Transportsektor sind Kompetenz, Verantwortungsbewusstsein, Schnelligkeit und Flexibilit\u00e4t ausschlaggebend. Unser dichtes Niederlassungsnetz gew\u00e4hrleistet eine kurze Reaktionszeit und rasche Besichtigungen in unseren Vertretungsgebieten. Die zentrale Lage des Hauptstandorts in Leonding, im logistischen Herzen \u00d6sterreichs und die Lagen der Niederlassungen in den Ballungszentren erm\u00f6glichen es uns die Anfahrtszeit und -strecken zu [&hellip;]<\/p>\n","protected":false},"author":1,"featured_media":0,"parent":2044,"menu_order":0,"comment_status":"closed","ping_status":"closed","template":"","meta":{"_acf_changed":false,"footnotes":""},"class_list":["post-2075","page","type-page","status-publish","hentry"],"acf":[],"yoast_head":"<!-- This site is optimized with the Yoast SEO plugin v27.3 - https:\/\/yoast.com\/product\/yoast-seo-wordpress\/ -->\n<title>Transport- und Havariesch\u00e4den - DE-Sterkl<\/title>\n<meta name=\"robots\" content=\"index, follow, max-snippet:-1, max-image-preview:large, max-video-preview:-1\" \/>\n<link rel=\"canonical\" href=\"https:\/\/vrs-ssp.com\/de\/unsere-dienstleistungen\/transportschaeden-havarieschaeden\/\" \/>\n<meta property=\"og:locale\" content=\"de_DE\" \/>\n<meta property=\"og:type\" content=\"article\" \/>\n<meta property=\"og:title\" content=\"Transport- und Havariesch\u00e4den - DE-Sterkl\" \/>\n<meta property=\"og:description\" content=\"Havarie-, Transport-, Verkehrshaftungs- und Warensch\u00e4den Gerade im Transportsektor sind Kompetenz, Verantwortungsbewusstsein, Schnelligkeit und Flexibilit\u00e4t ausschlaggebend. Unser dichtes Niederlassungsnetz gew\u00e4hrleistet eine kurze Reaktionszeit und rasche Besichtigungen in unseren Vertretungsgebieten. Die zentrale Lage des Hauptstandorts in Leonding, im logistischen Herzen \u00d6sterreichs und die Lagen der Niederlassungen in den Ballungszentren erm\u00f6glichen es uns die Anfahrtszeit und -strecken zu [&hellip;]\" \/>\n<meta property=\"og:url\" content=\"https:\/\/vrs-ssp.com\/de\/unsere-dienstleistungen\/transportschaeden-havarieschaeden\/\" \/>\n<meta property=\"og:site_name\" content=\"DE-Sterkl\" \/>\n<meta property=\"article:modified_time\" content=\"2020-08-03T15:18:07+00:00\" \/>\n<meta property=\"og:image\" content=\"https:\/\/vrs-ssp.com\/wp-content\/uploads\/2020\/07\/AdobeStock_307305671-1024x674.jpeg\" \/>\n<meta name=\"twitter:card\" content=\"summary_large_image\" \/>\n<meta name=\"twitter:label1\" content=\"Gesch\u00e4tzte Lesezeit\" \/>\n\t<meta name=\"twitter:data1\" content=\"1\u00a0Minute\" \/>\n<script type=\"application\/ld+json\" class=\"yoast-schema-graph\">{\"@context\":\"https:\\\/\\\/schema.org\",\"@graph\":[{\"@type\":\"WebPage\",\"@id\":\"https:\\\/\\\/vrs-ssp.com\\\/de\\\/unsere-dienstleistungen\\\/transportschaeden-havarieschaeden\\\/\",\"url\":\"https:\\\/\\\/vrs-ssp.com\\\/de\\\/unsere-dienstleistungen\\\/transportschaeden-havarieschaeden\\\/\",\"name\":\"Transport- und Havariesch\u00e4den - DE-Sterkl\",\"isPartOf\":{\"@id\":\"https:\\\/\\\/vrs-ssp.com\\\/de\\\/#website\"},\"primaryImageOfPage\":{\"@id\":\"https:\\\/\\\/vrs-ssp.com\\\/de\\\/unsere-dienstleistungen\\\/transportschaeden-havarieschaeden\\\/#primaryimage\"},\"image\":{\"@id\":\"https:\\\/\\\/vrs-ssp.com\\\/de\\\/unsere-dienstleistungen\\\/transportschaeden-havarieschaeden\\\/#primaryimage\"},\"thumbnailUrl\":\"https:\\\/\\\/vrs-ssp.com\\\/wp-content\\\/uploads\\\/2020\\\/07\\\/AdobeStock_307305671-1024x674.jpeg\",\"datePublished\":\"2019-10-03T11:47:49+00:00\",\"dateModified\":\"2020-08-03T15:18:07+00:00\",\"breadcrumb\":{\"@id\":\"https:\\\/\\\/vrs-ssp.com\\\/de\\\/unsere-dienstleistungen\\\/transportschaeden-havarieschaeden\\\/#breadcrumb\"},\"inLanguage\":\"de\",\"potentialAction\":[{\"@type\":\"ReadAction\",\"target\":[\"https:\\\/\\\/vrs-ssp.com\\\/de\\\/unsere-dienstleistungen\\\/transportschaeden-havarieschaeden\\\/\"]}]},{\"@type\":\"ImageObject\",\"inLanguage\":\"de\",\"@id\":\"https:\\\/\\\/vrs-ssp.com\\\/de\\\/unsere-dienstleistungen\\\/transportschaeden-havarieschaeden\\\/#primaryimage\",\"url\":\"https:\\\/\\\/vrs-ssp.com\\\/wp-content\\\/uploads\\\/2020\\\/07\\\/AdobeStock_307305671-1024x674.jpeg\",\"contentUrl\":\"https:\\\/\\\/vrs-ssp.com\\\/wp-content\\\/uploads\\\/2020\\\/07\\\/AdobeStock_307305671-1024x674.jpeg\"},{\"@type\":\"BreadcrumbList\",\"@id\":\"https:\\\/\\\/vrs-ssp.com\\\/de\\\/unsere-dienstleistungen\\\/transportschaeden-havarieschaeden\\\/#breadcrumb\",\"itemListElement\":[{\"@type\":\"ListItem\",\"position\":1,\"name\":\"Startseite\",\"item\":\"https:\\\/\\\/vrs-ssp.com\\\/de\\\/\"},{\"@type\":\"ListItem\",\"position\":2,\"name\":\"Unsere Dienstleistungen\",\"item\":\"https:\\\/\\\/vrs-ssp.com\\\/de\\\/unsere-dienstleistungen\\\/\"},{\"@type\":\"ListItem\",\"position\":3,\"name\":\"Transport- und Havariesch\u00e4den\"}]},{\"@type\":\"WebSite\",\"@id\":\"https:\\\/\\\/vrs-ssp.com\\\/de\\\/#website\",\"url\":\"https:\\\/\\\/vrs-ssp.com\\\/de\\\/\",\"name\":\"DE-Sterkl\",\"description\":\"Globale L\u00f6sungen. Lokale Expertise.\",\"potentialAction\":[{\"@type\":\"SearchAction\",\"target\":{\"@type\":\"EntryPoint\",\"urlTemplate\":\"https:\\\/\\\/vrs-ssp.com\\\/de\\\/?s={search_term_string}\"},\"query-input\":{\"@type\":\"PropertyValueSpecification\",\"valueRequired\":true,\"valueName\":\"search_term_string\"}}],\"inLanguage\":\"de\"}]}<\/script>\n<!-- \/ Yoast SEO plugin. -->","yoast_head_json":{"title":"Transport- und Havariesch\u00e4den - DE-Sterkl","robots":{"index":"index","follow":"follow","max-snippet":"max-snippet:-1","max-image-preview":"max-image-preview:large","max-video-preview":"max-video-preview:-1"},"canonical":"https:\/\/vrs-ssp.com\/de\/unsere-dienstleistungen\/transportschaeden-havarieschaeden\/","og_locale":"de_DE","og_type":"article","og_title":"Transport- und Havariesch\u00e4den - DE-Sterkl","og_description":"Havarie-, Transport-, Verkehrshaftungs- und Warensch\u00e4den Gerade im Transportsektor sind Kompetenz, Verantwortungsbewusstsein, Schnelligkeit und Flexibilit\u00e4t ausschlaggebend. Unser dichtes Niederlassungsnetz gew\u00e4hrleistet eine kurze Reaktionszeit und rasche Besichtigungen in unseren Vertretungsgebieten. Die zentrale Lage des Hauptstandorts in Leonding, im logistischen Herzen \u00d6sterreichs und die Lagen der Niederlassungen in den Ballungszentren erm\u00f6glichen es uns die Anfahrtszeit und -strecken zu [&hellip;]","og_url":"https:\/\/vrs-ssp.com\/de\/unsere-dienstleistungen\/transportschaeden-havarieschaeden\/","og_site_name":"DE-Sterkl","article_modified_time":"2020-08-03T15:18:07+00:00","og_image":[{"url":"https:\/\/vrs-ssp.com\/wp-content\/uploads\/2020\/07\/AdobeStock_307305671-1024x674.jpeg","type":"","width":"","height":""}],"twitter_card":"summary_large_image","twitter_misc":{"Gesch\u00e4tzte Lesezeit":"1\u00a0Minute"},"schema":{"@context":"https:\/\/schema.org","@graph":[{"@type":"WebPage","@id":"https:\/\/vrs-ssp.com\/de\/unsere-dienstleistungen\/transportschaeden-havarieschaeden\/","url":"https:\/\/vrs-ssp.com\/de\/unsere-dienstleistungen\/transportschaeden-havarieschaeden\/","name":"Transport- und Havariesch\u00e4den - DE-Sterkl","isPartOf":{"@id":"https:\/\/vrs-ssp.com\/de\/#website"},"primaryImageOfPage":{"@id":"https:\/\/vrs-ssp.com\/de\/unsere-dienstleistungen\/transportschaeden-havarieschaeden\/#primaryimage"},"image":{"@id":"https:\/\/vrs-ssp.com\/de\/unsere-dienstleistungen\/transportschaeden-havarieschaeden\/#primaryimage"},"thumbnailUrl":"https:\/\/vrs-ssp.com\/wp-content\/uploads\/2020\/07\/AdobeStock_307305671-1024x674.jpeg","datePublished":"2019-10-03T11:47:49+00:00","dateModified":"2020-08-03T15:18:07+00:00","breadcrumb":{"@id":"https:\/\/vrs-ssp.com\/de\/unsere-dienstleistungen\/transportschaeden-havarieschaeden\/#breadcrumb"},"inLanguage":"de","potentialAction":[{"@type":"ReadAction","target":["https:\/\/vrs-ssp.com\/de\/unsere-dienstleistungen\/transportschaeden-havarieschaeden\/"]}]},{"@type":"ImageObject","inLanguage":"de","@id":"https:\/\/vrs-ssp.com\/de\/unsere-dienstleistungen\/transportschaeden-havarieschaeden\/#primaryimage","url":"https:\/\/vrs-ssp.com\/wp-content\/uploads\/2020\/07\/AdobeStock_307305671-1024x674.jpeg","contentUrl":"https:\/\/vrs-ssp.com\/wp-content\/uploads\/2020\/07\/AdobeStock_307305671-1024x674.jpeg"},{"@type":"BreadcrumbList","@id":"https:\/\/vrs-ssp.com\/de\/unsere-dienstleistungen\/transportschaeden-havarieschaeden\/#breadcrumb","itemListElement":[{"@type":"ListItem","position":1,"name":"Startseite","item":"https:\/\/vrs-ssp.com\/de\/"},{"@type":"ListItem","position":2,"name":"Unsere Dienstleistungen","item":"https:\/\/vrs-ssp.com\/de\/unsere-dienstleistungen\/"},{"@type":"ListItem","position":3,"name":"Transport- und Havariesch\u00e4den"}]},{"@type":"WebSite","@id":"https:\/\/vrs-ssp.com\/de\/#website","url":"https:\/\/vrs-ssp.com\/de\/","name":"DE-Sterkl","description":"Globale L\u00f6sungen. Lokale Expertise.","potentialAction":[{"@type":"SearchAction","target":{"@type":"EntryPoint","urlTemplate":"https:\/\/vrs-ssp.com\/de\/?s={search_term_string}"},"query-input":{"@type":"PropertyValueSpecification","valueRequired":true,"valueName":"search_term_string"}}],"inLanguage":"de"}]}},"_links":{"self":[{"href":"https:\/\/vrs-ssp.com\/de\/wp-json\/wp\/v2\/pages\/2075","targetHints":{"allow":["GET"]}}],"collection":[{"href":"https:\/\/vrs-ssp.com\/de\/wp-json\/wp\/v2\/pages"}],"about":[{"href":"https:\/\/vrs-ssp.com\/de\/wp-json\/wp\/v2\/types\/page"}],"author":[{"embeddable":true,"href":"https:\/\/vrs-ssp.com\/de\/wp-json\/wp\/v2\/users\/1"}],"replies":[{"embeddable":true,"href":"https:\/\/vrs-ssp.com\/de\/wp-json\/wp\/v2\/comments?post=2075"}],"version-history":[{"count":6,"href":"https:\/\/vrs-ssp.com\/de\/wp-json\/wp\/v2\/pages\/2075\/revisions"}],"predecessor-version":[{"id":2443,"href":"https:\/\/vrs-ssp.com\/de\/wp-json\/wp\/v2\/pages\/2075\/revisions\/2443"}],"up":[{"embeddable":true,"href":"https:\/\/vrs-ssp.com\/de\/wp-json\/wp\/v2\/pages\/2044"}],"wp:attachment":[{"href":"https:\/\/vrs-ssp.com\/de\/wp-json\/wp\/v2\/media?parent=2075"}],"curies":[{"name":"wp","href":"https:\/\/api.w.org\/{rel}","templated":true}]}}