{"id":2079,"date":"2019-10-03T11:47:49","date_gmt":"2019-10-03T09:47:49","guid":{"rendered":"https:\/\/rel.sterkl.com\/about-us\/"},"modified":"2020-12-07T17:38:34","modified_gmt":"2020-12-07T16:38:34","slug":"ueber-uns","status":"publish","type":"page","link":"https:\/\/vrs-ssp.com\/de\/ueber-uns\/","title":{"rendered":"\u00dcber uns"},"content":{"rendered":"\n<div class=\"wp-block-group\"><div class=\"wp-block-group__inner-container is-layout-flow wp-block-group-is-layout-flow\">\n<h1 class=\"wp-block-heading\">\u00dcber uns<\/h1>\n<\/div><\/div>\n\n\n\n<div class=\"wp-block-columns is-layout-flex wp-container-core-columns-is-layout-9d6595d7 wp-block-columns-is-layout-flex\">\n<div class=\"wp-block-column is-layout-flow wp-block-column-is-layout-flow\">\n<p>In der <strong>vrs-SSP<\/strong> bieten wir unabh\u00e4ngige Schadenregulierungs- und Schadenmanagement-Dienstleistungen an, die perfekt auf die Bed\u00fcrfnisse unserer Kunden zugeschnitten sind.<\/p>\n\n\n\n<p>Unser Grundsatz ist einfach: Durch technische Exzellenz, optimierte Prozesse und vor allem durch hochqualifizierte Fachleute auf allen Ebenen erbringen wir in allen uns anvertrauten Angelegenheiten gleichbleibend hochwertige Dienstleistungen. Indem wir diese Werte leben, sind wir in vrs-SSP stolz darauf, eine h\u00f6chst vertrauensw\u00fcrdige Quelle f\u00fcr fachkundige Unterst\u00fctzung bei unseren Kunden zu sein, was sich auch in einer hohen Kundenzufriedenheit und langfristigen Kundenbindung ausdr\u00fcckt.<\/p>\n\n\n\n<p>Mit 17 B\u00fcros in der CEE-Region und durch unser globales Netzwerk sind wir bereit, unsere Kunden bei der Bearbeitung eines breiten Spektrums von Schadensf\u00e4llen in \u00fcber 140 L\u00e4ndern der Welt zu unterst\u00fctzen.<\/p>\n<\/div>\n\n\n\n<div class=\"wp-block-column is-layout-flow wp-block-column-is-layout-flow\">\n<p>Erfahren Sie mehr \u00fcber uns und wie wir Sie unterst\u00fctzen k\u00f6nnen.<\/p>\n\n\n\n<div class=\"wp-block-columns is-layout-flex wp-container-core-columns-is-layout-9d6595d7 wp-block-columns-is-layout-flex\">\n<div class=\"wp-block-column is-layout-flow wp-block-column-is-layout-flow\">\n<div class=\"wp-block-buttons is-layout-flex wp-block-buttons-is-layout-flex\">\n<div class=\"wp-block-button\"><a class=\"wp-block-button__link\" href=\"https:\/\/vrs-ssp.com\/de\/ueber-uns\/geschichte\/\">Geschichte<\/a><\/div>\n\n\n\n<div class=\"wp-block-button\"><a class=\"wp-block-button__link\" href=\"https:\/\/vrs-ssp.com\/de\/ueber-uns\/grundwerte\/\">Grundwerte<\/a><\/div>\n\n\n\n<div class=\"wp-block-button\"><a class=\"wp-block-button__link\" href=\"https:\/\/vrs-ssp.com\/de\/ueber-uns\/social-engangement\/\">Social engagement<\/a><\/div>\n\n\n\n<div class=\"wp-block-button\"><a class=\"wp-block-button__link\" href=\"https:\/\/vrs-ssp.com\/de\/ueber-uns\/unser-team\/\">Unser Team<\/a><\/div>\n\n\n\n<div class=\"wp-block-button\"><a class=\"wp-block-button__link\" href=\"https:\/\/vrs-ssp.com\/de\/ueber-uns\/firmenportrait\/\">Firmenportrait<\/a><\/div>\n\n\n\n<div class=\"wp-block-button\"><a class=\"wp-block-button__link\" href=\"https:\/\/vrs-ssp.com\/de\/ueber-uns\/internationales-netzwerk\/\">International. Netzwerk<\/a><\/div>\n\n\n\n<div class=\"wp-block-button\"><a class=\"wp-block-button__link\" href=\"https:\/\/vrs-ssp.com\/de\/ueber-uns\/karriere\/\">Karriere<\/a><\/div>\n<\/div>\n<\/div>\n\n\n\n<div class=\"wp-block-column is-layout-flow wp-block-column-is-layout-flow\" style=\"flex-basis:42%\">\n<div class=\"wp-block-buttons is-layout-flex wp-block-buttons-is-layout-flex\">\n<div class=\"wp-block-button\"><a class=\"wp-block-button__link\" href=\"https:\/\/vrs-ssp.com\/de\/unsere-dienstleistungen\/\">Unsere Services<\/a><\/div>\n<\/div>\n<\/div>\n<\/div>\n\n\n\n<p><\/p>\n<\/div>\n<\/div>\n\n\n\n<p><\/p>\n","protected":false},"excerpt":{"rendered":"<p>\u00dcber uns In der vrs-SSP bieten wir unabh\u00e4ngige Schadenregulierungs- und Schadenmanagement-Dienstleistungen an, die perfekt auf die Bed\u00fcrfnisse unserer Kunden zugeschnitten sind. Unser Grundsatz ist einfach: Durch technische Exzellenz, optimierte Prozesse und vor allem durch hochqualifizierte Fachleute auf allen Ebenen erbringen wir in allen uns anvertrauten Angelegenheiten gleichbleibend hochwertige Dienstleistungen. Indem wir diese Werte leben, sind [&hellip;]<\/p>\n","protected":false},"author":1,"featured_media":0,"parent":0,"menu_order":0,"comment_status":"closed","ping_status":"closed","template":"","meta":{"_acf_changed":false,"footnotes":""},"class_list":["post-2079","page","type-page","status-publish","hentry"],"acf":[],"yoast_head":"<!-- This site is optimized with the Yoast SEO plugin v27.4 - https:\/\/yoast.com\/product\/yoast-seo-wordpress\/ -->\n<title>\u00dcber uns - DE-Sterkl<\/title>\n<meta name=\"description\" content=\"Die vrs-SSP stellts sich vor. Unabh\u00e4ngige Schadenregulierungs- und Schadenmanagement-Dienstleistungen auf die Bed\u00fcrfnisse unserer Kunden zugeschnitten\" \/>\n<meta name=\"robots\" content=\"index, follow, max-snippet:-1, max-image-preview:large, max-video-preview:-1\" \/>\n<link rel=\"canonical\" href=\"https:\/\/vrs-ssp.com\/de\/ueber-uns\/\" \/>\n<meta property=\"og:locale\" content=\"de_DE\" \/>\n<meta property=\"og:type\" content=\"article\" \/>\n<meta property=\"og:title\" content=\"\u00dcber uns - DE-Sterkl\" \/>\n<meta property=\"og:description\" content=\"Die vrs-SSP stellts sich vor. Unabh\u00e4ngige Schadenregulierungs- und Schadenmanagement-Dienstleistungen auf die Bed\u00fcrfnisse unserer Kunden zugeschnitten\" \/>\n<meta property=\"og:url\" content=\"https:\/\/vrs-ssp.com\/de\/ueber-uns\/\" \/>\n<meta property=\"og:site_name\" content=\"DE-Sterkl\" \/>\n<meta property=\"article:modified_time\" content=\"2020-12-07T16:38:34+00:00\" \/>\n<meta name=\"twitter:card\" content=\"summary_large_image\" \/>\n<meta name=\"twitter:label1\" content=\"Gesch\u00e4tzte Lesezeit\" \/>\n\t<meta name=\"twitter:data1\" content=\"1\u00a0Minute\" \/>\n<script type=\"application\/ld+json\" class=\"yoast-schema-graph\">{\"@context\":\"https:\\\/\\\/schema.org\",\"@graph\":[{\"@type\":\"WebPage\",\"@id\":\"https:\\\/\\\/vrs-ssp.com\\\/de\\\/ueber-uns\\\/\",\"url\":\"https:\\\/\\\/vrs-ssp.com\\\/de\\\/ueber-uns\\\/\",\"name\":\"\u00dcber uns - DE-Sterkl\",\"isPartOf\":{\"@id\":\"https:\\\/\\\/vrs-ssp.com\\\/de\\\/#website\"},\"datePublished\":\"2019-10-03T09:47:49+00:00\",\"dateModified\":\"2020-12-07T16:38:34+00:00\",\"description\":\"Die vrs-SSP stellts sich vor. Unabh\u00e4ngige Schadenregulierungs- und Schadenmanagement-Dienstleistungen auf die Bed\u00fcrfnisse unserer Kunden zugeschnitten\",\"breadcrumb\":{\"@id\":\"https:\\\/\\\/vrs-ssp.com\\\/de\\\/ueber-uns\\\/#breadcrumb\"},\"inLanguage\":\"de\",\"potentialAction\":[{\"@type\":\"ReadAction\",\"target\":[\"https:\\\/\\\/vrs-ssp.com\\\/de\\\/ueber-uns\\\/\"]}]},{\"@type\":\"BreadcrumbList\",\"@id\":\"https:\\\/\\\/vrs-ssp.com\\\/de\\\/ueber-uns\\\/#breadcrumb\",\"itemListElement\":[{\"@type\":\"ListItem\",\"position\":1,\"name\":\"Startseite\",\"item\":\"https:\\\/\\\/vrs-ssp.com\\\/de\\\/\"},{\"@type\":\"ListItem\",\"position\":2,\"name\":\"\u00dcber uns\"}]},{\"@type\":\"WebSite\",\"@id\":\"https:\\\/\\\/vrs-ssp.com\\\/de\\\/#website\",\"url\":\"https:\\\/\\\/vrs-ssp.com\\\/de\\\/\",\"name\":\"DE-Sterkl\",\"description\":\"Globale L\u00f6sungen. Lokale Expertise.\",\"potentialAction\":[{\"@type\":\"SearchAction\",\"target\":{\"@type\":\"EntryPoint\",\"urlTemplate\":\"https:\\\/\\\/vrs-ssp.com\\\/de\\\/?s={search_term_string}\"},\"query-input\":{\"@type\":\"PropertyValueSpecification\",\"valueRequired\":true,\"valueName\":\"search_term_string\"}}],\"inLanguage\":\"de\"}]}<\/script>\n<!-- \/ Yoast SEO plugin. -->","yoast_head_json":{"title":"\u00dcber uns - DE-Sterkl","description":"Die vrs-SSP stellts sich vor. Unabh\u00e4ngige Schadenregulierungs- und Schadenmanagement-Dienstleistungen auf die Bed\u00fcrfnisse unserer Kunden zugeschnitten","robots":{"index":"index","follow":"follow","max-snippet":"max-snippet:-1","max-image-preview":"max-image-preview:large","max-video-preview":"max-video-preview:-1"},"canonical":"https:\/\/vrs-ssp.com\/de\/ueber-uns\/","og_locale":"de_DE","og_type":"article","og_title":"\u00dcber uns - DE-Sterkl","og_description":"Die vrs-SSP stellts sich vor. Unabh\u00e4ngige Schadenregulierungs- und Schadenmanagement-Dienstleistungen auf die Bed\u00fcrfnisse unserer Kunden zugeschnitten","og_url":"https:\/\/vrs-ssp.com\/de\/ueber-uns\/","og_site_name":"DE-Sterkl","article_modified_time":"2020-12-07T16:38:34+00:00","twitter_card":"summary_large_image","twitter_misc":{"Gesch\u00e4tzte Lesezeit":"1\u00a0Minute"},"schema":{"@context":"https:\/\/schema.org","@graph":[{"@type":"WebPage","@id":"https:\/\/vrs-ssp.com\/de\/ueber-uns\/","url":"https:\/\/vrs-ssp.com\/de\/ueber-uns\/","name":"\u00dcber uns - DE-Sterkl","isPartOf":{"@id":"https:\/\/vrs-ssp.com\/de\/#website"},"datePublished":"2019-10-03T09:47:49+00:00","dateModified":"2020-12-07T16:38:34+00:00","description":"Die vrs-SSP stellts sich vor. Unabh\u00e4ngige Schadenregulierungs- und Schadenmanagement-Dienstleistungen auf die Bed\u00fcrfnisse unserer Kunden zugeschnitten","breadcrumb":{"@id":"https:\/\/vrs-ssp.com\/de\/ueber-uns\/#breadcrumb"},"inLanguage":"de","potentialAction":[{"@type":"ReadAction","target":["https:\/\/vrs-ssp.com\/de\/ueber-uns\/"]}]},{"@type":"BreadcrumbList","@id":"https:\/\/vrs-ssp.com\/de\/ueber-uns\/#breadcrumb","itemListElement":[{"@type":"ListItem","position":1,"name":"Startseite","item":"https:\/\/vrs-ssp.com\/de\/"},{"@type":"ListItem","position":2,"name":"\u00dcber uns"}]},{"@type":"WebSite","@id":"https:\/\/vrs-ssp.com\/de\/#website","url":"https:\/\/vrs-ssp.com\/de\/","name":"DE-Sterkl","description":"Globale L\u00f6sungen. Lokale Expertise.","potentialAction":[{"@type":"SearchAction","target":{"@type":"EntryPoint","urlTemplate":"https:\/\/vrs-ssp.com\/de\/?s={search_term_string}"},"query-input":{"@type":"PropertyValueSpecification","valueRequired":true,"valueName":"search_term_string"}}],"inLanguage":"de"}]}},"_links":{"self":[{"href":"https:\/\/vrs-ssp.com\/de\/wp-json\/wp\/v2\/pages\/2079","targetHints":{"allow":["GET"]}}],"collection":[{"href":"https:\/\/vrs-ssp.com\/de\/wp-json\/wp\/v2\/pages"}],"about":[{"href":"https:\/\/vrs-ssp.com\/de\/wp-json\/wp\/v2\/types\/page"}],"author":[{"embeddable":true,"href":"https:\/\/vrs-ssp.com\/de\/wp-json\/wp\/v2\/users\/1"}],"replies":[{"embeddable":true,"href":"https:\/\/vrs-ssp.com\/de\/wp-json\/wp\/v2\/comments?post=2079"}],"version-history":[{"count":36,"href":"https:\/\/vrs-ssp.com\/de\/wp-json\/wp\/v2\/pages\/2079\/revisions"}],"predecessor-version":[{"id":2580,"href":"https:\/\/vrs-ssp.com\/de\/wp-json\/wp\/v2\/pages\/2079\/revisions\/2580"}],"wp:attachment":[{"href":"https:\/\/vrs-ssp.com\/de\/wp-json\/wp\/v2\/media?parent=2079"}],"curies":[{"name":"wp","href":"https:\/\/api.w.org\/{rel}","templated":true}]}}