{"id":210,"date":"2019-12-04T12:43:19","date_gmt":"2019-12-04T11:43:19","guid":{"rendered":"https:\/\/rel.sterkl.com\/?page_id=210"},"modified":"2020-08-20T12:24:55","modified_gmt":"2020-08-20T10:24:55","slug":"liegenschaftsbewertung","status":"publish","type":"page","link":"https:\/\/vrs-ssp.com\/de\/unsere-dienstleistungen\/bauwesen-und-ingenieurwesen\/liegenschaftsbewertung\/","title":{"rendered":"Liegenschaftsbewertung"},"content":{"rendered":"\n<h1 class=\"wp-block-heading\">Liegenschaftsbewertung<\/h1>\n\n\n\n<p>Die <strong>vrs-SSP <\/strong>bietet Ihnen das breite Leistungsspektrum des Bauingenieurwesens an.<\/p>\n\n\n\n<p>Wir passen unsere Teams den individuellen Anforderungen Ihres Projektes an und k\u00f6nnen Sie von der Idee bis zur Inbetriebnahme begleiten.<\/p>\n\n\n\n<div style=\"height:20px\" aria-hidden=\"true\" class=\"wp-block-spacer\"><\/div>\n\n\n\n<div class=\"wp-block-columns is-layout-flex wp-container-core-columns-is-layout-9d6595d7 wp-block-columns-is-layout-flex\">\n<div class=\"wp-block-column is-layout-flow wp-block-column-is-layout-flow\">\n<div style=\"height:20px\" aria-hidden=\"true\" class=\"wp-block-spacer\"><\/div>\n\n\n\n<p>Unsere Statiker berechnen f\u00fcr Sie fast alles was sich berechnen l\u00e4sst, in allen Disziplinen und Werkstoffen, vom Aluminium \u00fcber den Stahlbetonbau, \u00fcber den Grundbau der Baudynamik wie Erdbebennachweise von bestehenden und neuen Geb\u00e4uden \u00fcber die statische Begleitung von Sanierungen bis zu Revitalisierungen.<\/p>\n\n\n\n<p>Zu unseren Spezialgebieten geh\u00f6rt die Beurteilung von Bestandstragwerken und Spezialuntersuchungen.<\/p>\n\n\n\n<p>Selbstverst\u00e4ndlich k\u00f6nnen wir Sie auch umfassend bauphysikalisch und abdichtungstechnisch beraten, auch im Umgang mit den Werkstoffen Holz und Glas.<\/p>\n<\/div>\n\n\n\n<div class=\"wp-block-column is-layout-flow wp-block-column-is-layout-flow\">\n<div class=\"wp-block-image\"><figure class=\"alignright size-full\"><img loading=\"lazy\" decoding=\"async\" width=\"1000\" height=\"567\" src=\"https:\/\/vrs-ssp.com\/de\/wp-content\/uploads\/sites\/2\/2020\/03\/real-estate-evaluation-e1583755074657.jpeg\" alt=\"Real Estate Evaluation\" class=\"wp-image-617\" srcset=\"https:\/\/vrs-ssp.com\/de\/wp-content\/uploads\/sites\/2\/2020\/03\/real-estate-evaluation-e1583755074657.jpeg 1000w, https:\/\/vrs-ssp.com\/de\/wp-content\/uploads\/sites\/2\/2020\/03\/real-estate-evaluation-e1583755074657-300x170.jpeg 300w, https:\/\/vrs-ssp.com\/de\/wp-content\/uploads\/sites\/2\/2020\/03\/real-estate-evaluation-e1583755074657-768x435.jpeg 768w\" sizes=\"auto, (max-width: 1000px) 100vw, 1000px\" \/><\/figure><\/div>\n<\/div>\n<\/div>\n\n\n\n<hr class=\"wp-block-separator is-style-wide\"\/>\n\n\n\n<div style=\"height:20px\" aria-hidden=\"true\" class=\"wp-block-spacer\"><\/div>\n\n\n\n<h3 class=\"wp-block-heading\">All-round Engineering-Dienstleistungen, die perfekt auf Ihre Bed\u00fcrfnisse zugeschnitten sind<\/h3>\n\n\n\n<div class=\"wp-block-columns is-layout-flex wp-container-core-columns-is-layout-9d6595d7 wp-block-columns-is-layout-flex\">\n<div class=\"wp-block-column is-layout-flow wp-block-column-is-layout-flow\">\n<div class=\"wp-block-image\"><figure class=\"alignleft size-full\"><img loading=\"lazy\" decoding=\"async\" width=\"1000\" height=\"667\" src=\"https:\/\/vrs-ssp.com\/de\/wp-content\/uploads\/sites\/2\/2020\/03\/real-estate-evaluation2.jpeg\" alt=\"Real Estate Evaluations\" class=\"wp-image-621\" srcset=\"https:\/\/vrs-ssp.com\/de\/wp-content\/uploads\/sites\/2\/2020\/03\/real-estate-evaluation2.jpeg 1000w, https:\/\/vrs-ssp.com\/de\/wp-content\/uploads\/sites\/2\/2020\/03\/real-estate-evaluation2-300x200.jpeg 300w, https:\/\/vrs-ssp.com\/de\/wp-content\/uploads\/sites\/2\/2020\/03\/real-estate-evaluation2-768x512.jpeg 768w\" sizes=\"auto, (max-width: 1000px) 100vw, 1000px\" \/><\/figure><\/div>\n<\/div>\n\n\n\n<div class=\"wp-block-column is-layout-flow wp-block-column-is-layout-flow\">\n<div style=\"height:23px\" aria-hidden=\"true\" class=\"wp-block-spacer\"><\/div>\n\n\n\n<p>Wir sind Ihr kompetenter Ansprechpartner im Bereich Infrastruktur und Umwelttechnik. Unser Angebot reicht von der ersten Planung, \u00fcber die Bauausschreibung und die \u00f6rtliche Bauaufsicht bis hin zur Beweissicherung sowie zur Gutachtenserstellung.<\/p>\n\n\n\n<p>Zur Vervollst\u00e4ndigung werden hier auch Spezialgebiete, wie Stra\u00dfen- und Brunnenbeweissicherungen und Ersch\u00fctterungsmessungen angeboten.<\/p>\n\n\n\n<p>Der Projekterfolg h\u00e4ngt nicht alleine von der Qualit\u00e4t der Planung, sondern auch von der professionellen Umsetzung bei der Ausschreibung, der Projektsteuerung oder der \u00f6rtlichen Bauaufsicht ab. Je nach Disziplin, egal ob Hoch- oder Tiefbau, stellen wir ma\u00dfgeschneiderte Teams f\u00fcr Sie zusammen.<\/p>\n\n\n\n<p>Als Teil der SSP-Gruppe liegt unser Hauptaugenmerk auch auf der Erstellung von Versicherungsgutachten.<\/p>\n<\/div>\n<\/div>\n\n\n\n<div class=\"wp-block-buttons is-layout-flex wp-block-buttons-is-layout-flex\">\n<div class=\"wp-block-button\"><a class=\"wp-block-button__link\" href=\"https:\/\/vrs-ssp.com\/de\/unsere-dienstleistungen\/bauwesen-und-ingenieurwesen\/\"><strong>Bau- und Ingenieurwesen<\/strong><\/a><\/div>\n<\/div>\n\n\n\n<p><\/p>\n","protected":false},"excerpt":{"rendered":"<p>Liegenschaftsbewertung Die vrs-SSP bietet Ihnen das breite Leistungsspektrum des Bauingenieurwesens an. Wir passen unsere Teams den individuellen Anforderungen Ihres Projektes an und k\u00f6nnen Sie von der Idee bis zur Inbetriebnahme begleiten. Unsere Statiker berechnen f\u00fcr Sie fast alles was sich berechnen l\u00e4sst, in allen Disziplinen und Werkstoffen, vom Aluminium \u00fcber den Stahlbetonbau, \u00fcber den Grundbau [&hellip;]<\/p>\n","protected":false},"author":1,"featured_media":0,"parent":2071,"menu_order":0,"comment_status":"closed","ping_status":"closed","template":"","meta":{"_acf_changed":false,"footnotes":""},"class_list":["post-210","page","type-page","status-publish","hentry"],"acf":[],"yoast_head":"<!-- This site is optimized with the Yoast SEO plugin v27.4 - https:\/\/yoast.com\/product\/yoast-seo-wordpress\/ -->\n<title>Liegenschaftsbewertung - DE-Sterkl<\/title>\n<meta name=\"robots\" content=\"index, follow, max-snippet:-1, max-image-preview:large, max-video-preview:-1\" \/>\n<link rel=\"canonical\" href=\"https:\/\/vrs-ssp.com\/de\/unsere-dienstleistungen\/bauwesen-und-ingenieurwesen\/liegenschaftsbewertung\/\" \/>\n<meta property=\"og:locale\" content=\"de_DE\" \/>\n<meta property=\"og:type\" content=\"article\" \/>\n<meta property=\"og:title\" content=\"Liegenschaftsbewertung - DE-Sterkl\" \/>\n<meta property=\"og:description\" content=\"Liegenschaftsbewertung Die vrs-SSP bietet Ihnen das breite Leistungsspektrum des Bauingenieurwesens an. Wir passen unsere Teams den individuellen Anforderungen Ihres Projektes an und k\u00f6nnen Sie von der Idee bis zur Inbetriebnahme begleiten. Unsere Statiker berechnen f\u00fcr Sie fast alles was sich berechnen l\u00e4sst, in allen Disziplinen und Werkstoffen, vom Aluminium \u00fcber den Stahlbetonbau, \u00fcber den Grundbau [&hellip;]\" \/>\n<meta property=\"og:url\" content=\"https:\/\/vrs-ssp.com\/de\/unsere-dienstleistungen\/bauwesen-und-ingenieurwesen\/liegenschaftsbewertung\/\" \/>\n<meta property=\"og:site_name\" content=\"DE-Sterkl\" \/>\n<meta property=\"article:modified_time\" content=\"2020-08-20T10:24:55+00:00\" \/>\n<meta property=\"og:image\" content=\"https:\/\/vrs-ssp.com\/de\/wp-content\/uploads\/sites\/2\/2020\/03\/real-estate-evaluation-e1583755074657.jpeg\" \/>\n<meta name=\"twitter:card\" content=\"summary_large_image\" \/>\n<meta name=\"twitter:label1\" content=\"Gesch\u00e4tzte Lesezeit\" \/>\n\t<meta name=\"twitter:data1\" content=\"1\u00a0Minute\" \/>\n<script type=\"application\/ld+json\" class=\"yoast-schema-graph\">{\"@context\":\"https:\\\/\\\/schema.org\",\"@graph\":[{\"@type\":\"WebPage\",\"@id\":\"https:\\\/\\\/vrs-ssp.com\\\/de\\\/unsere-dienstleistungen\\\/bauwesen-und-ingenieurwesen\\\/liegenschaftsbewertung\\\/\",\"url\":\"https:\\\/\\\/vrs-ssp.com\\\/de\\\/unsere-dienstleistungen\\\/bauwesen-und-ingenieurwesen\\\/liegenschaftsbewertung\\\/\",\"name\":\"Liegenschaftsbewertung - DE-Sterkl\",\"isPartOf\":{\"@id\":\"https:\\\/\\\/vrs-ssp.com\\\/de\\\/#website\"},\"primaryImageOfPage\":{\"@id\":\"https:\\\/\\\/vrs-ssp.com\\\/de\\\/unsere-dienstleistungen\\\/bauwesen-und-ingenieurwesen\\\/liegenschaftsbewertung\\\/#primaryimage\"},\"image\":{\"@id\":\"https:\\\/\\\/vrs-ssp.com\\\/de\\\/unsere-dienstleistungen\\\/bauwesen-und-ingenieurwesen\\\/liegenschaftsbewertung\\\/#primaryimage\"},\"thumbnailUrl\":\"https:\\\/\\\/vrs-ssp.com\\\/de\\\/wp-content\\\/uploads\\\/sites\\\/2\\\/2020\\\/03\\\/real-estate-evaluation-e1583755074657.jpeg\",\"datePublished\":\"2019-12-04T11:43:19+00:00\",\"dateModified\":\"2020-08-20T10:24:55+00:00\",\"breadcrumb\":{\"@id\":\"https:\\\/\\\/vrs-ssp.com\\\/de\\\/unsere-dienstleistungen\\\/bauwesen-und-ingenieurwesen\\\/liegenschaftsbewertung\\\/#breadcrumb\"},\"inLanguage\":\"de\",\"potentialAction\":[{\"@type\":\"ReadAction\",\"target\":[\"https:\\\/\\\/vrs-ssp.com\\\/de\\\/unsere-dienstleistungen\\\/bauwesen-und-ingenieurwesen\\\/liegenschaftsbewertung\\\/\"]}]},{\"@type\":\"ImageObject\",\"inLanguage\":\"de\",\"@id\":\"https:\\\/\\\/vrs-ssp.com\\\/de\\\/unsere-dienstleistungen\\\/bauwesen-und-ingenieurwesen\\\/liegenschaftsbewertung\\\/#primaryimage\",\"url\":\"https:\\\/\\\/vrs-ssp.com\\\/de\\\/wp-content\\\/uploads\\\/sites\\\/2\\\/2020\\\/03\\\/real-estate-evaluation-e1583755074657.jpeg\",\"contentUrl\":\"https:\\\/\\\/vrs-ssp.com\\\/de\\\/wp-content\\\/uploads\\\/sites\\\/2\\\/2020\\\/03\\\/real-estate-evaluation-e1583755074657.jpeg\",\"width\":1000,\"height\":567,\"caption\":\"Real Estate Evaluation\"},{\"@type\":\"BreadcrumbList\",\"@id\":\"https:\\\/\\\/vrs-ssp.com\\\/de\\\/unsere-dienstleistungen\\\/bauwesen-und-ingenieurwesen\\\/liegenschaftsbewertung\\\/#breadcrumb\",\"itemListElement\":[{\"@type\":\"ListItem\",\"position\":1,\"name\":\"Startseite\",\"item\":\"https:\\\/\\\/vrs-ssp.com\\\/de\\\/\"},{\"@type\":\"ListItem\",\"position\":2,\"name\":\"Unsere Dienstleistungen\",\"item\":\"https:\\\/\\\/vrs-ssp.com\\\/de\\\/unsere-dienstleistungen\\\/\"},{\"@type\":\"ListItem\",\"position\":3,\"name\":\"Bauwesen und Engineering\",\"item\":\"https:\\\/\\\/vrs-ssp.com\\\/de\\\/unsere-dienstleistungen\\\/bauwesen-und-ingenieurwesen\\\/\"},{\"@type\":\"ListItem\",\"position\":4,\"name\":\"Liegenschaftsbewertung\"}]},{\"@type\":\"WebSite\",\"@id\":\"https:\\\/\\\/vrs-ssp.com\\\/de\\\/#website\",\"url\":\"https:\\\/\\\/vrs-ssp.com\\\/de\\\/\",\"name\":\"DE-Sterkl\",\"description\":\"Globale L\u00f6sungen. Lokale Expertise.\",\"potentialAction\":[{\"@type\":\"SearchAction\",\"target\":{\"@type\":\"EntryPoint\",\"urlTemplate\":\"https:\\\/\\\/vrs-ssp.com\\\/de\\\/?s={search_term_string}\"},\"query-input\":{\"@type\":\"PropertyValueSpecification\",\"valueRequired\":true,\"valueName\":\"search_term_string\"}}],\"inLanguage\":\"de\"}]}<\/script>\n<!-- \/ Yoast SEO plugin. -->","yoast_head_json":{"title":"Liegenschaftsbewertung - DE-Sterkl","robots":{"index":"index","follow":"follow","max-snippet":"max-snippet:-1","max-image-preview":"max-image-preview:large","max-video-preview":"max-video-preview:-1"},"canonical":"https:\/\/vrs-ssp.com\/de\/unsere-dienstleistungen\/bauwesen-und-ingenieurwesen\/liegenschaftsbewertung\/","og_locale":"de_DE","og_type":"article","og_title":"Liegenschaftsbewertung - DE-Sterkl","og_description":"Liegenschaftsbewertung Die vrs-SSP bietet Ihnen das breite Leistungsspektrum des Bauingenieurwesens an. Wir passen unsere Teams den individuellen Anforderungen Ihres Projektes an und k\u00f6nnen Sie von der Idee bis zur Inbetriebnahme begleiten. Unsere Statiker berechnen f\u00fcr Sie fast alles was sich berechnen l\u00e4sst, in allen Disziplinen und Werkstoffen, vom Aluminium \u00fcber den Stahlbetonbau, \u00fcber den Grundbau [&hellip;]","og_url":"https:\/\/vrs-ssp.com\/de\/unsere-dienstleistungen\/bauwesen-und-ingenieurwesen\/liegenschaftsbewertung\/","og_site_name":"DE-Sterkl","article_modified_time":"2020-08-20T10:24:55+00:00","og_image":[{"url":"https:\/\/vrs-ssp.com\/de\/wp-content\/uploads\/sites\/2\/2020\/03\/real-estate-evaluation-e1583755074657.jpeg","type":"","width":"","height":""}],"twitter_card":"summary_large_image","twitter_misc":{"Gesch\u00e4tzte Lesezeit":"1\u00a0Minute"},"schema":{"@context":"https:\/\/schema.org","@graph":[{"@type":"WebPage","@id":"https:\/\/vrs-ssp.com\/de\/unsere-dienstleistungen\/bauwesen-und-ingenieurwesen\/liegenschaftsbewertung\/","url":"https:\/\/vrs-ssp.com\/de\/unsere-dienstleistungen\/bauwesen-und-ingenieurwesen\/liegenschaftsbewertung\/","name":"Liegenschaftsbewertung - DE-Sterkl","isPartOf":{"@id":"https:\/\/vrs-ssp.com\/de\/#website"},"primaryImageOfPage":{"@id":"https:\/\/vrs-ssp.com\/de\/unsere-dienstleistungen\/bauwesen-und-ingenieurwesen\/liegenschaftsbewertung\/#primaryimage"},"image":{"@id":"https:\/\/vrs-ssp.com\/de\/unsere-dienstleistungen\/bauwesen-und-ingenieurwesen\/liegenschaftsbewertung\/#primaryimage"},"thumbnailUrl":"https:\/\/vrs-ssp.com\/de\/wp-content\/uploads\/sites\/2\/2020\/03\/real-estate-evaluation-e1583755074657.jpeg","datePublished":"2019-12-04T11:43:19+00:00","dateModified":"2020-08-20T10:24:55+00:00","breadcrumb":{"@id":"https:\/\/vrs-ssp.com\/de\/unsere-dienstleistungen\/bauwesen-und-ingenieurwesen\/liegenschaftsbewertung\/#breadcrumb"},"inLanguage":"de","potentialAction":[{"@type":"ReadAction","target":["https:\/\/vrs-ssp.com\/de\/unsere-dienstleistungen\/bauwesen-und-ingenieurwesen\/liegenschaftsbewertung\/"]}]},{"@type":"ImageObject","inLanguage":"de","@id":"https:\/\/vrs-ssp.com\/de\/unsere-dienstleistungen\/bauwesen-und-ingenieurwesen\/liegenschaftsbewertung\/#primaryimage","url":"https:\/\/vrs-ssp.com\/de\/wp-content\/uploads\/sites\/2\/2020\/03\/real-estate-evaluation-e1583755074657.jpeg","contentUrl":"https:\/\/vrs-ssp.com\/de\/wp-content\/uploads\/sites\/2\/2020\/03\/real-estate-evaluation-e1583755074657.jpeg","width":1000,"height":567,"caption":"Real Estate Evaluation"},{"@type":"BreadcrumbList","@id":"https:\/\/vrs-ssp.com\/de\/unsere-dienstleistungen\/bauwesen-und-ingenieurwesen\/liegenschaftsbewertung\/#breadcrumb","itemListElement":[{"@type":"ListItem","position":1,"name":"Startseite","item":"https:\/\/vrs-ssp.com\/de\/"},{"@type":"ListItem","position":2,"name":"Unsere Dienstleistungen","item":"https:\/\/vrs-ssp.com\/de\/unsere-dienstleistungen\/"},{"@type":"ListItem","position":3,"name":"Bauwesen und Engineering","item":"https:\/\/vrs-ssp.com\/de\/unsere-dienstleistungen\/bauwesen-und-ingenieurwesen\/"},{"@type":"ListItem","position":4,"name":"Liegenschaftsbewertung"}]},{"@type":"WebSite","@id":"https:\/\/vrs-ssp.com\/de\/#website","url":"https:\/\/vrs-ssp.com\/de\/","name":"DE-Sterkl","description":"Globale L\u00f6sungen. Lokale Expertise.","potentialAction":[{"@type":"SearchAction","target":{"@type":"EntryPoint","urlTemplate":"https:\/\/vrs-ssp.com\/de\/?s={search_term_string}"},"query-input":{"@type":"PropertyValueSpecification","valueRequired":true,"valueName":"search_term_string"}}],"inLanguage":"de"}]}},"_links":{"self":[{"href":"https:\/\/vrs-ssp.com\/de\/wp-json\/wp\/v2\/pages\/210","targetHints":{"allow":["GET"]}}],"collection":[{"href":"https:\/\/vrs-ssp.com\/de\/wp-json\/wp\/v2\/pages"}],"about":[{"href":"https:\/\/vrs-ssp.com\/de\/wp-json\/wp\/v2\/types\/page"}],"author":[{"embeddable":true,"href":"https:\/\/vrs-ssp.com\/de\/wp-json\/wp\/v2\/users\/1"}],"replies":[{"embeddable":true,"href":"https:\/\/vrs-ssp.com\/de\/wp-json\/wp\/v2\/comments?post=210"}],"version-history":[{"count":9,"href":"https:\/\/vrs-ssp.com\/de\/wp-json\/wp\/v2\/pages\/210\/revisions"}],"predecessor-version":[{"id":2530,"href":"https:\/\/vrs-ssp.com\/de\/wp-json\/wp\/v2\/pages\/210\/revisions\/2530"}],"up":[{"embeddable":true,"href":"https:\/\/vrs-ssp.com\/de\/wp-json\/wp\/v2\/pages\/2071"}],"wp:attachment":[{"href":"https:\/\/vrs-ssp.com\/de\/wp-json\/wp\/v2\/media?parent=210"}],"curies":[{"name":"wp","href":"https:\/\/api.w.org\/{rel}","templated":true}]}}