{"id":212,"date":"2019-12-04T12:43:08","date_gmt":"2019-12-04T12:43:08","guid":{"rendered":"https:\/\/rel.sterkl.com\/?page_id=212"},"modified":"2020-08-03T16:53:04","modified_gmt":"2020-08-03T14:53:04","slug":"due-diligence","status":"publish","type":"page","link":"https:\/\/vrs-ssp.com\/de\/unsere-dienstleistungen\/bauwesen-und-ingenieurwesen\/due-diligence\/","title":{"rendered":"Due Diligence"},"content":{"rendered":"\n<h1 class=\"wp-block-heading\">T<strong>echnische Due Diligence<\/strong><\/h1>\n\n\n\n<div class=\"wp-block-columns is-layout-flex wp-container-core-columns-is-layout-9d6595d7 wp-block-columns-is-layout-flex\">\n<div class=\"wp-block-column is-layout-flow wp-block-column-is-layout-flow\">\n<p>Unter einer \u201eDue Diligence\u201c (DD) wird im Allgemeinen eine mit gebotener Sorgfalt durchzuf\u00fchrende Analyse, Pr\u00fcfung und Bewertung eines Objektes im Rahmen einer beabsichtigten Transaktion durch Fachleute verstanden.<\/p>\n\n\n\n<div style=\"height:20px\" aria-hidden=\"true\" class=\"wp-block-spacer\"><\/div>\n\n\n\n<p><strong>Eine Due Diligence wird dabei meist in folgende 2 Bereiche unterteilt:&nbsp;&nbsp;&nbsp;&nbsp;<\/strong><\/p>\n\n\n\n<ul class=\"wp-block-list\"><li>DD zu Recht, Finanzen &amp; Steuern<\/li><li>Technische DD<\/li><\/ul>\n<\/div>\n\n\n\n<div class=\"wp-block-column is-layout-flow wp-block-column-is-layout-flow\">\n<p>Als ein Teil zur Erh\u00f6hung der Genauigkeit der Wertermittlung des Objektes, f\u00fchren wir f\u00fcr Sie (in Erg\u00e4nzung zur DD zu Recht, Finanzen &amp; Steuern) eine technische Analyse der St\u00e4rken und Schw\u00e4chen des jeweiligen Objektes &#8211; inkl. der Bewertung m\u00f6glicher Chancen und Risiken \u2013 durch.  Dies dient zur Schaffung einer verbesserten und m\u00f6glichst transparenten Entscheidungsgrundlage f\u00fcr Sie bzw. den Investor.<\/p>\n<\/div>\n<\/div>\n\n\n\n<hr class=\"wp-block-separator has-text-color has-background has-luminous-vivid-amber-background-color has-luminous-vivid-amber-color is-style-wide\"\/>\n\n\n\n<div style=\"height:60px\" aria-hidden=\"true\" class=\"wp-block-spacer\"><\/div>\n\n\n\n<div class=\"wp-block-columns is-layout-flex wp-container-core-columns-is-layout-9d6595d7 wp-block-columns-is-layout-flex\">\n<div class=\"wp-block-column is-layout-flow wp-block-column-is-layout-flow\">\n<p><strong>Der Inhalt der Technischen DD ist jeweils auftrags- &amp; objektbezogen gem\u00e4\u00df den Anforderungen des Auftraggebers spezifisch zu vereinbaren und enth\u00e4lt dabei (beispielhaft) wie folgt:<\/strong><\/p>\n\n\n\n<div class=\"wp-block-columns is-layout-flex wp-container-core-columns-is-layout-9d6595d7 wp-block-columns-is-layout-flex\">\n<div class=\"wp-block-column is-layout-flow wp-block-column-is-layout-flow\">\n<ul>\n<li>Objektbericht \u2013 Geb\u00e4ude<\/li>\n<li>Allgemeine Projektdaten<\/li>\n<li>Bau und Ausstattungsstandards<\/li>\n<li>Brandschutz<\/li>\n<li>Kosten&nbsp;<\/li>\n<li>Baurecht<\/li>\n<li>Fungibilit\u00e4t \u2013 M\u00f6gliche Umnutzung<\/li>\n<li>Plausibilisierung der Fl\u00e4chen<\/li>\n<li>Nachhaltigkeit<\/li>\n<\/ul>\n<p style=\"text-align: left;\"><\/p>\n<\/div>\n\n\n\n<div class=\"wp-block-column is-layout-flow wp-block-column-is-layout-flow\">\n<ul>\n<li>\u00dcberpr\u00fcfung der Kostentragung von Instandhaltung<\/li>\n<li>Instandsetzungsthemen durch den k\u00fcnftigen Eigent\u00fcmer<\/li>\n<li>Stromkostenbedarf (f\u00fcr m\u00f6gliche Mieter)<\/li>\n<li>Sonstige auftragsbezogene Fragestellungen<\/li>\n<\/ul>\n<\/div>\n<\/div>\n\n\n\n<div class=\"wp-block-buttons is-layout-flex wp-block-buttons-is-layout-flex\">\n<div class=\"wp-block-button\"><a class=\"wp-block-button__link\" href=\"https:\/\/vrs-ssp.com\/de\/unsere-dienstleistungen\/bauwesen-und-ingenieurwesen\/\"><strong>Bau- und Ingenieurwesen<\/strong><\/a><\/div>\n<\/div>\n<\/div>\n\n\n\n<div class=\"wp-block-column is-layout-flow wp-block-column-is-layout-flow\">\n<figure class=\"wp-block-image size-large\"><img decoding=\"async\" src=\"https:\/\/vrs-ssp.com\/wp-content\/uploads\/2020\/07\/AdobeStock_78741345-1024x683.jpeg\" alt=\"Technical due diligence example photo\" class=\"wp-image-1975\"\/><\/figure>\n\n\n\n<p><\/p>\n<\/div>\n<\/div>\n\n\n\n<p><\/p>\n","protected":false},"excerpt":{"rendered":"<p>Technische Due Diligence Unter einer \u201eDue Diligence\u201c (DD) wird im Allgemeinen eine mit gebotener Sorgfalt durchzuf\u00fchrende Analyse, Pr\u00fcfung und Bewertung eines Objektes im Rahmen einer beabsichtigten Transaktion durch Fachleute verstanden. Eine Due Diligence wird dabei meist in folgende 2 Bereiche unterteilt:&nbsp;&nbsp;&nbsp;&nbsp; DD zu Recht, Finanzen &amp; Steuern Technische DD Als ein Teil zur Erh\u00f6hung der [&hellip;]<\/p>\n","protected":false},"author":1,"featured_media":0,"parent":2071,"menu_order":0,"comment_status":"closed","ping_status":"closed","template":"","meta":{"_acf_changed":false,"footnotes":""},"class_list":["post-212","page","type-page","status-publish","hentry"],"acf":[],"yoast_head":"<!-- This site is optimized with the Yoast SEO plugin v27.3 - https:\/\/yoast.com\/product\/yoast-seo-wordpress\/ -->\n<title>Due Diligence |\u00a0Analysis, inspection and assessment of a project<\/title>\n<meta name=\"description\" content=\"Due diligence is defined as an analysis, inspection &amp; assessment of a project carried out with all due care by specialists, as part of a planned transaction\" \/>\n<meta name=\"robots\" content=\"index, follow, max-snippet:-1, max-image-preview:large, max-video-preview:-1\" \/>\n<link rel=\"canonical\" href=\"https:\/\/vrs-ssp.com\/de\/unsere-dienstleistungen\/bauwesen-und-ingenieurwesen\/due-diligence\/\" \/>\n<meta property=\"og:locale\" content=\"de_DE\" \/>\n<meta property=\"og:type\" content=\"article\" \/>\n<meta property=\"og:title\" content=\"Due Diligence |\u00a0Analysis, inspection and assessment of a project\" \/>\n<meta property=\"og:description\" content=\"Due diligence is defined as an analysis, inspection &amp; assessment of a project carried out with all due care by specialists, as part of a planned transaction\" \/>\n<meta property=\"og:url\" content=\"https:\/\/vrs-ssp.com\/de\/unsere-dienstleistungen\/bauwesen-und-ingenieurwesen\/due-diligence\/\" \/>\n<meta property=\"og:site_name\" content=\"DE-Sterkl\" \/>\n<meta property=\"article:modified_time\" content=\"2020-08-03T14:53:04+00:00\" \/>\n<meta property=\"og:image\" content=\"https:\/\/vrs-ssp.com\/wp-content\/uploads\/2020\/07\/AdobeStock_78741345-1024x683.jpeg\" \/>\n<meta name=\"twitter:card\" content=\"summary_large_image\" \/>\n<meta name=\"twitter:label1\" content=\"Gesch\u00e4tzte Lesezeit\" \/>\n\t<meta name=\"twitter:data1\" content=\"1\u00a0Minute\" \/>\n<script type=\"application\/ld+json\" class=\"yoast-schema-graph\">{\"@context\":\"https:\\\/\\\/schema.org\",\"@graph\":[{\"@type\":\"WebPage\",\"@id\":\"https:\\\/\\\/vrs-ssp.com\\\/de\\\/unsere-dienstleistungen\\\/bauwesen-und-ingenieurwesen\\\/due-diligence\\\/\",\"url\":\"https:\\\/\\\/vrs-ssp.com\\\/de\\\/unsere-dienstleistungen\\\/bauwesen-und-ingenieurwesen\\\/due-diligence\\\/\",\"name\":\"Due Diligence |\u00a0Analysis, inspection and assessment of a project\",\"isPartOf\":{\"@id\":\"https:\\\/\\\/vrs-ssp.com\\\/de\\\/#website\"},\"primaryImageOfPage\":{\"@id\":\"https:\\\/\\\/vrs-ssp.com\\\/de\\\/unsere-dienstleistungen\\\/bauwesen-und-ingenieurwesen\\\/due-diligence\\\/#primaryimage\"},\"image\":{\"@id\":\"https:\\\/\\\/vrs-ssp.com\\\/de\\\/unsere-dienstleistungen\\\/bauwesen-und-ingenieurwesen\\\/due-diligence\\\/#primaryimage\"},\"thumbnailUrl\":\"https:\\\/\\\/vrs-ssp.com\\\/wp-content\\\/uploads\\\/2020\\\/07\\\/AdobeStock_78741345-1024x683.jpeg\",\"datePublished\":\"2019-12-04T12:43:08+00:00\",\"dateModified\":\"2020-08-03T14:53:04+00:00\",\"description\":\"Due diligence is defined as an analysis, inspection & assessment of a project carried out with all due care by specialists, as part of a planned transaction\",\"breadcrumb\":{\"@id\":\"https:\\\/\\\/vrs-ssp.com\\\/de\\\/unsere-dienstleistungen\\\/bauwesen-und-ingenieurwesen\\\/due-diligence\\\/#breadcrumb\"},\"inLanguage\":\"de\",\"potentialAction\":[{\"@type\":\"ReadAction\",\"target\":[\"https:\\\/\\\/vrs-ssp.com\\\/de\\\/unsere-dienstleistungen\\\/bauwesen-und-ingenieurwesen\\\/due-diligence\\\/\"]}]},{\"@type\":\"ImageObject\",\"inLanguage\":\"de\",\"@id\":\"https:\\\/\\\/vrs-ssp.com\\\/de\\\/unsere-dienstleistungen\\\/bauwesen-und-ingenieurwesen\\\/due-diligence\\\/#primaryimage\",\"url\":\"https:\\\/\\\/vrs-ssp.com\\\/wp-content\\\/uploads\\\/2020\\\/07\\\/AdobeStock_78741345-1024x683.jpeg\",\"contentUrl\":\"https:\\\/\\\/vrs-ssp.com\\\/wp-content\\\/uploads\\\/2020\\\/07\\\/AdobeStock_78741345-1024x683.jpeg\"},{\"@type\":\"BreadcrumbList\",\"@id\":\"https:\\\/\\\/vrs-ssp.com\\\/de\\\/unsere-dienstleistungen\\\/bauwesen-und-ingenieurwesen\\\/due-diligence\\\/#breadcrumb\",\"itemListElement\":[{\"@type\":\"ListItem\",\"position\":1,\"name\":\"Startseite\",\"item\":\"https:\\\/\\\/vrs-ssp.com\\\/de\\\/\"},{\"@type\":\"ListItem\",\"position\":2,\"name\":\"Unsere Dienstleistungen\",\"item\":\"https:\\\/\\\/vrs-ssp.com\\\/de\\\/unsere-dienstleistungen\\\/\"},{\"@type\":\"ListItem\",\"position\":3,\"name\":\"Bauwesen und Engineering\",\"item\":\"https:\\\/\\\/vrs-ssp.com\\\/de\\\/unsere-dienstleistungen\\\/bauwesen-und-ingenieurwesen\\\/\"},{\"@type\":\"ListItem\",\"position\":4,\"name\":\"Due Diligence\"}]},{\"@type\":\"WebSite\",\"@id\":\"https:\\\/\\\/vrs-ssp.com\\\/de\\\/#website\",\"url\":\"https:\\\/\\\/vrs-ssp.com\\\/de\\\/\",\"name\":\"DE-Sterkl\",\"description\":\"Globale L\u00f6sungen. Lokale Expertise.\",\"potentialAction\":[{\"@type\":\"SearchAction\",\"target\":{\"@type\":\"EntryPoint\",\"urlTemplate\":\"https:\\\/\\\/vrs-ssp.com\\\/de\\\/?s={search_term_string}\"},\"query-input\":{\"@type\":\"PropertyValueSpecification\",\"valueRequired\":true,\"valueName\":\"search_term_string\"}}],\"inLanguage\":\"de\"}]}<\/script>\n<!-- \/ Yoast SEO plugin. -->","yoast_head_json":{"title":"Due Diligence |\u00a0Analysis, inspection and assessment of a project","description":"Due diligence is defined as an analysis, inspection & assessment of a project carried out with all due care by specialists, as part of a planned transaction","robots":{"index":"index","follow":"follow","max-snippet":"max-snippet:-1","max-image-preview":"max-image-preview:large","max-video-preview":"max-video-preview:-1"},"canonical":"https:\/\/vrs-ssp.com\/de\/unsere-dienstleistungen\/bauwesen-und-ingenieurwesen\/due-diligence\/","og_locale":"de_DE","og_type":"article","og_title":"Due Diligence |\u00a0Analysis, inspection and assessment of a project","og_description":"Due diligence is defined as an analysis, inspection & assessment of a project carried out with all due care by specialists, as part of a planned transaction","og_url":"https:\/\/vrs-ssp.com\/de\/unsere-dienstleistungen\/bauwesen-und-ingenieurwesen\/due-diligence\/","og_site_name":"DE-Sterkl","article_modified_time":"2020-08-03T14:53:04+00:00","og_image":[{"url":"https:\/\/vrs-ssp.com\/wp-content\/uploads\/2020\/07\/AdobeStock_78741345-1024x683.jpeg","type":"","width":"","height":""}],"twitter_card":"summary_large_image","twitter_misc":{"Gesch\u00e4tzte Lesezeit":"1\u00a0Minute"},"schema":{"@context":"https:\/\/schema.org","@graph":[{"@type":"WebPage","@id":"https:\/\/vrs-ssp.com\/de\/unsere-dienstleistungen\/bauwesen-und-ingenieurwesen\/due-diligence\/","url":"https:\/\/vrs-ssp.com\/de\/unsere-dienstleistungen\/bauwesen-und-ingenieurwesen\/due-diligence\/","name":"Due Diligence |\u00a0Analysis, inspection and assessment of a project","isPartOf":{"@id":"https:\/\/vrs-ssp.com\/de\/#website"},"primaryImageOfPage":{"@id":"https:\/\/vrs-ssp.com\/de\/unsere-dienstleistungen\/bauwesen-und-ingenieurwesen\/due-diligence\/#primaryimage"},"image":{"@id":"https:\/\/vrs-ssp.com\/de\/unsere-dienstleistungen\/bauwesen-und-ingenieurwesen\/due-diligence\/#primaryimage"},"thumbnailUrl":"https:\/\/vrs-ssp.com\/wp-content\/uploads\/2020\/07\/AdobeStock_78741345-1024x683.jpeg","datePublished":"2019-12-04T12:43:08+00:00","dateModified":"2020-08-03T14:53:04+00:00","description":"Due diligence is defined as an analysis, inspection & assessment of a project carried out with all due care by specialists, as part of a planned transaction","breadcrumb":{"@id":"https:\/\/vrs-ssp.com\/de\/unsere-dienstleistungen\/bauwesen-und-ingenieurwesen\/due-diligence\/#breadcrumb"},"inLanguage":"de","potentialAction":[{"@type":"ReadAction","target":["https:\/\/vrs-ssp.com\/de\/unsere-dienstleistungen\/bauwesen-und-ingenieurwesen\/due-diligence\/"]}]},{"@type":"ImageObject","inLanguage":"de","@id":"https:\/\/vrs-ssp.com\/de\/unsere-dienstleistungen\/bauwesen-und-ingenieurwesen\/due-diligence\/#primaryimage","url":"https:\/\/vrs-ssp.com\/wp-content\/uploads\/2020\/07\/AdobeStock_78741345-1024x683.jpeg","contentUrl":"https:\/\/vrs-ssp.com\/wp-content\/uploads\/2020\/07\/AdobeStock_78741345-1024x683.jpeg"},{"@type":"BreadcrumbList","@id":"https:\/\/vrs-ssp.com\/de\/unsere-dienstleistungen\/bauwesen-und-ingenieurwesen\/due-diligence\/#breadcrumb","itemListElement":[{"@type":"ListItem","position":1,"name":"Startseite","item":"https:\/\/vrs-ssp.com\/de\/"},{"@type":"ListItem","position":2,"name":"Unsere Dienstleistungen","item":"https:\/\/vrs-ssp.com\/de\/unsere-dienstleistungen\/"},{"@type":"ListItem","position":3,"name":"Bauwesen und Engineering","item":"https:\/\/vrs-ssp.com\/de\/unsere-dienstleistungen\/bauwesen-und-ingenieurwesen\/"},{"@type":"ListItem","position":4,"name":"Due Diligence"}]},{"@type":"WebSite","@id":"https:\/\/vrs-ssp.com\/de\/#website","url":"https:\/\/vrs-ssp.com\/de\/","name":"DE-Sterkl","description":"Globale L\u00f6sungen. Lokale Expertise.","potentialAction":[{"@type":"SearchAction","target":{"@type":"EntryPoint","urlTemplate":"https:\/\/vrs-ssp.com\/de\/?s={search_term_string}"},"query-input":{"@type":"PropertyValueSpecification","valueRequired":true,"valueName":"search_term_string"}}],"inLanguage":"de"}]}},"_links":{"self":[{"href":"https:\/\/vrs-ssp.com\/de\/wp-json\/wp\/v2\/pages\/212","targetHints":{"allow":["GET"]}}],"collection":[{"href":"https:\/\/vrs-ssp.com\/de\/wp-json\/wp\/v2\/pages"}],"about":[{"href":"https:\/\/vrs-ssp.com\/de\/wp-json\/wp\/v2\/types\/page"}],"author":[{"embeddable":true,"href":"https:\/\/vrs-ssp.com\/de\/wp-json\/wp\/v2\/users\/1"}],"replies":[{"embeddable":true,"href":"https:\/\/vrs-ssp.com\/de\/wp-json\/wp\/v2\/comments?post=212"}],"version-history":[{"count":5,"href":"https:\/\/vrs-ssp.com\/de\/wp-json\/wp\/v2\/pages\/212\/revisions"}],"predecessor-version":[{"id":2422,"href":"https:\/\/vrs-ssp.com\/de\/wp-json\/wp\/v2\/pages\/212\/revisions\/2422"}],"up":[{"embeddable":true,"href":"https:\/\/vrs-ssp.com\/de\/wp-json\/wp\/v2\/pages\/2071"}],"wp:attachment":[{"href":"https:\/\/vrs-ssp.com\/de\/wp-json\/wp\/v2\/media?parent=212"}],"curies":[{"name":"wp","href":"https:\/\/api.w.org\/{rel}","templated":true}]}}