{"id":236,"date":"2019-12-04T12:47:28","date_gmt":"2019-12-04T11:47:28","guid":{"rendered":"https:\/\/rel.sterkl.com\/?page_id=236"},"modified":"2020-08-20T15:57:27","modified_gmt":"2020-08-20T13:57:27","slug":"grundwerte","status":"publish","type":"page","link":"https:\/\/vrs-ssp.com\/de\/ueber-uns\/grundwerte\/","title":{"rendered":"Grundwerte"},"content":{"rendered":"\n<h1 class=\"wp-block-heading\"><strong>Grundwerte<\/strong><\/h1>\n\n\n<p>Bei <strong>vrs-SSP<\/strong>&nbsp;haben wir uns verpflichtet, die effizientesten, kosteng\u00fcnstigsten und zuverl\u00e4ssigsten Schadenregulierungs- und Schadenmanagement-Dienstleistungen anzubieten.<\/p>\n\n\n<div class=\"wp-block-columns is-layout-flex wp-container-core-columns-is-layout-9d6595d7 wp-block-columns-is-layout-flex\">\n<div class=\"wp-block-column is-layout-flow wp-block-column-is-layout-flow\">\n<h2 class=\"wp-block-heading\"><strong>Unsere Philosophie<\/strong><\/h2>\n\n\n\n<p>Qualit\u00e4t steht im Mittelpunkt unseres Handelns.<\/p>\n\n\n\n<p>Aus diesem Grund ist die Qualit\u00e4tskontrolle der Eckpfeiler der Philosophie und des Ansatzes von<strong> vrs-SSP <\/strong>bei der Schadenbearbeitung.<\/p>\n\n\n\n<ul>\n<li>Eine zentrale Kontaktstelle koordiniert die Eins\u00e4tze in jedem Land<\/li>\n<li>Einzelne integrierte Technologiefunktionen<\/li>\n<li>Erstklassiger Service im Schadenmanagement<\/li>\n<li>Kundenbeziehungs-Management<\/li>\n<li>Gleiche Qualit\u00e4t f\u00fcr alle Anspr\u00fcche &#8211; \u00fcberall auf der Welt<\/li>\n<li>Schnelligkeit, Transparenz, Qualit\u00e4t, Feedback, Fachwissen, N\u00e4he<\/li>\n<\/ul>\n\n\n\n<p><\/p>\n\n\n\n<p>Um unseren Kunden Dienstleistungen von h\u00f6chster Qualit\u00e4t zu gew\u00e4hrleisten, sind wir stets bestrebt, unsere Best-Practice-Grunds\u00e4tze sowohl im technischen, betrieblichen als auch in unserem Account Management kontinuierlich zu verbessern.<\/p>\n\n\n\n<p>Dies wird durch eine kontinuierliche Analyse der Prozesse durch unsere Qualit\u00e4tsmanager, aber auch durch das regelm\u00e4\u00dfige Feedback aller beteiligten Parteien gew\u00e4hrleistet. Die aktive Beteiligung unserer Mitarbeiter garantiert, dass alle Probleme rechtzeitig angegangen und Ma\u00dfnahmen entwickelt werden, um \u00e4hnliche Probleme in Zukunft zu vermeiden.<\/p>\n\n\n\n<p>Um sicherzustellen, dass alle unsere Verfahren auf dem neuesten Stand sind und den neuesten Vorschriften entsprechen, erhalten unsere Mitarbeiter dar\u00fcber hinaus regelm\u00e4\u00dfige Schulungen (intern und extern) in ihrem jeweiligen Fachgebiet.<\/p>\n<\/div>\n\n\n\n<div class=\"wp-block-column is-layout-flow wp-block-column-is-layout-flow\">\n<p><\/p>\n\n\n\n<p><\/p>\n\n\n\n<div class=\"wp-block-image\"><figure class=\"alignleft size-large\"><img decoding=\"async\" src=\"https:\/\/vrs-ssp.com\/wp-content\/uploads\/2020\/05\/resized_DSC_9934-1024x683.jpg\" alt=\"\" class=\"wp-image-1559\"\/><\/figure><\/div>\n\n\n\n<pre class=\"wp-block-preformatted\"><\/pre>\n\n\n\n<hr class=\"wp-block-separator\"\/>\n\n\n\n<p>Erfahren Sie mehr \u00fcber uns und wie wir Sie unterst\u00fctzen k\u00f6nnen.<\/p>\n\n\n\n<div class=\"wp-block-buttons is-layout-flex wp-block-buttons-is-layout-flex\">\n<div class=\"wp-block-button\"><a class=\"wp-block-button__link\" href=\"https:\/\/vrs-ssp.com\/de\/ueber-uns\/geschichte\/\">Geschichte<\/a><\/div>\n\n\n\n<div class=\"wp-block-button\"><a class=\"wp-block-button__link\" href=\"https:\/\/vrs-ssp.com\/de\/ueber-uns\/grundwerte\/\">Grundwerte<\/a><\/div>\n\n\n\n<div class=\"wp-block-button\"><a class=\"wp-block-button__link\" href=\"https:\/\/vrs-ssp.com\/de\/ueber-uns\/firmenportrait\/\">Firmenportrait<\/a><\/div>\n\n\n\n<div class=\"wp-block-button\"><a class=\"wp-block-button__link\" href=\"https:\/\/vrs-ssp.com\/de\/ueber-uns\/internationales-netzwerk\/\">Internationales Netzwerk<\/a><\/div>\n\n\n\n<div class=\"wp-block-button\"><a class=\"wp-block-button__link\" href=\"https:\/\/vrs-ssp.com\/de\/ueber-uns\/social-engangement\/\">Social engagement<\/a><\/div>\n\n\n\n<div class=\"wp-block-button\"><a class=\"wp-block-button__link\" href=\"https:\/\/vrs-ssp.com\/de\/unsere-dienstleistungen\/\">Services<\/a><\/div>\n<\/div>\n<\/div>\n<\/div>\n\n\n\n<p><\/p>\n","protected":false},"excerpt":{"rendered":"<p>Grundwerte Bei vrs-SSP&nbsp;haben wir uns verpflichtet, die effizientesten, kosteng\u00fcnstigsten und zuverl\u00e4ssigsten Schadenregulierungs- und Schadenmanagement-Dienstleistungen anzubieten. Unsere Philosophie Qualit\u00e4t steht im Mittelpunkt unseres Handelns. Aus diesem Grund ist die Qualit\u00e4tskontrolle der Eckpfeiler der Philosophie und des Ansatzes von vrs-SSP bei der Schadenbearbeitung. Eine zentrale Kontaktstelle koordiniert die Eins\u00e4tze in jedem Land Einzelne integrierte Technologiefunktionen Erstklassiger Service [&hellip;]<\/p>\n","protected":false},"author":1,"featured_media":0,"parent":2079,"menu_order":0,"comment_status":"closed","ping_status":"closed","template":"","meta":{"_acf_changed":false,"footnotes":""},"class_list":["post-236","page","type-page","status-publish","hentry"],"acf":[],"yoast_head":"<!-- This site is optimized with the Yoast SEO plugin v27.4 - https:\/\/yoast.com\/product\/yoast-seo-wordpress\/ -->\n<title>Grundwerte - DE-Sterkl<\/title>\n<meta name=\"robots\" content=\"index, follow, max-snippet:-1, max-image-preview:large, max-video-preview:-1\" \/>\n<link rel=\"canonical\" href=\"https:\/\/vrs-ssp.com\/de\/ueber-uns\/grundwerte\/\" \/>\n<meta property=\"og:locale\" content=\"de_DE\" \/>\n<meta property=\"og:type\" content=\"article\" \/>\n<meta property=\"og:title\" content=\"Grundwerte - DE-Sterkl\" \/>\n<meta property=\"og:description\" content=\"Grundwerte Bei vrs-SSP&nbsp;haben wir uns verpflichtet, die effizientesten, kosteng\u00fcnstigsten und zuverl\u00e4ssigsten Schadenregulierungs- und Schadenmanagement-Dienstleistungen anzubieten. Unsere Philosophie Qualit\u00e4t steht im Mittelpunkt unseres Handelns. Aus diesem Grund ist die Qualit\u00e4tskontrolle der Eckpfeiler der Philosophie und des Ansatzes von vrs-SSP bei der Schadenbearbeitung. Eine zentrale Kontaktstelle koordiniert die Eins\u00e4tze in jedem Land Einzelne integrierte Technologiefunktionen Erstklassiger Service [&hellip;]\" \/>\n<meta property=\"og:url\" content=\"https:\/\/vrs-ssp.com\/de\/ueber-uns\/grundwerte\/\" \/>\n<meta property=\"og:site_name\" content=\"DE-Sterkl\" \/>\n<meta property=\"article:modified_time\" content=\"2020-08-20T13:57:27+00:00\" \/>\n<meta property=\"og:image\" content=\"https:\/\/vrs-ssp.com\/wp-content\/uploads\/2020\/05\/resized_DSC_9934-1024x683.jpg\" \/>\n<meta name=\"twitter:card\" content=\"summary_large_image\" \/>\n<meta name=\"twitter:label1\" content=\"Gesch\u00e4tzte Lesezeit\" \/>\n\t<meta name=\"twitter:data1\" content=\"1\u00a0Minute\" \/>\n<script type=\"application\/ld+json\" class=\"yoast-schema-graph\">{\"@context\":\"https:\\\/\\\/schema.org\",\"@graph\":[{\"@type\":\"WebPage\",\"@id\":\"https:\\\/\\\/vrs-ssp.com\\\/de\\\/ueber-uns\\\/grundwerte\\\/\",\"url\":\"https:\\\/\\\/vrs-ssp.com\\\/de\\\/ueber-uns\\\/grundwerte\\\/\",\"name\":\"Grundwerte - DE-Sterkl\",\"isPartOf\":{\"@id\":\"https:\\\/\\\/vrs-ssp.com\\\/de\\\/#website\"},\"primaryImageOfPage\":{\"@id\":\"https:\\\/\\\/vrs-ssp.com\\\/de\\\/ueber-uns\\\/grundwerte\\\/#primaryimage\"},\"image\":{\"@id\":\"https:\\\/\\\/vrs-ssp.com\\\/de\\\/ueber-uns\\\/grundwerte\\\/#primaryimage\"},\"thumbnailUrl\":\"https:\\\/\\\/vrs-ssp.com\\\/wp-content\\\/uploads\\\/2020\\\/05\\\/resized_DSC_9934-1024x683.jpg\",\"datePublished\":\"2019-12-04T11:47:28+00:00\",\"dateModified\":\"2020-08-20T13:57:27+00:00\",\"breadcrumb\":{\"@id\":\"https:\\\/\\\/vrs-ssp.com\\\/de\\\/ueber-uns\\\/grundwerte\\\/#breadcrumb\"},\"inLanguage\":\"de\",\"potentialAction\":[{\"@type\":\"ReadAction\",\"target\":[\"https:\\\/\\\/vrs-ssp.com\\\/de\\\/ueber-uns\\\/grundwerte\\\/\"]}]},{\"@type\":\"ImageObject\",\"inLanguage\":\"de\",\"@id\":\"https:\\\/\\\/vrs-ssp.com\\\/de\\\/ueber-uns\\\/grundwerte\\\/#primaryimage\",\"url\":\"https:\\\/\\\/vrs-ssp.com\\\/wp-content\\\/uploads\\\/2020\\\/05\\\/resized_DSC_9934-1024x683.jpg\",\"contentUrl\":\"https:\\\/\\\/vrs-ssp.com\\\/wp-content\\\/uploads\\\/2020\\\/05\\\/resized_DSC_9934-1024x683.jpg\"},{\"@type\":\"BreadcrumbList\",\"@id\":\"https:\\\/\\\/vrs-ssp.com\\\/de\\\/ueber-uns\\\/grundwerte\\\/#breadcrumb\",\"itemListElement\":[{\"@type\":\"ListItem\",\"position\":1,\"name\":\"Startseite\",\"item\":\"https:\\\/\\\/vrs-ssp.com\\\/de\\\/\"},{\"@type\":\"ListItem\",\"position\":2,\"name\":\"\u00dcber uns\",\"item\":\"https:\\\/\\\/vrs-ssp.com\\\/de\\\/ueber-uns\\\/\"},{\"@type\":\"ListItem\",\"position\":3,\"name\":\"Grundwerte\"}]},{\"@type\":\"WebSite\",\"@id\":\"https:\\\/\\\/vrs-ssp.com\\\/de\\\/#website\",\"url\":\"https:\\\/\\\/vrs-ssp.com\\\/de\\\/\",\"name\":\"DE-Sterkl\",\"description\":\"Globale L\u00f6sungen. Lokale Expertise.\",\"potentialAction\":[{\"@type\":\"SearchAction\",\"target\":{\"@type\":\"EntryPoint\",\"urlTemplate\":\"https:\\\/\\\/vrs-ssp.com\\\/de\\\/?s={search_term_string}\"},\"query-input\":{\"@type\":\"PropertyValueSpecification\",\"valueRequired\":true,\"valueName\":\"search_term_string\"}}],\"inLanguage\":\"de\"}]}<\/script>\n<!-- \/ Yoast SEO plugin. -->","yoast_head_json":{"title":"Grundwerte - DE-Sterkl","robots":{"index":"index","follow":"follow","max-snippet":"max-snippet:-1","max-image-preview":"max-image-preview:large","max-video-preview":"max-video-preview:-1"},"canonical":"https:\/\/vrs-ssp.com\/de\/ueber-uns\/grundwerte\/","og_locale":"de_DE","og_type":"article","og_title":"Grundwerte - DE-Sterkl","og_description":"Grundwerte Bei vrs-SSP&nbsp;haben wir uns verpflichtet, die effizientesten, kosteng\u00fcnstigsten und zuverl\u00e4ssigsten Schadenregulierungs- und Schadenmanagement-Dienstleistungen anzubieten. Unsere Philosophie Qualit\u00e4t steht im Mittelpunkt unseres Handelns. Aus diesem Grund ist die Qualit\u00e4tskontrolle der Eckpfeiler der Philosophie und des Ansatzes von vrs-SSP bei der Schadenbearbeitung. Eine zentrale Kontaktstelle koordiniert die Eins\u00e4tze in jedem Land Einzelne integrierte Technologiefunktionen Erstklassiger Service [&hellip;]","og_url":"https:\/\/vrs-ssp.com\/de\/ueber-uns\/grundwerte\/","og_site_name":"DE-Sterkl","article_modified_time":"2020-08-20T13:57:27+00:00","og_image":[{"url":"https:\/\/vrs-ssp.com\/wp-content\/uploads\/2020\/05\/resized_DSC_9934-1024x683.jpg","type":"","width":"","height":""}],"twitter_card":"summary_large_image","twitter_misc":{"Gesch\u00e4tzte Lesezeit":"1\u00a0Minute"},"schema":{"@context":"https:\/\/schema.org","@graph":[{"@type":"WebPage","@id":"https:\/\/vrs-ssp.com\/de\/ueber-uns\/grundwerte\/","url":"https:\/\/vrs-ssp.com\/de\/ueber-uns\/grundwerte\/","name":"Grundwerte - DE-Sterkl","isPartOf":{"@id":"https:\/\/vrs-ssp.com\/de\/#website"},"primaryImageOfPage":{"@id":"https:\/\/vrs-ssp.com\/de\/ueber-uns\/grundwerte\/#primaryimage"},"image":{"@id":"https:\/\/vrs-ssp.com\/de\/ueber-uns\/grundwerte\/#primaryimage"},"thumbnailUrl":"https:\/\/vrs-ssp.com\/wp-content\/uploads\/2020\/05\/resized_DSC_9934-1024x683.jpg","datePublished":"2019-12-04T11:47:28+00:00","dateModified":"2020-08-20T13:57:27+00:00","breadcrumb":{"@id":"https:\/\/vrs-ssp.com\/de\/ueber-uns\/grundwerte\/#breadcrumb"},"inLanguage":"de","potentialAction":[{"@type":"ReadAction","target":["https:\/\/vrs-ssp.com\/de\/ueber-uns\/grundwerte\/"]}]},{"@type":"ImageObject","inLanguage":"de","@id":"https:\/\/vrs-ssp.com\/de\/ueber-uns\/grundwerte\/#primaryimage","url":"https:\/\/vrs-ssp.com\/wp-content\/uploads\/2020\/05\/resized_DSC_9934-1024x683.jpg","contentUrl":"https:\/\/vrs-ssp.com\/wp-content\/uploads\/2020\/05\/resized_DSC_9934-1024x683.jpg"},{"@type":"BreadcrumbList","@id":"https:\/\/vrs-ssp.com\/de\/ueber-uns\/grundwerte\/#breadcrumb","itemListElement":[{"@type":"ListItem","position":1,"name":"Startseite","item":"https:\/\/vrs-ssp.com\/de\/"},{"@type":"ListItem","position":2,"name":"\u00dcber uns","item":"https:\/\/vrs-ssp.com\/de\/ueber-uns\/"},{"@type":"ListItem","position":3,"name":"Grundwerte"}]},{"@type":"WebSite","@id":"https:\/\/vrs-ssp.com\/de\/#website","url":"https:\/\/vrs-ssp.com\/de\/","name":"DE-Sterkl","description":"Globale L\u00f6sungen. Lokale Expertise.","potentialAction":[{"@type":"SearchAction","target":{"@type":"EntryPoint","urlTemplate":"https:\/\/vrs-ssp.com\/de\/?s={search_term_string}"},"query-input":{"@type":"PropertyValueSpecification","valueRequired":true,"valueName":"search_term_string"}}],"inLanguage":"de"}]}},"_links":{"self":[{"href":"https:\/\/vrs-ssp.com\/de\/wp-json\/wp\/v2\/pages\/236","targetHints":{"allow":["GET"]}}],"collection":[{"href":"https:\/\/vrs-ssp.com\/de\/wp-json\/wp\/v2\/pages"}],"about":[{"href":"https:\/\/vrs-ssp.com\/de\/wp-json\/wp\/v2\/types\/page"}],"author":[{"embeddable":true,"href":"https:\/\/vrs-ssp.com\/de\/wp-json\/wp\/v2\/users\/1"}],"replies":[{"embeddable":true,"href":"https:\/\/vrs-ssp.com\/de\/wp-json\/wp\/v2\/comments?post=236"}],"version-history":[{"count":10,"href":"https:\/\/vrs-ssp.com\/de\/wp-json\/wp\/v2\/pages\/236\/revisions"}],"predecessor-version":[{"id":2534,"href":"https:\/\/vrs-ssp.com\/de\/wp-json\/wp\/v2\/pages\/236\/revisions\/2534"}],"up":[{"embeddable":true,"href":"https:\/\/vrs-ssp.com\/de\/wp-json\/wp\/v2\/pages\/2079"}],"wp:attachment":[{"href":"https:\/\/vrs-ssp.com\/de\/wp-json\/wp\/v2\/media?parent=236"}],"curies":[{"name":"wp","href":"https:\/\/api.w.org\/{rel}","templated":true}]}}