{"id":238,"date":"2019-12-04T12:47:34","date_gmt":"2019-12-04T12:47:34","guid":{"rendered":"https:\/\/rel.sterkl.com\/?page_id=238"},"modified":"2025-08-21T13:48:08","modified_gmt":"2025-08-21T11:48:08","slug":"social-engangement","status":"publish","type":"page","link":"https:\/\/vrs-ssp.com\/de\/ueber-uns\/social-engangement\/","title":{"rendered":"Social Engagement"},"content":{"rendered":"\n<h1 class=\"wp-block-heading\">Social Engagement<\/h1>\n\n\n<p>Unser Unternehmen setzt verst\u00e4rkt auf gesellschaftliches soziales Engagement, um die Chancen von Menschen, die in Notlage geraten sind, bedeutend zu verbessern.<\/p>\n<p>Unsere Unterst\u00fctzungen reichen von Deutschkursen f\u00fcr Fl\u00fcchtlinge, \u00fcber F\u00f6rderungen von Menschen mit mentaler Beeintr\u00e4chtigung die ihren sportlichen Aktivit\u00e4ten nachkommen wollen, bis hin zu zielgerichteten finanziellen Beteiligungen f\u00fcr therapeutische Reitstunden von krebskranken Kindern sowie Familien mit au\u00dfergew\u00f6hnlichen Belastungen, die durch die Herzkrankheit ihrer Kinder entstanden sind.<\/p>\n\n\n<hr class=\"wp-block-separator has-text-color has-luminous-vivid-orange-color has-css-opacity has-luminous-vivid-orange-background-color has-background is-style-default\"\/>\n\n\n\n<div class=\"wp-block-columns is-layout-flex wp-container-core-columns-is-layout-9d6595d7 wp-block-columns-is-layout-flex\">\n<div class=\"wp-block-column is-layout-flow wp-block-column-is-layout-flow\"><div class=\"wp-block-image grey\">\n<figure class=\"aligncenter size-large is-resized\"><img loading=\"lazy\" decoding=\"async\" width=\"1024\" height=\"725\" src=\"https:\/\/vrs-ssp.com\/de\/wp-content\/uploads\/sites\/2\/2025\/08\/St.-Anna-Kinderkrebs-Forschung-2025-1-1024x725.png\" alt=\"Urkunde Ehrenkunde St. Anna Kinderkrebs-Forschung SSP 2025\" class=\"wp-image-2755\" style=\"width:auto;height:256px\" srcset=\"https:\/\/vrs-ssp.com\/de\/wp-content\/uploads\/sites\/2\/2025\/08\/St.-Anna-Kinderkrebs-Forschung-2025-1-1024x725.png 1024w, https:\/\/vrs-ssp.com\/de\/wp-content\/uploads\/sites\/2\/2025\/08\/St.-Anna-Kinderkrebs-Forschung-2025-1-300x212.png 300w, https:\/\/vrs-ssp.com\/de\/wp-content\/uploads\/sites\/2\/2025\/08\/St.-Anna-Kinderkrebs-Forschung-2025-1-768x544.png 768w, https:\/\/vrs-ssp.com\/de\/wp-content\/uploads\/sites\/2\/2025\/08\/St.-Anna-Kinderkrebs-Forschung-2025-1.png 1239w\" sizes=\"auto, (max-width: 1024px) 100vw, 1024px\" \/><\/figure>\n<\/div>\n\n\n<p class=\"has-text-align-center orange\">St. Anna Kinderkrebs-Forschung<\/p>\n\n\n\n<hr class=\"wp-block-separator has-css-opacity is-style-wide\"\/>\n\n\n\n<p class=\"has-text-align-center\"><\/p>\n<\/div>\n\n\n\n<div class=\"wp-block-column is-layout-flow wp-block-column-is-layout-flow\"><div class=\"wp-block-image grey\">\n<figure class=\"aligncenter size-full is-resized\"><img loading=\"lazy\" decoding=\"async\" width=\"1024\" height=\"682\" src=\"https:\/\/vrs-ssp.com\/de\/wp-content\/uploads\/sites\/2\/2025\/08\/resized_Christkindl_Spendenuebergabe_SSP_Schoerkhuber_2021.jpg\" alt=\"O\u00d6N Christkindl Spendeaktion Spenden\u00fcbergabe Martin Sch\u00f6rkhuber\" class=\"wp-image-2753\" style=\"width:auto;height:256px\" srcset=\"https:\/\/vrs-ssp.com\/de\/wp-content\/uploads\/sites\/2\/2025\/08\/resized_Christkindl_Spendenuebergabe_SSP_Schoerkhuber_2021.jpg 1024w, https:\/\/vrs-ssp.com\/de\/wp-content\/uploads\/sites\/2\/2025\/08\/resized_Christkindl_Spendenuebergabe_SSP_Schoerkhuber_2021-300x200.jpg 300w, https:\/\/vrs-ssp.com\/de\/wp-content\/uploads\/sites\/2\/2025\/08\/resized_Christkindl_Spendenuebergabe_SSP_Schoerkhuber_2021-768x512.jpg 768w\" sizes=\"auto, (max-width: 1024px) 100vw, 1024px\" \/><\/figure>\n<\/div>\n\n\n<p class=\"has-text-align-center orange\"><strong><strong>O\u00d6N Christkindl<\/strong><\/strong><\/p>\n\n\n\n<hr class=\"wp-block-separator has-css-opacity is-style-wide\"\/>\n\n\n\n<p class=\"has-text-align-center\"><\/p>\n<\/div>\n\n\n\n<div class=\"wp-block-column is-layout-flow wp-block-column-is-layout-flow\"><\/div>\n<\/div>\n\n\n\n<div class=\"wp-block-columns is-layout-flex wp-container-core-columns-is-layout-9d6595d7 wp-block-columns-is-layout-flex\">\n<div class=\"wp-block-column is-layout-flow wp-block-column-is-layout-flow\"><div class=\"wp-block-image grey\">\n<figure class=\"aligncenter size-full is-resized\"><img loading=\"lazy\" decoding=\"async\" width=\"639\" height=\"906\" src=\"https:\/\/vrs-ssp.com\/de\/wp-content\/uploads\/sites\/2\/2025\/08\/Special-Olympics-2024-SSP-Sterkl.jpg\" alt=\"SSP Urkunde Sponsor Special Olympics \u00d6sterreich 2024\" class=\"wp-image-2754\" style=\"width:auto;height:381px\" srcset=\"https:\/\/vrs-ssp.com\/de\/wp-content\/uploads\/sites\/2\/2025\/08\/Special-Olympics-2024-SSP-Sterkl.jpg 639w, https:\/\/vrs-ssp.com\/de\/wp-content\/uploads\/sites\/2\/2025\/08\/Special-Olympics-2024-SSP-Sterkl-212x300.jpg 212w\" sizes=\"auto, (max-width: 639px) 100vw, 639px\" \/><\/figure>\n<\/div>\n\n\n<p class=\"has-text-align-center orange\"><strong><strong>Special Olympics<\/strong><\/strong><\/p>\n\n\n\n<hr class=\"wp-block-separator has-css-opacity is-style-wide\"\/>\n\n\n\n<p class=\"has-text-align-center\"><\/p>\n<\/div>\n\n\n\n<div class=\"wp-block-column is-layout-flow wp-block-column-is-layout-flow\"><div class=\"wp-block-image grey\">\n<figure class=\"aligncenter size-large is-resized\"><img loading=\"lazy\" decoding=\"async\" width=\"724\" height=\"1024\" src=\"https:\/\/vrs-ssp.com\/de\/wp-content\/uploads\/sites\/2\/2025\/08\/St.Anna-Krebshilfe_2023-724x1024.jpg\" alt=\"St.Anna Krebshilfe Urkunde Ehrenkunde 2023\" class=\"wp-image-2757\" style=\"width:auto;height:381px\" srcset=\"https:\/\/vrs-ssp.com\/de\/wp-content\/uploads\/sites\/2\/2025\/08\/St.Anna-Krebshilfe_2023-724x1024.jpg 724w, https:\/\/vrs-ssp.com\/de\/wp-content\/uploads\/sites\/2\/2025\/08\/St.Anna-Krebshilfe_2023-212x300.jpg 212w, https:\/\/vrs-ssp.com\/de\/wp-content\/uploads\/sites\/2\/2025\/08\/St.Anna-Krebshilfe_2023-768x1087.jpg 768w, https:\/\/vrs-ssp.com\/de\/wp-content\/uploads\/sites\/2\/2025\/08\/St.Anna-Krebshilfe_2023-1086x1536.jpg 1086w, https:\/\/vrs-ssp.com\/de\/wp-content\/uploads\/sites\/2\/2025\/08\/St.Anna-Krebshilfe_2023-1448x2048.jpg 1448w, https:\/\/vrs-ssp.com\/de\/wp-content\/uploads\/sites\/2\/2025\/08\/St.Anna-Krebshilfe_2023.jpg 1753w\" sizes=\"auto, (max-width: 724px) 100vw, 724px\" \/><\/figure>\n<\/div>\n\n\n<p class=\"has-text-align-center orange\"><strong><strong>Kinder-Krebs-Hilfe<\/strong><\/strong><\/p>\n\n\n\n<hr class=\"wp-block-separator has-css-opacity is-style-wide\"\/>\n\n\n\n<p class=\"has-text-align-center\"><\/p>\n<\/div>\n\n\n\n<div class=\"wp-block-column is-layout-flow wp-block-column-is-layout-flow\"><div class=\"wp-block-image grey\">\n<figure class=\"aligncenter size-full is-resized\"><img loading=\"lazy\" decoding=\"async\" width=\"450\" height=\"635\" src=\"https:\/\/vrs-ssp.com\/de\/wp-content\/uploads\/sites\/2\/2025\/08\/Urkunde_Herzkinder_Sterkl-Schoerkhuber-Partner-GmbH-450x635-1.png\" alt=\"Urkunde Herzkinder Sterkl, Sch\u00f6rkhuber &amp; Partner GmbH 450x635\" class=\"wp-image-2758\" style=\"width:auto;height:381px\" srcset=\"https:\/\/vrs-ssp.com\/de\/wp-content\/uploads\/sites\/2\/2025\/08\/Urkunde_Herzkinder_Sterkl-Schoerkhuber-Partner-GmbH-450x635-1.png 450w, https:\/\/vrs-ssp.com\/de\/wp-content\/uploads\/sites\/2\/2025\/08\/Urkunde_Herzkinder_Sterkl-Schoerkhuber-Partner-GmbH-450x635-1-213x300.png 213w\" sizes=\"auto, (max-width: 450px) 100vw, 450px\" \/><\/figure>\n<\/div>\n\n\n<p class=\"has-text-align-center orange\"><strong><strong>Herzkinder \u00d6sterreich <\/strong><\/strong><\/p>\n\n\n\n<hr class=\"wp-block-separator has-css-opacity is-style-wide\"\/>\n\n\n\n<p class=\"has-text-align-center\"><\/p>\n<\/div>\n\n\n\n<div class=\"wp-block-column is-layout-flow wp-block-column-is-layout-flow\"><div class=\"wp-block-image grey\">\n<figure class=\"aligncenter size-large is-resized\"><img loading=\"lazy\" decoding=\"async\" width=\"450\" height=\"650\" src=\"https:\/\/vrs-ssp.com\/de\/wp-content\/uploads\/sites\/2\/2020\/12\/OeBSV-Sponsoren-Urkunde-2021_450x650.png\" alt=\"vrs-SSP \u00d6BSV Sponsoren-Urkunde 2021\" class=\"wp-image-2577\" style=\"width:auto;height:381px\" srcset=\"https:\/\/vrs-ssp.com\/de\/wp-content\/uploads\/sites\/2\/2020\/12\/OeBSV-Sponsoren-Urkunde-2021_450x650.png 450w, https:\/\/vrs-ssp.com\/de\/wp-content\/uploads\/sites\/2\/2020\/12\/OeBSV-Sponsoren-Urkunde-2021_450x650-208x300.png 208w\" sizes=\"auto, (max-width: 450px) 100vw, 450px\" \/><\/figure>\n<\/div>\n\n\n<p class=\"has-text-align-center orange\"><strong><strong>Behindertensportverband<\/strong><\/strong><\/p>\n\n\n\n<hr class=\"wp-block-separator has-css-opacity is-style-wide\"\/>\n\n\n\n<p class=\"has-text-align-center\"><\/p>\n<\/div>\n<\/div>\n\n\n\n<div class=\"wp-block-columns is-layout-flex wp-container-core-columns-is-layout-9d6595d7 wp-block-columns-is-layout-flex\">\n<div class=\"wp-block-column is-layout-flow wp-block-column-is-layout-flow\"><div class=\"wp-block-image grey\">\n<figure class=\"aligncenter size-large is-resized\"><img loading=\"lazy\" decoding=\"async\" width=\"450\" height=\"650\" src=\"https:\/\/vrs-ssp.com\/de\/wp-content\/uploads\/sites\/2\/2020\/04\/Herzkinder-2.jpg\" alt=\"\" class=\"wp-image-1136\" style=\"width:auto;height:381px\" srcset=\"https:\/\/vrs-ssp.com\/de\/wp-content\/uploads\/sites\/2\/2020\/04\/Herzkinder-2.jpg 450w, https:\/\/vrs-ssp.com\/de\/wp-content\/uploads\/sites\/2\/2020\/04\/Herzkinder-2-208x300.jpg 208w\" sizes=\"auto, (max-width: 450px) 100vw, 450px\" \/><\/figure>\n<\/div>\n\n\n<p class=\"has-text-align-center orange\"><strong><strong>Herzkinder \u00d6sterreich <\/strong><\/strong><\/p>\n\n\n\n<hr class=\"wp-block-separator has-css-opacity is-style-wide\"\/>\n\n\n\n<p class=\"has-text-align-center\"><\/p>\n<\/div>\n\n\n\n<div class=\"wp-block-column is-layout-flow wp-block-column-is-layout-flow\"><div class=\"wp-block-image grey\">\n<figure class=\"aligncenter size-large is-resized\"><img loading=\"lazy\" decoding=\"async\" width=\"450\" height=\"650\" src=\"https:\/\/vrs-ssp.com\/de\/wp-content\/uploads\/sites\/2\/2020\/11\/Special-Olympics-2020-SSP-Sterkl_small-1.jpg\" alt=\"Zertifikat SSP - Partner der Special Olympics AT 2020\" class=\"wp-image-2575\" style=\"width:auto;height:381px\" srcset=\"https:\/\/vrs-ssp.com\/de\/wp-content\/uploads\/sites\/2\/2020\/11\/Special-Olympics-2020-SSP-Sterkl_small-1.jpg 450w, https:\/\/vrs-ssp.com\/de\/wp-content\/uploads\/sites\/2\/2020\/11\/Special-Olympics-2020-SSP-Sterkl_small-1-208x300.jpg 208w\" sizes=\"auto, (max-width: 450px) 100vw, 450px\" \/><\/figure>\n<\/div>\n\n\n<p><\/p>\n\n\n\n<p class=\"has-text-align-center orange\"><strong><strong>Special Olympics<\/strong><\/strong><\/p>\n\n\n\n<hr class=\"wp-block-separator has-css-opacity is-style-wide\"\/>\n\n\n\n<p class=\"has-text-align-center\"><\/p>\n<\/div>\n\n\n\n<div class=\"wp-block-column is-layout-flow wp-block-column-is-layout-flow\"><div class=\"wp-block-image grey\">\n<figure class=\"aligncenter size-full is-resized\"><img loading=\"lazy\" decoding=\"async\" width=\"450\" height=\"650\" src=\"https:\/\/vrs-ssp.com\/de\/wp-content\/uploads\/sites\/2\/2020\/04\/BSV-1.jpg\" alt=\"\u00d6BSV - Sponsorenurkunde der SSP\" class=\"wp-image-1138\" style=\"width:auto;height:381px\" srcset=\"https:\/\/vrs-ssp.com\/de\/wp-content\/uploads\/sites\/2\/2020\/04\/BSV-1.jpg 450w, https:\/\/vrs-ssp.com\/de\/wp-content\/uploads\/sites\/2\/2020\/04\/BSV-1-208x300.jpg 208w\" sizes=\"auto, (max-width: 450px) 100vw, 450px\" \/><\/figure>\n<\/div>\n\n\n<p class=\"has-text-align-center orange\"><strong><strong>Behindertensportverband<\/strong><\/strong><\/p>\n\n\n\n<hr class=\"wp-block-separator has-css-opacity is-style-wide\"\/>\n\n\n\n<p class=\"has-text-align-center\"><\/p>\n<\/div>\n\n\n\n<div class=\"wp-block-column is-layout-flow wp-block-column-is-layout-flow\"><div class=\"wp-block-image grey\">\n<figure class=\"aligncenter size-full is-resized\"><img loading=\"lazy\" decoding=\"async\" width=\"450\" height=\"650\" src=\"https:\/\/vrs-ssp.com\/de\/wp-content\/uploads\/sites\/2\/2020\/04\/CaritasO\u00d6lang-1.jpg\" alt=\"Foto Caritas O\u00d6 Spende der SSP\" class=\"wp-image-1135\" style=\"width:auto;height:381px\" srcset=\"https:\/\/vrs-ssp.com\/de\/wp-content\/uploads\/sites\/2\/2020\/04\/CaritasO\u00d6lang-1.jpg 450w, https:\/\/vrs-ssp.com\/de\/wp-content\/uploads\/sites\/2\/2020\/04\/CaritasO\u00d6lang-1-208x300.jpg 208w\" sizes=\"auto, (max-width: 450px) 100vw, 450px\" \/><\/figure>\n<\/div>\n\n\n<p class=\"has-text-align-center orange\"><strong><strong>Caritas O\u00d6<\/strong><\/strong><\/p>\n\n\n\n<hr class=\"wp-block-separator has-css-opacity is-style-wide\"\/>\n\n\n\n<p class=\"has-text-align-center\"><\/p>\n<\/div>\n<\/div>\n\n\n\n<div class=\"wp-block-buttons is-layout-flex wp-block-buttons-is-layout-flex\">\n<div class=\"wp-block-button\"><a class=\"wp-block-button__link wp-element-button\" href=\"https:\/\/vrs-ssp.com\/de\/ueber-uns\/\">Mehr \u00fcber vrs-SSP<\/a><\/div>\n<\/div>\n","protected":false},"excerpt":{"rendered":"<p>Social Engagement Unser Unternehmen setzt verst\u00e4rkt auf gesellschaftliches soziales Engagement, um die Chancen von Menschen, die in Notlage geraten sind, bedeutend zu verbessern. Unsere Unterst\u00fctzungen reichen von Deutschkursen f\u00fcr Fl\u00fcchtlinge, \u00fcber F\u00f6rderungen von Menschen mit mentaler Beeintr\u00e4chtigung die ihren sportlichen Aktivit\u00e4ten nachkommen wollen, bis hin zu zielgerichteten finanziellen Beteiligungen f\u00fcr therapeutische Reitstunden von krebskranken Kindern [&hellip;]<\/p>\n","protected":false},"author":1,"featured_media":0,"parent":2079,"menu_order":0,"comment_status":"closed","ping_status":"closed","template":"","meta":{"_acf_changed":false,"footnotes":""},"class_list":["post-238","page","type-page","status-publish","hentry"],"acf":[],"yoast_head":"<!-- This site is optimized with the Yoast SEO plugin v27.4 - https:\/\/yoast.com\/product\/yoast-seo-wordpress\/ -->\n<title>Social Engagement - DE-Sterkl<\/title>\n<meta name=\"robots\" content=\"index, follow, max-snippet:-1, max-image-preview:large, max-video-preview:-1\" \/>\n<link rel=\"canonical\" href=\"https:\/\/vrs-ssp.com\/de\/ueber-uns\/social-engangement\/\" \/>\n<meta property=\"og:locale\" content=\"de_DE\" \/>\n<meta property=\"og:type\" content=\"article\" \/>\n<meta property=\"og:title\" content=\"Social Engagement - DE-Sterkl\" \/>\n<meta property=\"og:description\" content=\"Social Engagement Unser Unternehmen setzt verst\u00e4rkt auf gesellschaftliches soziales Engagement, um die Chancen von Menschen, die in Notlage geraten sind, bedeutend zu verbessern. Unsere Unterst\u00fctzungen reichen von Deutschkursen f\u00fcr Fl\u00fcchtlinge, \u00fcber F\u00f6rderungen von Menschen mit mentaler Beeintr\u00e4chtigung die ihren sportlichen Aktivit\u00e4ten nachkommen wollen, bis hin zu zielgerichteten finanziellen Beteiligungen f\u00fcr therapeutische Reitstunden von krebskranken Kindern [&hellip;]\" \/>\n<meta property=\"og:url\" content=\"https:\/\/vrs-ssp.com\/de\/ueber-uns\/social-engangement\/\" \/>\n<meta property=\"og:site_name\" content=\"DE-Sterkl\" \/>\n<meta property=\"article:modified_time\" content=\"2025-08-21T11:48:08+00:00\" \/>\n<meta property=\"og:image\" content=\"https:\/\/vrs-ssp.com\/de\/wp-content\/uploads\/sites\/2\/2025\/08\/St.-Anna-Kinderkrebs-Forschung-2025-1.png\" \/>\n\t<meta property=\"og:image:width\" content=\"1239\" \/>\n\t<meta property=\"og:image:height\" content=\"877\" \/>\n\t<meta property=\"og:image:type\" content=\"image\/png\" \/>\n<meta name=\"twitter:card\" content=\"summary_large_image\" \/>\n<meta name=\"twitter:label1\" content=\"Gesch\u00e4tzte Lesezeit\" \/>\n\t<meta name=\"twitter:data1\" content=\"3\u00a0Minuten\" \/>\n<script type=\"application\/ld+json\" class=\"yoast-schema-graph\">{\"@context\":\"https:\\\/\\\/schema.org\",\"@graph\":[{\"@type\":\"WebPage\",\"@id\":\"https:\\\/\\\/vrs-ssp.com\\\/de\\\/ueber-uns\\\/social-engangement\\\/\",\"url\":\"https:\\\/\\\/vrs-ssp.com\\\/de\\\/ueber-uns\\\/social-engangement\\\/\",\"name\":\"Social Engagement - DE-Sterkl\",\"isPartOf\":{\"@id\":\"https:\\\/\\\/vrs-ssp.com\\\/de\\\/#website\"},\"primaryImageOfPage\":{\"@id\":\"https:\\\/\\\/vrs-ssp.com\\\/de\\\/ueber-uns\\\/social-engangement\\\/#primaryimage\"},\"image\":{\"@id\":\"https:\\\/\\\/vrs-ssp.com\\\/de\\\/ueber-uns\\\/social-engangement\\\/#primaryimage\"},\"thumbnailUrl\":\"https:\\\/\\\/vrs-ssp.com\\\/de\\\/wp-content\\\/uploads\\\/sites\\\/2\\\/2025\\\/08\\\/St.-Anna-Kinderkrebs-Forschung-2025-1-1024x725.png\",\"datePublished\":\"2019-12-04T12:47:34+00:00\",\"dateModified\":\"2025-08-21T11:48:08+00:00\",\"breadcrumb\":{\"@id\":\"https:\\\/\\\/vrs-ssp.com\\\/de\\\/ueber-uns\\\/social-engangement\\\/#breadcrumb\"},\"inLanguage\":\"de\",\"potentialAction\":[{\"@type\":\"ReadAction\",\"target\":[\"https:\\\/\\\/vrs-ssp.com\\\/de\\\/ueber-uns\\\/social-engangement\\\/\"]}]},{\"@type\":\"ImageObject\",\"inLanguage\":\"de\",\"@id\":\"https:\\\/\\\/vrs-ssp.com\\\/de\\\/ueber-uns\\\/social-engangement\\\/#primaryimage\",\"url\":\"https:\\\/\\\/vrs-ssp.com\\\/de\\\/wp-content\\\/uploads\\\/sites\\\/2\\\/2025\\\/08\\\/St.-Anna-Kinderkrebs-Forschung-2025-1.png\",\"contentUrl\":\"https:\\\/\\\/vrs-ssp.com\\\/de\\\/wp-content\\\/uploads\\\/sites\\\/2\\\/2025\\\/08\\\/St.-Anna-Kinderkrebs-Forschung-2025-1.png\",\"width\":1239,\"height\":877,\"caption\":\"Urkunde Ehrenkunde St. Anna Kinderkrebs-Forschung SSP 2025\"},{\"@type\":\"BreadcrumbList\",\"@id\":\"https:\\\/\\\/vrs-ssp.com\\\/de\\\/ueber-uns\\\/social-engangement\\\/#breadcrumb\",\"itemListElement\":[{\"@type\":\"ListItem\",\"position\":1,\"name\":\"Startseite\",\"item\":\"https:\\\/\\\/vrs-ssp.com\\\/de\\\/\"},{\"@type\":\"ListItem\",\"position\":2,\"name\":\"\u00dcber uns\",\"item\":\"https:\\\/\\\/vrs-ssp.com\\\/de\\\/ueber-uns\\\/\"},{\"@type\":\"ListItem\",\"position\":3,\"name\":\"Social Engagement\"}]},{\"@type\":\"WebSite\",\"@id\":\"https:\\\/\\\/vrs-ssp.com\\\/de\\\/#website\",\"url\":\"https:\\\/\\\/vrs-ssp.com\\\/de\\\/\",\"name\":\"DE-Sterkl\",\"description\":\"Globale L\u00f6sungen. Lokale Expertise.\",\"potentialAction\":[{\"@type\":\"SearchAction\",\"target\":{\"@type\":\"EntryPoint\",\"urlTemplate\":\"https:\\\/\\\/vrs-ssp.com\\\/de\\\/?s={search_term_string}\"},\"query-input\":{\"@type\":\"PropertyValueSpecification\",\"valueRequired\":true,\"valueName\":\"search_term_string\"}}],\"inLanguage\":\"de\"}]}<\/script>\n<!-- \/ Yoast SEO plugin. -->","yoast_head_json":{"title":"Social Engagement - DE-Sterkl","robots":{"index":"index","follow":"follow","max-snippet":"max-snippet:-1","max-image-preview":"max-image-preview:large","max-video-preview":"max-video-preview:-1"},"canonical":"https:\/\/vrs-ssp.com\/de\/ueber-uns\/social-engangement\/","og_locale":"de_DE","og_type":"article","og_title":"Social Engagement - DE-Sterkl","og_description":"Social Engagement Unser Unternehmen setzt verst\u00e4rkt auf gesellschaftliches soziales Engagement, um die Chancen von Menschen, die in Notlage geraten sind, bedeutend zu verbessern. Unsere Unterst\u00fctzungen reichen von Deutschkursen f\u00fcr Fl\u00fcchtlinge, \u00fcber F\u00f6rderungen von Menschen mit mentaler Beeintr\u00e4chtigung die ihren sportlichen Aktivit\u00e4ten nachkommen wollen, bis hin zu zielgerichteten finanziellen Beteiligungen f\u00fcr therapeutische Reitstunden von krebskranken Kindern [&hellip;]","og_url":"https:\/\/vrs-ssp.com\/de\/ueber-uns\/social-engangement\/","og_site_name":"DE-Sterkl","article_modified_time":"2025-08-21T11:48:08+00:00","og_image":[{"width":1239,"height":877,"url":"https:\/\/vrs-ssp.com\/de\/wp-content\/uploads\/sites\/2\/2025\/08\/St.-Anna-Kinderkrebs-Forschung-2025-1.png","type":"image\/png"}],"twitter_card":"summary_large_image","twitter_misc":{"Gesch\u00e4tzte Lesezeit":"3\u00a0Minuten"},"schema":{"@context":"https:\/\/schema.org","@graph":[{"@type":"WebPage","@id":"https:\/\/vrs-ssp.com\/de\/ueber-uns\/social-engangement\/","url":"https:\/\/vrs-ssp.com\/de\/ueber-uns\/social-engangement\/","name":"Social Engagement - DE-Sterkl","isPartOf":{"@id":"https:\/\/vrs-ssp.com\/de\/#website"},"primaryImageOfPage":{"@id":"https:\/\/vrs-ssp.com\/de\/ueber-uns\/social-engangement\/#primaryimage"},"image":{"@id":"https:\/\/vrs-ssp.com\/de\/ueber-uns\/social-engangement\/#primaryimage"},"thumbnailUrl":"https:\/\/vrs-ssp.com\/de\/wp-content\/uploads\/sites\/2\/2025\/08\/St.-Anna-Kinderkrebs-Forschung-2025-1-1024x725.png","datePublished":"2019-12-04T12:47:34+00:00","dateModified":"2025-08-21T11:48:08+00:00","breadcrumb":{"@id":"https:\/\/vrs-ssp.com\/de\/ueber-uns\/social-engangement\/#breadcrumb"},"inLanguage":"de","potentialAction":[{"@type":"ReadAction","target":["https:\/\/vrs-ssp.com\/de\/ueber-uns\/social-engangement\/"]}]},{"@type":"ImageObject","inLanguage":"de","@id":"https:\/\/vrs-ssp.com\/de\/ueber-uns\/social-engangement\/#primaryimage","url":"https:\/\/vrs-ssp.com\/de\/wp-content\/uploads\/sites\/2\/2025\/08\/St.-Anna-Kinderkrebs-Forschung-2025-1.png","contentUrl":"https:\/\/vrs-ssp.com\/de\/wp-content\/uploads\/sites\/2\/2025\/08\/St.-Anna-Kinderkrebs-Forschung-2025-1.png","width":1239,"height":877,"caption":"Urkunde Ehrenkunde St. Anna Kinderkrebs-Forschung SSP 2025"},{"@type":"BreadcrumbList","@id":"https:\/\/vrs-ssp.com\/de\/ueber-uns\/social-engangement\/#breadcrumb","itemListElement":[{"@type":"ListItem","position":1,"name":"Startseite","item":"https:\/\/vrs-ssp.com\/de\/"},{"@type":"ListItem","position":2,"name":"\u00dcber uns","item":"https:\/\/vrs-ssp.com\/de\/ueber-uns\/"},{"@type":"ListItem","position":3,"name":"Social Engagement"}]},{"@type":"WebSite","@id":"https:\/\/vrs-ssp.com\/de\/#website","url":"https:\/\/vrs-ssp.com\/de\/","name":"DE-Sterkl","description":"Globale L\u00f6sungen. Lokale Expertise.","potentialAction":[{"@type":"SearchAction","target":{"@type":"EntryPoint","urlTemplate":"https:\/\/vrs-ssp.com\/de\/?s={search_term_string}"},"query-input":{"@type":"PropertyValueSpecification","valueRequired":true,"valueName":"search_term_string"}}],"inLanguage":"de"}]}},"_links":{"self":[{"href":"https:\/\/vrs-ssp.com\/de\/wp-json\/wp\/v2\/pages\/238","targetHints":{"allow":["GET"]}}],"collection":[{"href":"https:\/\/vrs-ssp.com\/de\/wp-json\/wp\/v2\/pages"}],"about":[{"href":"https:\/\/vrs-ssp.com\/de\/wp-json\/wp\/v2\/types\/page"}],"author":[{"embeddable":true,"href":"https:\/\/vrs-ssp.com\/de\/wp-json\/wp\/v2\/users\/1"}],"replies":[{"embeddable":true,"href":"https:\/\/vrs-ssp.com\/de\/wp-json\/wp\/v2\/comments?post=238"}],"version-history":[{"count":21,"href":"https:\/\/vrs-ssp.com\/de\/wp-json\/wp\/v2\/pages\/238\/revisions"}],"predecessor-version":[{"id":2759,"href":"https:\/\/vrs-ssp.com\/de\/wp-json\/wp\/v2\/pages\/238\/revisions\/2759"}],"up":[{"embeddable":true,"href":"https:\/\/vrs-ssp.com\/de\/wp-json\/wp\/v2\/pages\/2079"}],"wp:attachment":[{"href":"https:\/\/vrs-ssp.com\/de\/wp-json\/wp\/v2\/media?parent=238"}],"curies":[{"name":"wp","href":"https:\/\/api.w.org\/{rel}","templated":true}]}}