{"id":240,"date":"2019-12-04T12:47:39","date_gmt":"2019-12-04T11:47:39","guid":{"rendered":"https:\/\/rel.sterkl.com\/?page_id=240"},"modified":"2025-07-28T15:30:25","modified_gmt":"2025-07-28T13:30:25","slug":"unser-team","status":"publish","type":"page","link":"https:\/\/vrs-ssp.com\/de\/ueber-uns\/unser-team\/","title":{"rendered":"Unser Team"},"content":{"rendered":"\n<h1 class=\"wp-block-heading\">Unser Team<\/h1>\n\n\n\n<p>Vertrauen in ein kompetentes und zuverl\u00e4ssiges Team ist wichtig! Deshalb stellen wir unser Team f\u00fcr die verschiedensten Bereiche unseres Unternehmens vor.<\/p>\n\n\n\n<hr class=\"wp-block-separator has-css-opacity is-style-wide\"\/>\n\n\n\n<div style=\"height:30px\" aria-hidden=\"true\" class=\"wp-block-spacer\"><\/div>\n\n\n\n<h4 class=\"wp-block-heading\"><strong>Lernen Sie uns kennen<\/strong>!<\/h4>\n\n\n\n<div class=\"wp-block-columns is-layout-flex wp-container-core-columns-is-layout-9d6595d7 wp-block-columns-is-layout-flex\">\n<div class=\"wp-block-column is-layout-flow wp-block-column-is-layout-flow\"><\/div>\n\n\n\n<div class=\"wp-block-column is-layout-flow wp-block-column-is-layout-flow\"><div class=\"wp-block-image is-resized grey\">\n<figure class=\"aligncenter size-full\"><img loading=\"lazy\" decoding=\"async\" width=\"480\" height=\"695\" src=\"https:\/\/vrs-ssp.com\/de\/wp-content\/uploads\/sites\/2\/2025\/07\/Sc_480x695.jpg\" alt=\"\" class=\"wp-image-2748\" srcset=\"https:\/\/vrs-ssp.com\/de\/wp-content\/uploads\/sites\/2\/2025\/07\/Sc_480x695.jpg 480w, https:\/\/vrs-ssp.com\/de\/wp-content\/uploads\/sites\/2\/2025\/07\/Sc_480x695-207x300.jpg 207w\" sizes=\"auto, (max-width: 480px) 100vw, 480px\" \/><\/figure>\n<\/div>\n\n\n<p class=\"has-text-align-center orange\"><strong>DI Martin Sch\u00f6rkhuber<\/strong><\/p>\n\n\n\n<hr class=\"wp-block-separator has-css-opacity is-style-wide\"\/>\n\n\n\n<p class=\"has-text-align-center\">CEO&nbsp;<\/p>\n<\/div>\n\n\n\n<div class=\"wp-block-column is-layout-flow wp-block-column-is-layout-flow\"><\/div>\n<\/div>\n\n\n\n<div class=\"wp-block-columns is-layout-flex wp-container-core-columns-is-layout-9d6595d7 wp-block-columns-is-layout-flex\">\n<div class=\"wp-block-column is-layout-flow wp-block-column-is-layout-flow\"><\/div>\n\n\n\n<div class=\"wp-block-column is-layout-flow wp-block-column-is-layout-flow\"><div class=\"wp-block-image is-resized grey\">\n<figure class=\"aligncenter size-full\"><img loading=\"lazy\" decoding=\"async\" width=\"463\" height=\"695\" src=\"https:\/\/vrs-ssp.com\/de\/wp-content\/uploads\/sites\/2\/2025\/07\/Tf_463x695.jpg\" alt=\"\" class=\"wp-image-2749\" srcset=\"https:\/\/vrs-ssp.com\/de\/wp-content\/uploads\/sites\/2\/2025\/07\/Tf_463x695.jpg 463w, https:\/\/vrs-ssp.com\/de\/wp-content\/uploads\/sites\/2\/2025\/07\/Tf_463x695-200x300.jpg 200w\" sizes=\"auto, (max-width: 463px) 100vw, 463px\" \/><\/figure>\n<\/div>\n\n\n<p class=\"has-text-align-center orange\"><strong>Bmstr. DI Thomas Fellner<\/strong><\/p>\n\n\n\n<hr class=\"wp-block-separator has-css-opacity is-style-wide\"\/>\n\n\n\n<p class=\"has-text-align-center\">Managing Director <\/p>\n<\/div>\n\n\n\n<div class=\"wp-block-column is-layout-flow wp-block-column-is-layout-flow\"><div class=\"wp-block-image is-resized grey\">\n<figure class=\"aligncenter size-full\"><img loading=\"lazy\" decoding=\"async\" width=\"463\" height=\"695\" src=\"https:\/\/vrs-ssp.com\/de\/wp-content\/uploads\/sites\/2\/2025\/07\/Gw_463x695.jpg\" alt=\"\" class=\"wp-image-2747\" srcset=\"https:\/\/vrs-ssp.com\/de\/wp-content\/uploads\/sites\/2\/2025\/07\/Gw_463x695.jpg 463w, https:\/\/vrs-ssp.com\/de\/wp-content\/uploads\/sites\/2\/2025\/07\/Gw_463x695-200x300.jpg 200w\" sizes=\"auto, (max-width: 463px) 100vw, 463px\" \/><\/figure>\n<\/div>\n\n\n<p class=\"has-text-align-center orange\"><strong>DI Dr. Wolfgang Gugler<\/strong><\/p>\n\n\n\n<hr class=\"wp-block-separator has-css-opacity is-style-wide\"\/>\n\n\n\n<p class=\"has-text-align-center\">Managing Director<\/p>\n\n\n\n<p><\/p>\n<\/div>\n\n\n\n<div class=\"wp-block-column is-layout-flow wp-block-column-is-layout-flow\"><\/div>\n<\/div>\n\n\n\n<div class=\"wp-block-buttons is-layout-flex wp-block-buttons-is-layout-flex\">\n<div class=\"wp-block-button\"><a class=\"wp-block-button__link wp-element-button\" href=\"https:\/\/vrs-ssp.com\/de\/ueber-uns\/\">Lesen Sie mehr \u00fcber vrs-SSP<\/a><\/div>\n<\/div>\n\n\n\n<p><\/p>\n","protected":false},"excerpt":{"rendered":"<p>Unser Team Vertrauen in ein kompetentes und zuverl\u00e4ssiges Team ist wichtig! Deshalb stellen wir unser Team f\u00fcr die verschiedensten Bereiche unseres Unternehmens vor. Lernen Sie uns kennen! DI Martin Sch\u00f6rkhuber CEO&nbsp; Bmstr. DI Thomas Fellner Managing Director DI Dr. Wolfgang Gugler Managing Director<\/p>\n","protected":false},"author":1,"featured_media":0,"parent":2079,"menu_order":0,"comment_status":"closed","ping_status":"closed","template":"","meta":{"_acf_changed":false,"footnotes":""},"class_list":["post-240","page","type-page","status-publish","hentry"],"acf":[],"yoast_head":"<!-- This site is optimized with the Yoast SEO plugin v27.5 - https:\/\/yoast.com\/product\/yoast-seo-wordpress\/ -->\n<title>Unser Team - DE-Sterkl<\/title>\n<meta name=\"robots\" content=\"index, follow, max-snippet:-1, max-image-preview:large, max-video-preview:-1\" \/>\n<link rel=\"canonical\" href=\"https:\/\/vrs-ssp.com\/de\/ueber-uns\/unser-team\/\" \/>\n<meta property=\"og:locale\" content=\"de_DE\" \/>\n<meta property=\"og:type\" content=\"article\" \/>\n<meta property=\"og:title\" content=\"Unser Team - DE-Sterkl\" \/>\n<meta property=\"og:description\" content=\"Unser Team Vertrauen in ein kompetentes und zuverl\u00e4ssiges Team ist wichtig! Deshalb stellen wir unser Team f\u00fcr die verschiedensten Bereiche unseres Unternehmens vor. Lernen Sie uns kennen! DI Martin Sch\u00f6rkhuber CEO&nbsp; Bmstr. DI Thomas Fellner Managing Director DI Dr. Wolfgang Gugler Managing Director\" \/>\n<meta property=\"og:url\" content=\"https:\/\/vrs-ssp.com\/de\/ueber-uns\/unser-team\/\" \/>\n<meta property=\"og:site_name\" content=\"DE-Sterkl\" \/>\n<meta property=\"article:modified_time\" content=\"2025-07-28T13:30:25+00:00\" \/>\n<meta property=\"og:image\" content=\"https:\/\/vrs-ssp.com\/de\/wp-content\/uploads\/sites\/2\/2025\/07\/Sc_480x695.jpg\" \/>\n\t<meta property=\"og:image:width\" content=\"480\" \/>\n\t<meta property=\"og:image:height\" content=\"695\" \/>\n\t<meta property=\"og:image:type\" content=\"image\/jpeg\" \/>\n<meta name=\"twitter:card\" content=\"summary_large_image\" \/>\n<meta name=\"twitter:label1\" content=\"Gesch\u00e4tzte Lesezeit\" \/>\n\t<meta name=\"twitter:data1\" content=\"1\u00a0Minute\" \/>\n<script type=\"application\/ld+json\" class=\"yoast-schema-graph\">{\"@context\":\"https:\\\/\\\/schema.org\",\"@graph\":[{\"@type\":\"WebPage\",\"@id\":\"https:\\\/\\\/vrs-ssp.com\\\/de\\\/ueber-uns\\\/unser-team\\\/\",\"url\":\"https:\\\/\\\/vrs-ssp.com\\\/de\\\/ueber-uns\\\/unser-team\\\/\",\"name\":\"Unser Team - DE-Sterkl\",\"isPartOf\":{\"@id\":\"https:\\\/\\\/vrs-ssp.com\\\/de\\\/#website\"},\"primaryImageOfPage\":{\"@id\":\"https:\\\/\\\/vrs-ssp.com\\\/de\\\/ueber-uns\\\/unser-team\\\/#primaryimage\"},\"image\":{\"@id\":\"https:\\\/\\\/vrs-ssp.com\\\/de\\\/ueber-uns\\\/unser-team\\\/#primaryimage\"},\"thumbnailUrl\":\"https:\\\/\\\/vrs-ssp.com\\\/de\\\/wp-content\\\/uploads\\\/sites\\\/2\\\/2025\\\/07\\\/Sc_480x695.jpg\",\"datePublished\":\"2019-12-04T11:47:39+00:00\",\"dateModified\":\"2025-07-28T13:30:25+00:00\",\"breadcrumb\":{\"@id\":\"https:\\\/\\\/vrs-ssp.com\\\/de\\\/ueber-uns\\\/unser-team\\\/#breadcrumb\"},\"inLanguage\":\"de\",\"potentialAction\":[{\"@type\":\"ReadAction\",\"target\":[\"https:\\\/\\\/vrs-ssp.com\\\/de\\\/ueber-uns\\\/unser-team\\\/\"]}]},{\"@type\":\"ImageObject\",\"inLanguage\":\"de\",\"@id\":\"https:\\\/\\\/vrs-ssp.com\\\/de\\\/ueber-uns\\\/unser-team\\\/#primaryimage\",\"url\":\"https:\\\/\\\/vrs-ssp.com\\\/de\\\/wp-content\\\/uploads\\\/sites\\\/2\\\/2025\\\/07\\\/Sc_480x695.jpg\",\"contentUrl\":\"https:\\\/\\\/vrs-ssp.com\\\/de\\\/wp-content\\\/uploads\\\/sites\\\/2\\\/2025\\\/07\\\/Sc_480x695.jpg\",\"width\":480,\"height\":695},{\"@type\":\"BreadcrumbList\",\"@id\":\"https:\\\/\\\/vrs-ssp.com\\\/de\\\/ueber-uns\\\/unser-team\\\/#breadcrumb\",\"itemListElement\":[{\"@type\":\"ListItem\",\"position\":1,\"name\":\"Startseite\",\"item\":\"https:\\\/\\\/vrs-ssp.com\\\/de\\\/\"},{\"@type\":\"ListItem\",\"position\":2,\"name\":\"\u00dcber uns\",\"item\":\"https:\\\/\\\/vrs-ssp.com\\\/de\\\/ueber-uns\\\/\"},{\"@type\":\"ListItem\",\"position\":3,\"name\":\"Unser Team\"}]},{\"@type\":\"WebSite\",\"@id\":\"https:\\\/\\\/vrs-ssp.com\\\/de\\\/#website\",\"url\":\"https:\\\/\\\/vrs-ssp.com\\\/de\\\/\",\"name\":\"DE-Sterkl\",\"description\":\"Globale L\u00f6sungen. Lokale Expertise.\",\"potentialAction\":[{\"@type\":\"SearchAction\",\"target\":{\"@type\":\"EntryPoint\",\"urlTemplate\":\"https:\\\/\\\/vrs-ssp.com\\\/de\\\/?s={search_term_string}\"},\"query-input\":{\"@type\":\"PropertyValueSpecification\",\"valueRequired\":true,\"valueName\":\"search_term_string\"}}],\"inLanguage\":\"de\"}]}<\/script>\n<!-- \/ Yoast SEO plugin. -->","yoast_head_json":{"title":"Unser Team - DE-Sterkl","robots":{"index":"index","follow":"follow","max-snippet":"max-snippet:-1","max-image-preview":"max-image-preview:large","max-video-preview":"max-video-preview:-1"},"canonical":"https:\/\/vrs-ssp.com\/de\/ueber-uns\/unser-team\/","og_locale":"de_DE","og_type":"article","og_title":"Unser Team - DE-Sterkl","og_description":"Unser Team Vertrauen in ein kompetentes und zuverl\u00e4ssiges Team ist wichtig! Deshalb stellen wir unser Team f\u00fcr die verschiedensten Bereiche unseres Unternehmens vor. Lernen Sie uns kennen! DI Martin Sch\u00f6rkhuber CEO&nbsp; Bmstr. DI Thomas Fellner Managing Director DI Dr. Wolfgang Gugler Managing Director","og_url":"https:\/\/vrs-ssp.com\/de\/ueber-uns\/unser-team\/","og_site_name":"DE-Sterkl","article_modified_time":"2025-07-28T13:30:25+00:00","og_image":[{"width":480,"height":695,"url":"https:\/\/vrs-ssp.com\/de\/wp-content\/uploads\/sites\/2\/2025\/07\/Sc_480x695.jpg","type":"image\/jpeg"}],"twitter_card":"summary_large_image","twitter_misc":{"Gesch\u00e4tzte Lesezeit":"1\u00a0Minute"},"schema":{"@context":"https:\/\/schema.org","@graph":[{"@type":"WebPage","@id":"https:\/\/vrs-ssp.com\/de\/ueber-uns\/unser-team\/","url":"https:\/\/vrs-ssp.com\/de\/ueber-uns\/unser-team\/","name":"Unser Team - DE-Sterkl","isPartOf":{"@id":"https:\/\/vrs-ssp.com\/de\/#website"},"primaryImageOfPage":{"@id":"https:\/\/vrs-ssp.com\/de\/ueber-uns\/unser-team\/#primaryimage"},"image":{"@id":"https:\/\/vrs-ssp.com\/de\/ueber-uns\/unser-team\/#primaryimage"},"thumbnailUrl":"https:\/\/vrs-ssp.com\/de\/wp-content\/uploads\/sites\/2\/2025\/07\/Sc_480x695.jpg","datePublished":"2019-12-04T11:47:39+00:00","dateModified":"2025-07-28T13:30:25+00:00","breadcrumb":{"@id":"https:\/\/vrs-ssp.com\/de\/ueber-uns\/unser-team\/#breadcrumb"},"inLanguage":"de","potentialAction":[{"@type":"ReadAction","target":["https:\/\/vrs-ssp.com\/de\/ueber-uns\/unser-team\/"]}]},{"@type":"ImageObject","inLanguage":"de","@id":"https:\/\/vrs-ssp.com\/de\/ueber-uns\/unser-team\/#primaryimage","url":"https:\/\/vrs-ssp.com\/de\/wp-content\/uploads\/sites\/2\/2025\/07\/Sc_480x695.jpg","contentUrl":"https:\/\/vrs-ssp.com\/de\/wp-content\/uploads\/sites\/2\/2025\/07\/Sc_480x695.jpg","width":480,"height":695},{"@type":"BreadcrumbList","@id":"https:\/\/vrs-ssp.com\/de\/ueber-uns\/unser-team\/#breadcrumb","itemListElement":[{"@type":"ListItem","position":1,"name":"Startseite","item":"https:\/\/vrs-ssp.com\/de\/"},{"@type":"ListItem","position":2,"name":"\u00dcber uns","item":"https:\/\/vrs-ssp.com\/de\/ueber-uns\/"},{"@type":"ListItem","position":3,"name":"Unser Team"}]},{"@type":"WebSite","@id":"https:\/\/vrs-ssp.com\/de\/#website","url":"https:\/\/vrs-ssp.com\/de\/","name":"DE-Sterkl","description":"Globale L\u00f6sungen. Lokale Expertise.","potentialAction":[{"@type":"SearchAction","target":{"@type":"EntryPoint","urlTemplate":"https:\/\/vrs-ssp.com\/de\/?s={search_term_string}"},"query-input":{"@type":"PropertyValueSpecification","valueRequired":true,"valueName":"search_term_string"}}],"inLanguage":"de"}]}},"_links":{"self":[{"href":"https:\/\/vrs-ssp.com\/de\/wp-json\/wp\/v2\/pages\/240","targetHints":{"allow":["GET"]}}],"collection":[{"href":"https:\/\/vrs-ssp.com\/de\/wp-json\/wp\/v2\/pages"}],"about":[{"href":"https:\/\/vrs-ssp.com\/de\/wp-json\/wp\/v2\/types\/page"}],"author":[{"embeddable":true,"href":"https:\/\/vrs-ssp.com\/de\/wp-json\/wp\/v2\/users\/1"}],"replies":[{"embeddable":true,"href":"https:\/\/vrs-ssp.com\/de\/wp-json\/wp\/v2\/comments?post=240"}],"version-history":[{"count":15,"href":"https:\/\/vrs-ssp.com\/de\/wp-json\/wp\/v2\/pages\/240\/revisions"}],"predecessor-version":[{"id":2750,"href":"https:\/\/vrs-ssp.com\/de\/wp-json\/wp\/v2\/pages\/240\/revisions\/2750"}],"up":[{"embeddable":true,"href":"https:\/\/vrs-ssp.com\/de\/wp-json\/wp\/v2\/pages\/2079"}],"wp:attachment":[{"href":"https:\/\/vrs-ssp.com\/de\/wp-json\/wp\/v2\/media?parent=240"}],"curies":[{"name":"wp","href":"https:\/\/api.w.org\/{rel}","templated":true}]}}