{"id":242,"date":"2019-12-04T12:47:46","date_gmt":"2019-12-04T11:47:46","guid":{"rendered":"https:\/\/rel.sterkl.com\/?page_id=242"},"modified":"2020-08-03T15:44:01","modified_gmt":"2020-08-03T13:44:01","slug":"firmenportrait","status":"publish","type":"page","link":"https:\/\/vrs-ssp.com\/de\/ueber-uns\/firmenportrait\/","title":{"rendered":"Firmenportrait"},"content":{"rendered":"\n<h1 class=\"wp-block-heading\">Firmenportrait<\/h1>\n\n\n\n<div style=\"height:21px\" aria-hidden=\"true\" class=\"wp-block-spacer\"><\/div>\n\n\n\n<p>Seit 1984 gilt die Sterkl, Sch\u00f6rkhuber &amp; Partner GmbH (vormals Sterkl, Sch\u00f6rkhuber &amp; Partner ZT GmbH)&nbsp;als der kompetente Partner f\u00fcr alle Anliegen im bautechnischen Bereich. Mit&nbsp;sieben Tochtergesellschaften,&nbsp;zw\u00f6lf leistungsf\u00e4higen Standorten \u00f6sterreichweit und \u00fcber&nbsp;100 qualifizierten Mitarbeitern bedienen wir inzwischen sieben L\u00e4nder in Zentraleuropa \u2013 nah bei unseren Kunden, und vertraut mit Ihren Anforderungen.<\/p>\n\n\n\n<p>F\u00fcr s\u00e4mtliche Anliegen unserer Auftraggeber setzen wir auf die Erfahrung unserer hausinternen Experten und liefern somit fach\u00fcbergreifend schnelle und kompetente L\u00f6sungen.<\/p>\n\n\n\n<p>Das breite Fachwissen unseres international agierenden Unternehmens wird Ihnen stets mit Rat und Tat zur Seite stehen.<\/p>\n\n\n\n<p><\/p>\n\n\n\n<p><\/p>\n\n\n\n<div style=\"height:20px\" aria-hidden=\"true\" class=\"wp-block-spacer\"><\/div>\n\n\n\n<div class=\"wp-block-buttons is-layout-flex wp-block-buttons-is-layout-flex\">\n<div class=\"wp-block-button\"><a class=\"wp-block-button__link\" href=\"https:\/\/vrs-ssp.com\/de\/unsere-dienstleistungen\/\">Erfahren Sie, in welchen Bereichen wir Sie unterst\u00fctzen k\u00f6nnen<\/a><\/div>\n<\/div>\n","protected":false},"excerpt":{"rendered":"<p>Firmenportrait Seit 1984 gilt die Sterkl, Sch\u00f6rkhuber &amp; Partner GmbH (vormals Sterkl, Sch\u00f6rkhuber &amp; Partner ZT GmbH)&nbsp;als der kompetente Partner f\u00fcr alle Anliegen im bautechnischen Bereich. Mit&nbsp;sieben Tochtergesellschaften,&nbsp;zw\u00f6lf leistungsf\u00e4higen Standorten \u00f6sterreichweit und \u00fcber&nbsp;100 qualifizierten Mitarbeitern bedienen wir inzwischen sieben L\u00e4nder in Zentraleuropa \u2013 nah bei unseren Kunden, und vertraut mit Ihren Anforderungen. F\u00fcr s\u00e4mtliche Anliegen [&hellip;]<\/p>\n","protected":false},"author":1,"featured_media":0,"parent":2079,"menu_order":0,"comment_status":"closed","ping_status":"closed","template":"","meta":{"_acf_changed":false,"footnotes":""},"class_list":["post-242","page","type-page","status-publish","hentry"],"acf":[],"yoast_head":"<!-- This site is optimized with the Yoast SEO plugin v27.4 - https:\/\/yoast.com\/product\/yoast-seo-wordpress\/ -->\n<title>Firmenportrait - DE-Sterkl<\/title>\n<meta name=\"robots\" content=\"index, follow, max-snippet:-1, max-image-preview:large, max-video-preview:-1\" \/>\n<link rel=\"canonical\" href=\"https:\/\/vrs-ssp.com\/de\/ueber-uns\/firmenportrait\/\" \/>\n<meta property=\"og:locale\" content=\"de_DE\" \/>\n<meta property=\"og:type\" content=\"article\" \/>\n<meta property=\"og:title\" content=\"Firmenportrait - DE-Sterkl\" \/>\n<meta property=\"og:description\" content=\"Firmenportrait Seit 1984 gilt die Sterkl, Sch\u00f6rkhuber &amp; Partner GmbH (vormals Sterkl, Sch\u00f6rkhuber &amp; Partner ZT GmbH)&nbsp;als der kompetente Partner f\u00fcr alle Anliegen im bautechnischen Bereich. Mit&nbsp;sieben Tochtergesellschaften,&nbsp;zw\u00f6lf leistungsf\u00e4higen Standorten \u00f6sterreichweit und \u00fcber&nbsp;100 qualifizierten Mitarbeitern bedienen wir inzwischen sieben L\u00e4nder in Zentraleuropa \u2013 nah bei unseren Kunden, und vertraut mit Ihren Anforderungen. F\u00fcr s\u00e4mtliche Anliegen [&hellip;]\" \/>\n<meta property=\"og:url\" content=\"https:\/\/vrs-ssp.com\/de\/ueber-uns\/firmenportrait\/\" \/>\n<meta property=\"og:site_name\" content=\"DE-Sterkl\" \/>\n<meta property=\"article:modified_time\" content=\"2020-08-03T13:44:01+00:00\" \/>\n<meta name=\"twitter:card\" content=\"summary_large_image\" \/>\n<meta name=\"twitter:label1\" content=\"Gesch\u00e4tzte Lesezeit\" \/>\n\t<meta name=\"twitter:data1\" content=\"1\u00a0Minute\" \/>\n<script type=\"application\/ld+json\" class=\"yoast-schema-graph\">{\"@context\":\"https:\\\/\\\/schema.org\",\"@graph\":[{\"@type\":\"WebPage\",\"@id\":\"https:\\\/\\\/vrs-ssp.com\\\/de\\\/ueber-uns\\\/firmenportrait\\\/\",\"url\":\"https:\\\/\\\/vrs-ssp.com\\\/de\\\/ueber-uns\\\/firmenportrait\\\/\",\"name\":\"Firmenportrait - DE-Sterkl\",\"isPartOf\":{\"@id\":\"https:\\\/\\\/vrs-ssp.com\\\/de\\\/#website\"},\"datePublished\":\"2019-12-04T11:47:46+00:00\",\"dateModified\":\"2020-08-03T13:44:01+00:00\",\"breadcrumb\":{\"@id\":\"https:\\\/\\\/vrs-ssp.com\\\/de\\\/ueber-uns\\\/firmenportrait\\\/#breadcrumb\"},\"inLanguage\":\"de\",\"potentialAction\":[{\"@type\":\"ReadAction\",\"target\":[\"https:\\\/\\\/vrs-ssp.com\\\/de\\\/ueber-uns\\\/firmenportrait\\\/\"]}]},{\"@type\":\"BreadcrumbList\",\"@id\":\"https:\\\/\\\/vrs-ssp.com\\\/de\\\/ueber-uns\\\/firmenportrait\\\/#breadcrumb\",\"itemListElement\":[{\"@type\":\"ListItem\",\"position\":1,\"name\":\"Startseite\",\"item\":\"https:\\\/\\\/vrs-ssp.com\\\/de\\\/\"},{\"@type\":\"ListItem\",\"position\":2,\"name\":\"\u00dcber uns\",\"item\":\"https:\\\/\\\/vrs-ssp.com\\\/de\\\/ueber-uns\\\/\"},{\"@type\":\"ListItem\",\"position\":3,\"name\":\"Firmenportrait\"}]},{\"@type\":\"WebSite\",\"@id\":\"https:\\\/\\\/vrs-ssp.com\\\/de\\\/#website\",\"url\":\"https:\\\/\\\/vrs-ssp.com\\\/de\\\/\",\"name\":\"DE-Sterkl\",\"description\":\"Globale L\u00f6sungen. Lokale Expertise.\",\"potentialAction\":[{\"@type\":\"SearchAction\",\"target\":{\"@type\":\"EntryPoint\",\"urlTemplate\":\"https:\\\/\\\/vrs-ssp.com\\\/de\\\/?s={search_term_string}\"},\"query-input\":{\"@type\":\"PropertyValueSpecification\",\"valueRequired\":true,\"valueName\":\"search_term_string\"}}],\"inLanguage\":\"de\"}]}<\/script>\n<!-- \/ Yoast SEO plugin. -->","yoast_head_json":{"title":"Firmenportrait - DE-Sterkl","robots":{"index":"index","follow":"follow","max-snippet":"max-snippet:-1","max-image-preview":"max-image-preview:large","max-video-preview":"max-video-preview:-1"},"canonical":"https:\/\/vrs-ssp.com\/de\/ueber-uns\/firmenportrait\/","og_locale":"de_DE","og_type":"article","og_title":"Firmenportrait - DE-Sterkl","og_description":"Firmenportrait Seit 1984 gilt die Sterkl, Sch\u00f6rkhuber &amp; Partner GmbH (vormals Sterkl, Sch\u00f6rkhuber &amp; Partner ZT GmbH)&nbsp;als der kompetente Partner f\u00fcr alle Anliegen im bautechnischen Bereich. Mit&nbsp;sieben Tochtergesellschaften,&nbsp;zw\u00f6lf leistungsf\u00e4higen Standorten \u00f6sterreichweit und \u00fcber&nbsp;100 qualifizierten Mitarbeitern bedienen wir inzwischen sieben L\u00e4nder in Zentraleuropa \u2013 nah bei unseren Kunden, und vertraut mit Ihren Anforderungen. F\u00fcr s\u00e4mtliche Anliegen [&hellip;]","og_url":"https:\/\/vrs-ssp.com\/de\/ueber-uns\/firmenportrait\/","og_site_name":"DE-Sterkl","article_modified_time":"2020-08-03T13:44:01+00:00","twitter_card":"summary_large_image","twitter_misc":{"Gesch\u00e4tzte Lesezeit":"1\u00a0Minute"},"schema":{"@context":"https:\/\/schema.org","@graph":[{"@type":"WebPage","@id":"https:\/\/vrs-ssp.com\/de\/ueber-uns\/firmenportrait\/","url":"https:\/\/vrs-ssp.com\/de\/ueber-uns\/firmenportrait\/","name":"Firmenportrait - DE-Sterkl","isPartOf":{"@id":"https:\/\/vrs-ssp.com\/de\/#website"},"datePublished":"2019-12-04T11:47:46+00:00","dateModified":"2020-08-03T13:44:01+00:00","breadcrumb":{"@id":"https:\/\/vrs-ssp.com\/de\/ueber-uns\/firmenportrait\/#breadcrumb"},"inLanguage":"de","potentialAction":[{"@type":"ReadAction","target":["https:\/\/vrs-ssp.com\/de\/ueber-uns\/firmenportrait\/"]}]},{"@type":"BreadcrumbList","@id":"https:\/\/vrs-ssp.com\/de\/ueber-uns\/firmenportrait\/#breadcrumb","itemListElement":[{"@type":"ListItem","position":1,"name":"Startseite","item":"https:\/\/vrs-ssp.com\/de\/"},{"@type":"ListItem","position":2,"name":"\u00dcber uns","item":"https:\/\/vrs-ssp.com\/de\/ueber-uns\/"},{"@type":"ListItem","position":3,"name":"Firmenportrait"}]},{"@type":"WebSite","@id":"https:\/\/vrs-ssp.com\/de\/#website","url":"https:\/\/vrs-ssp.com\/de\/","name":"DE-Sterkl","description":"Globale L\u00f6sungen. Lokale Expertise.","potentialAction":[{"@type":"SearchAction","target":{"@type":"EntryPoint","urlTemplate":"https:\/\/vrs-ssp.com\/de\/?s={search_term_string}"},"query-input":{"@type":"PropertyValueSpecification","valueRequired":true,"valueName":"search_term_string"}}],"inLanguage":"de"}]}},"_links":{"self":[{"href":"https:\/\/vrs-ssp.com\/de\/wp-json\/wp\/v2\/pages\/242","targetHints":{"allow":["GET"]}}],"collection":[{"href":"https:\/\/vrs-ssp.com\/de\/wp-json\/wp\/v2\/pages"}],"about":[{"href":"https:\/\/vrs-ssp.com\/de\/wp-json\/wp\/v2\/types\/page"}],"author":[{"embeddable":true,"href":"https:\/\/vrs-ssp.com\/de\/wp-json\/wp\/v2\/users\/1"}],"replies":[{"embeddable":true,"href":"https:\/\/vrs-ssp.com\/de\/wp-json\/wp\/v2\/comments?post=242"}],"version-history":[{"count":6,"href":"https:\/\/vrs-ssp.com\/de\/wp-json\/wp\/v2\/pages\/242\/revisions"}],"predecessor-version":[{"id":2401,"href":"https:\/\/vrs-ssp.com\/de\/wp-json\/wp\/v2\/pages\/242\/revisions\/2401"}],"up":[{"embeddable":true,"href":"https:\/\/vrs-ssp.com\/de\/wp-json\/wp\/v2\/pages\/2079"}],"wp:attachment":[{"href":"https:\/\/vrs-ssp.com\/de\/wp-json\/wp\/v2\/media?parent=242"}],"curies":[{"name":"wp","href":"https:\/\/api.w.org\/{rel}","templated":true}]}}